{"id":874,"date":"2024-01-03T11:49:56","date_gmt":"2024-01-03T11:49:56","guid":{"rendered":"https:\/\/www.riminihotelcavallucciomarino.it\/offerte\/offerte-fiere-lavoro\/speciali-convenzioni-aziendali\/"},"modified":"2025-02-21T08:35:48","modified_gmt":"2025-02-21T08:35:48","slug":"accords-denterpreise-speciaux","status":"publish","type":"page","link":"https:\/\/www.riminihotelcavallucciomarino.it\/fr\/offres\/offres-salons-travail\/accords-denterpreise-speciaux\/","title":{"rendered":"Accords d&rsquo;enterpreise sp\u00e9ciaux"},"content":{"rendered":"<p>L\u2019appart\u2019h\u00f4tel Cavalluccio\u00a0Marino propose des <strong>ACCORDS D\u2019ENTREPRISE SP\u00c9CIAUX<\/strong> \u00e0 toutes les personnes qui voyagent pour affaires \u00e0 Rimini.<\/p>\n<p>Des collaborations commerciales avantageuses pour les entreprises du territoire, pour les soci\u00e9t\u00e9s ayant des agents de passage \u00e0 Rimini et dans la province, et pour les clients et les collaborateurs.<\/p>\n<p><strong>Aucun s\u00e9jour minimum requis et prix bloqu\u00e9.<\/strong><\/p>\n<p>Nous sommes l\u2019appart\u2019h\u00f4tel id\u00e9al pour vos voyages d\u2019affaires, offrant des services, un emplacement et de la qualit\u00e9 tout au long de l\u2019ann\u00e9e.<\/p>\n<h5><stron>Les avantages offerts par nos Accords :<\/strong><\/h5>\n<ul>\n<li>un emplacement en bord de mer<\/li>\n<li>\u00e0 5 minutes de l\u2019autoroute Rimini Nord et \u00e0 10 minutes du parc des expositions ;<\/li>\n<li>un parking gratuit en face de l\u2019h\u00f4tel<\/li>\n<li>des suites confortables avec vue sur la mer<\/li>\n<li>un tarif Bed &amp; Breakfast avantageux et abordable<\/li>\n<li>un petit-d\u00e9jeuner avec buffet copieux ou un petit-d\u00e9jeuner servi directement dans la chambre<\/li>\n<li>une connexion Internet Wi-Fi<\/li>\n<li>un restaurant de poisson et de viande et une pizzeria avec four \u00e0 bois : menu personnalis\u00e9 ou r\u00e9duction de 10 % \u00e0 la carte<\/li>\n<li>de l\u2019eau min\u00e9rale dans le minibar de courtoisie<\/li>\n<li>un coffre-fort pour ordinateur<\/li>\n<li>un h\u00e9bergement, sans suppl\u00e9ment, en chambre Sup\u00e9rieure (sous r\u00e9serve de disponibilit\u00e9s).<\/li>\n<\/ul>\n<p>Choisir <strong>l\u2019appart\u2019h\u00f4tel Cavalluccio Marino <\/strong>comme point de r\u00e9f\u00e9rence pour les <strong>\u00e9v\u00e9nements<\/strong>, les <strong>r\u00e9unions<\/strong>, les simples <strong>s\u00e9jours d\u2019affaires<\/strong> et les pauses de voyage d\u2019affaires, tr\u00e8s confortable et fonctionnel, peut \u00e9galement devenir <strong>\u00e9conomique et avantageux.<\/strong><\/p>\n<p>&nbsp;<\/p>\n<h4><strong>Contactez-nous pour un devis de collaboration et nous vous ferons parvenir notre meilleure proposition.<\/strong><\/h4>\n","protected":false},"excerpt":{"rendered":"<p>L\u2019appart\u2019h\u00f4tel Cavalluccio\u00a0Marino propose des ACCORDS D\u2019ENTREPRISE SP\u00c9CIAUX \u00e0 toutes les personnes qui voyagent pour affaires \u00e0 Rimini. Des collaborations commerciales avantageuses pour les entreprises du territoire, pour les soci\u00e9t\u00e9s ayant des agents de passage \u00e0 Rimini et dans la province, et pour les clients et les collaborateurs. Aucun s\u00e9jour minimum requis et prix bloqu\u00e9. Nous [&hellip;]<\/p>\n","protected":false},"author":12,"featured_media":755,"parent":872,"menu_order":2,"comment_status":"closed","ping_status":"closed","template":"template-single-offer.php","meta":{"footnotes":""},"categories":[47],"class_list":["post-874","page","type-page","status-publish","has-post-thumbnail","hentry","category-offres-salons-travail"],"yoast_head":"<!-- This site is optimized with the Yoast SEO plugin v27.3 - https:\/\/yoast.com\/product\/yoast-seo-wordpress\/ -->\n<title>Accords d&#039;enterpreise sp\u00e9ciaux - Cavalluccio Marino Hotel &amp; Residence<\/title>\n<meta name=\"description\" content=\"L\u2019appart\u2019h\u00f4tel Cavalluccio\u00a0Marino propose des ACCORDS D\u2019ENTREPRISE SP\u00c9CIAUX \u00e0 toutes les personnes qui voyagent pour affaires \u00e0 Rimini.  Des collaborations commerciales avantageuses pour les entreprises du territoire, pour les soci\u00e9t\u00e9s ayant des agents de passage \u00e0 Rimini et dans la province, et pour les clients et les collaborateurs.  Aucun s\u00e9jour minimum requis et prix bloqu\u00e9.  Nous sommes l\u2019appart\u2019h\u00f4tel id\u00e9al pour vos voyages d\u2019affaires, offrant des services, un emplacement et de la qualit\u00e9 tout au long de l\u2019ann\u00e9e. Les avantages offerts par nos Accords :   un emplacement en bord de mer  \u00e0 5 minutes de l\u2019autoroute Rimini Nord et \u00e0 10 minutes du parc des expositions ;  un parking gratuit en face de l\u2019h\u00f4tel  des suites confortables avec vue sur la mer  un tarif Bed &amp; Breakfast avantageux et abordable  un petit-d\u00e9jeuner avec buffet copieux ou un petit-d\u00e9jeuner servi directement dans la chambre  une connexion Internet Wi-Fi  un restaurant de poisson et de viande et une pizzeria avec four \u00e0 bois : menu personnalis\u00e9 ou r\u00e9duction de 10 % \u00e0 la carte  de l\u2019eau min\u00e9rale dans le minibar de courtoisie  un coffre-fort pour ordinateur  un h\u00e9bergement, sans suppl\u00e9ment, en chambre Sup\u00e9rieure (sous r\u00e9serve de disponibilit\u00e9s).  Choisir l\u2019appart\u2019h\u00f4tel Cavalluccio Marino comme point de r\u00e9f\u00e9rence pour les \u00e9v\u00e9nements, les r\u00e9unions, les simples s\u00e9jours d\u2019affaires et les pauses de voyage d\u2019affaires, tr\u00e8s confortable et fonctionnel, peut \u00e9galement devenir \u00e9conomique et avantageux.  &nbsp; Contactez-nous pour un devis de collaboration et nous vous ferons parvenir notre meilleure proposition..\" \/>\n<meta name=\"robots\" content=\"index, follow, max-snippet:-1, max-image-preview:large, max-video-preview:-1\" \/>\n<link rel=\"canonical\" href=\"https:\/\/www.riminihotelcavallucciomarino.it\/fr\/offres\/offres-salons-travail\/accords-denterpreise-speciaux\/\" \/>\n<meta property=\"og:locale\" content=\"fr_FR\" \/>\n<meta property=\"og:type\" content=\"article\" \/>\n<meta property=\"og:title\" content=\"Accords d&#039;enterpreise sp\u00e9ciaux - Cavalluccio Marino Hotel &amp; Residence\" \/>\n<meta property=\"og:description\" content=\"L\u2019appart\u2019h\u00f4tel Cavalluccio\u00a0Marino propose des ACCORDS D\u2019ENTREPRISE SP\u00c9CIAUX \u00e0 toutes les personnes qui voyagent pour affaires \u00e0 Rimini.  Des collaborations commerciales avantageuses pour les entreprises du territoire, pour les soci\u00e9t\u00e9s ayant des agents de passage \u00e0 Rimini et dans la province, et pour les clients et les collaborateurs.  Aucun s\u00e9jour minimum requis et prix bloqu\u00e9.  Nous sommes l\u2019appart\u2019h\u00f4tel id\u00e9al pour vos voyages d\u2019affaires, offrant des services, un emplacement et de la qualit\u00e9 tout au long de l\u2019ann\u00e9e. Les avantages offerts par nos Accords :   un emplacement en bord de mer  \u00e0 5 minutes de l\u2019autoroute Rimini Nord et \u00e0 10 minutes du parc des expositions ;  un parking gratuit en face de l\u2019h\u00f4tel  des suites confortables avec vue sur la mer  un tarif Bed &amp; Breakfast avantageux et abordable  un petit-d\u00e9jeuner avec buffet copieux ou un petit-d\u00e9jeuner servi directement dans la chambre  une connexion Internet Wi-Fi  un restaurant de poisson et de viande et une pizzeria avec four \u00e0 bois : menu personnalis\u00e9 ou r\u00e9duction de 10 % \u00e0 la carte  de l\u2019eau min\u00e9rale dans le minibar de courtoisie  un coffre-fort pour ordinateur  un h\u00e9bergement, sans suppl\u00e9ment, en chambre Sup\u00e9rieure (sous r\u00e9serve de disponibilit\u00e9s).  Choisir l\u2019appart\u2019h\u00f4tel Cavalluccio Marino comme point de r\u00e9f\u00e9rence pour les \u00e9v\u00e9nements, les r\u00e9unions, les simples s\u00e9jours d\u2019affaires et les pauses de voyage d\u2019affaires, tr\u00e8s confortable et fonctionnel, peut \u00e9galement devenir \u00e9conomique et avantageux.  &nbsp; Contactez-nous pour un devis de collaboration et nous vous ferons parvenir notre meilleure proposition..\" \/>\n<meta property=\"og:url\" content=\"https:\/\/www.riminihotelcavallucciomarino.it\/fr\/offres\/offres-salons-travail\/accords-denterpreise-speciaux\/\" \/>\n<meta property=\"og:site_name\" content=\"Cavalluccio Marino Hotel &amp; Residence\" \/>\n<meta property=\"article:publisher\" content=\"https:\/\/www.facebook.com\/HotelCavalluccioMarino.Rimini\" \/>\n<meta property=\"article:modified_time\" content=\"2025-02-21T08:35:48+00:00\" \/>\n<meta property=\"og:image\" content=\"https:\/\/www.riminihotelcavallucciomarino.it\/wp-content\/uploads\/sites\/89\/2024\/01\/convenzione.jpg\" \/>\n\t<meta property=\"og:image:width\" content=\"1300\" \/>\n\t<meta property=\"og:image:height\" content=\"900\" \/>\n\t<meta property=\"og:image:type\" content=\"image\/jpeg\" \/>\n<meta name=\"twitter:card\" content=\"summary_large_image\" \/>\n<meta name=\"twitter:label1\" content=\"Dur\u00e9e de lecture estim\u00e9e\" \/>\n\t<meta name=\"twitter:data1\" content=\"2 minutes\" \/>\n<script type=\"application\/ld+json\" class=\"yoast-schema-graph\">{\"@context\":\"https:\\\/\\\/schema.org\",\"@graph\":[{\"@type\":\"WebPage\",\"@id\":\"https:\\\/\\\/www.riminihotelcavallucciomarino.it\\\/fr\\\/offres\\\/offres-salons-travail\\\/accords-denterpreise-speciaux\\\/\",\"url\":\"https:\\\/\\\/www.riminihotelcavallucciomarino.it\\\/fr\\\/offres\\\/offres-salons-travail\\\/accords-denterpreise-speciaux\\\/\",\"name\":\"Accords d'enterpreise sp\u00e9ciaux - Cavalluccio Marino Hotel & Residence\",\"isPartOf\":{\"@id\":\"https:\\\/\\\/www.riminihotelcavallucciomarino.it\\\/fr\\\/#website\"},\"primaryImageOfPage\":{\"@id\":\"https:\\\/\\\/www.riminihotelcavallucciomarino.it\\\/fr\\\/offres\\\/offres-salons-travail\\\/accords-denterpreise-speciaux\\\/#primaryimage\"},\"image\":{\"@id\":\"https:\\\/\\\/www.riminihotelcavallucciomarino.it\\\/fr\\\/offres\\\/offres-salons-travail\\\/accords-denterpreise-speciaux\\\/#primaryimage\"},\"thumbnailUrl\":\"https:\\\/\\\/www.riminihotelcavallucciomarino.it\\\/wp-content\\\/uploads\\\/sites\\\/89\\\/2024\\\/01\\\/convenzione.jpg\",\"datePublished\":\"2024-01-03T11:49:56+00:00\",\"dateModified\":\"2025-02-21T08:35:48+00:00\",\"description\":\"L\u2019appart\u2019h\u00f4tel Cavalluccio\u00a0Marino propose des ACCORDS D\u2019ENTREPRISE SP\u00c9CIAUX \u00e0 toutes les personnes qui voyagent pour affaires \u00e0 Rimini. Des collaborations commerciales avantageuses pour les entreprises du territoire, pour les soci\u00e9t\u00e9s ayant des agents de passage \u00e0 Rimini et dans la province, et pour les clients et les collaborateurs. Aucun s\u00e9jour minimum requis et prix bloqu\u00e9. Nous sommes l\u2019appart\u2019h\u00f4tel id\u00e9al pour vos voyages d\u2019affaires, offrant des services, un emplacement et de la qualit\u00e9 tout au long de l\u2019ann\u00e9e. Les avantages offerts par nos Accords : \u2022 un emplacement en bord de mer \u2022 \u00e0 5 minutes de l\u2019autoroute Rimini Nord et \u00e0 10 minutes du parc des expositions ; \u2022 un parking gratuit en face de l\u2019h\u00f4tel \u2022 des suites confortables avec vue sur la mer \u2022 un tarif Bed &amp; Breakfast avantageux et abordable \u2022 un petit-d\u00e9jeuner avec buffet copieux ou un petit-d\u00e9jeuner servi directement dans la chambre \u2022 une connexion Internet Wi-Fi \u2022 un restaurant de poisson et de viande et une pizzeria avec four \u00e0 bois : menu personnalis\u00e9 ou r\u00e9duction de 10 % \u00e0 la carte \u2022 de l\u2019eau min\u00e9rale dans le minibar de courtoisie \u2022 un coffre-fort pour ordinateur \u2022 un h\u00e9bergement, sans suppl\u00e9ment, en chambre Sup\u00e9rieure (sous r\u00e9serve de disponibilit\u00e9s). Choisir l\u2019appart\u2019h\u00f4tel Cavalluccio Marino comme point de r\u00e9f\u00e9rence pour les \u00e9v\u00e9nements, les r\u00e9unions, les simples s\u00e9jours d\u2019affaires et les pauses de voyage d\u2019affaires, tr\u00e8s confortable et fonctionnel, peut \u00e9galement devenir \u00e9conomique et avantageux. &nbsp; Contactez-nous pour un devis de collaboration et nous vous ferons parvenir notre meilleure proposition. .\",\"breadcrumb\":{\"@id\":\"https:\\\/\\\/www.riminihotelcavallucciomarino.it\\\/fr\\\/offres\\\/offres-salons-travail\\\/accords-denterpreise-speciaux\\\/#breadcrumb\"},\"inLanguage\":\"fr-FR\",\"potentialAction\":[{\"@type\":\"ReadAction\",\"target\":[\"https:\\\/\\\/www.riminihotelcavallucciomarino.it\\\/fr\\\/offres\\\/offres-salons-travail\\\/accords-denterpreise-speciaux\\\/\"]}]},{\"@type\":\"ImageObject\",\"inLanguage\":\"fr-FR\",\"@id\":\"https:\\\/\\\/www.riminihotelcavallucciomarino.it\\\/fr\\\/offres\\\/offres-salons-travail\\\/accords-denterpreise-speciaux\\\/#primaryimage\",\"url\":\"https:\\\/\\\/www.riminihotelcavallucciomarino.it\\\/wp-content\\\/uploads\\\/sites\\\/89\\\/2024\\\/01\\\/convenzione.jpg\",\"contentUrl\":\"https:\\\/\\\/www.riminihotelcavallucciomarino.it\\\/wp-content\\\/uploads\\\/sites\\\/89\\\/2024\\\/01\\\/convenzione.jpg\",\"width\":1300,\"height\":900},{\"@type\":\"BreadcrumbList\",\"@id\":\"https:\\\/\\\/www.riminihotelcavallucciomarino.it\\\/fr\\\/offres\\\/offres-salons-travail\\\/accords-denterpreise-speciaux\\\/#breadcrumb\",\"itemListElement\":[{\"@type\":\"ListItem\",\"position\":1,\"name\":\"Home\",\"item\":\"https:\\\/\\\/www.riminihotelcavallucciomarino.it\\\/fr\\\/\"},{\"@type\":\"ListItem\",\"position\":2,\"name\":\"Offres\",\"item\":\"https:\\\/\\\/www.riminihotelcavallucciomarino.it\\\/fr\\\/offres\\\/\"},{\"@type\":\"ListItem\",\"position\":3,\"name\":\"Offres Salons\\\/Travail\",\"item\":\"https:\\\/\\\/www.riminihotelcavallucciomarino.it\\\/fr\\\/offres\\\/offres-salons-travail\\\/\"},{\"@type\":\"ListItem\",\"position\":4,\"name\":\"Accords d&#8217;enterpreise sp\u00e9ciaux\"}]},{\"@type\":\"WebSite\",\"@id\":\"https:\\\/\\\/www.riminihotelcavallucciomarino.it\\\/fr\\\/#website\",\"url\":\"https:\\\/\\\/www.riminihotelcavallucciomarino.it\\\/fr\\\/\",\"name\":\"Cavalluccio Marino Hotel & Residence\",\"description\":\"\",\"publisher\":{\"@id\":\"https:\\\/\\\/www.riminihotelcavallucciomarino.it\\\/fr\\\/#organization\"},\"potentialAction\":[{\"@type\":\"SearchAction\",\"target\":{\"@type\":\"EntryPoint\",\"urlTemplate\":\"https:\\\/\\\/www.riminihotelcavallucciomarino.it\\\/fr\\\/?s={search_term_string}\"},\"query-input\":{\"@type\":\"PropertyValueSpecification\",\"valueRequired\":true,\"valueName\":\"search_term_string\"}}],\"inLanguage\":\"fr-FR\"},{\"@type\":\"Organization\",\"@id\":\"https:\\\/\\\/www.riminihotelcavallucciomarino.it\\\/fr\\\/#organization\",\"name\":\"Cavalluccio Marino Hotel & Residence\",\"url\":\"https:\\\/\\\/www.riminihotelcavallucciomarino.it\\\/fr\\\/\",\"logo\":{\"@type\":\"ImageObject\",\"inLanguage\":\"fr-FR\",\"@id\":\"https:\\\/\\\/www.riminihotelcavallucciomarino.it\\\/fr\\\/#\\\/schema\\\/logo\\\/image\\\/\",\"url\":\"https:\\\/\\\/cavalluccio-marino.ms2.decms.eu\\\/wp-content\\\/uploads\\\/sites\\\/89\\\/2023\\\/12\\\/logo-grande-cavalluccio.png\",\"contentUrl\":\"https:\\\/\\\/cavalluccio-marino.ms2.decms.eu\\\/wp-content\\\/uploads\\\/sites\\\/89\\\/2023\\\/12\\\/logo-grande-cavalluccio.png\",\"width\":328,\"height\":167,\"caption\":\"Cavalluccio Marino Hotel & Residence\"},\"image\":{\"@id\":\"https:\\\/\\\/www.riminihotelcavallucciomarino.it\\\/fr\\\/#\\\/schema\\\/logo\\\/image\\\/\"},\"sameAs\":[\"https:\\\/\\\/www.facebook.com\\\/HotelCavalluccioMarino.Rimini\",\"https:\\\/\\\/www.instagram.com\\\/hotel.cavallucciomarino\\\/\"]}]}<\/script>\n<!-- \/ Yoast SEO plugin. -->","yoast_head_json":{"title":"Accords d'enterpreise sp\u00e9ciaux - Cavalluccio Marino Hotel & Residence","description":"L\u2019appart\u2019h\u00f4tel Cavalluccio\u00a0Marino propose des ACCORDS D\u2019ENTREPRISE SP\u00c9CIAUX \u00e0 toutes les personnes qui voyagent pour affaires \u00e0 Rimini.  Des collaborations commerciales avantageuses pour les entreprises du territoire, pour les soci\u00e9t\u00e9s ayant des agents de passage \u00e0 Rimini et dans la province, et pour les clients et les collaborateurs.  Aucun s\u00e9jour minimum requis et prix bloqu\u00e9.  Nous sommes l\u2019appart\u2019h\u00f4tel id\u00e9al pour vos voyages d\u2019affaires, offrant des services, un emplacement et de la qualit\u00e9 tout au long de l\u2019ann\u00e9e. Les avantages offerts par nos Accords :   un emplacement en bord de mer  \u00e0 5 minutes de l\u2019autoroute Rimini Nord et \u00e0 10 minutes du parc des expositions ;  un parking gratuit en face de l\u2019h\u00f4tel  des suites confortables avec vue sur la mer  un tarif Bed &amp; Breakfast avantageux et abordable  un petit-d\u00e9jeuner avec buffet copieux ou un petit-d\u00e9jeuner servi directement dans la chambre  une connexion Internet Wi-Fi  un restaurant de poisson et de viande et une pizzeria avec four \u00e0 bois : menu personnalis\u00e9 ou r\u00e9duction de 10 % \u00e0 la carte  de l\u2019eau min\u00e9rale dans le minibar de courtoisie  un coffre-fort pour ordinateur  un h\u00e9bergement, sans suppl\u00e9ment, en chambre Sup\u00e9rieure (sous r\u00e9serve de disponibilit\u00e9s).  Choisir l\u2019appart\u2019h\u00f4tel Cavalluccio Marino comme point de r\u00e9f\u00e9rence pour les \u00e9v\u00e9nements, les r\u00e9unions, les simples s\u00e9jours d\u2019affaires et les pauses de voyage d\u2019affaires, tr\u00e8s confortable et fonctionnel, peut \u00e9galement devenir \u00e9conomique et avantageux.  &nbsp; Contactez-nous pour un devis de collaboration et nous vous ferons parvenir notre meilleure proposition..","robots":{"index":"index","follow":"follow","max-snippet":"max-snippet:-1","max-image-preview":"max-image-preview:large","max-video-preview":"max-video-preview:-1"},"canonical":"https:\/\/www.riminihotelcavallucciomarino.it\/fr\/offres\/offres-salons-travail\/accords-denterpreise-speciaux\/","og_locale":"fr_FR","og_type":"article","og_title":"Accords d'enterpreise sp\u00e9ciaux - Cavalluccio Marino Hotel & Residence","og_description":"L\u2019appart\u2019h\u00f4tel Cavalluccio\u00a0Marino propose des ACCORDS D\u2019ENTREPRISE SP\u00c9CIAUX \u00e0 toutes les personnes qui voyagent pour affaires \u00e0 Rimini.  Des collaborations commerciales avantageuses pour les entreprises du territoire, pour les soci\u00e9t\u00e9s ayant des agents de passage \u00e0 Rimini et dans la province, et pour les clients et les collaborateurs.  Aucun s\u00e9jour minimum requis et prix bloqu\u00e9.  Nous sommes l\u2019appart\u2019h\u00f4tel id\u00e9al pour vos voyages d\u2019affaires, offrant des services, un emplacement et de la qualit\u00e9 tout au long de l\u2019ann\u00e9e. Les avantages offerts par nos Accords :   un emplacement en bord de mer  \u00e0 5 minutes de l\u2019autoroute Rimini Nord et \u00e0 10 minutes du parc des expositions ;  un parking gratuit en face de l\u2019h\u00f4tel  des suites confortables avec vue sur la mer  un tarif Bed &amp; Breakfast avantageux et abordable  un petit-d\u00e9jeuner avec buffet copieux ou un petit-d\u00e9jeuner servi directement dans la chambre  une connexion Internet Wi-Fi  un restaurant de poisson et de viande et une pizzeria avec four \u00e0 bois : menu personnalis\u00e9 ou r\u00e9duction de 10 % \u00e0 la carte  de l\u2019eau min\u00e9rale dans le minibar de courtoisie  un coffre-fort pour ordinateur  un h\u00e9bergement, sans suppl\u00e9ment, en chambre Sup\u00e9rieure (sous r\u00e9serve de disponibilit\u00e9s).  Choisir l\u2019appart\u2019h\u00f4tel Cavalluccio Marino comme point de r\u00e9f\u00e9rence pour les \u00e9v\u00e9nements, les r\u00e9unions, les simples s\u00e9jours d\u2019affaires et les pauses de voyage d\u2019affaires, tr\u00e8s confortable et fonctionnel, peut \u00e9galement devenir \u00e9conomique et avantageux.  &nbsp; Contactez-nous pour un devis de collaboration et nous vous ferons parvenir notre meilleure proposition..","og_url":"https:\/\/www.riminihotelcavallucciomarino.it\/fr\/offres\/offres-salons-travail\/accords-denterpreise-speciaux\/","og_site_name":"Cavalluccio Marino Hotel & Residence","article_publisher":"https:\/\/www.facebook.com\/HotelCavalluccioMarino.Rimini","article_modified_time":"2025-02-21T08:35:48+00:00","og_image":[{"width":1300,"height":900,"url":"https:\/\/www.riminihotelcavallucciomarino.it\/wp-content\/uploads\/sites\/89\/2024\/01\/convenzione.jpg","type":"image\/jpeg"}],"twitter_card":"summary_large_image","twitter_misc":{"Dur\u00e9e de lecture estim\u00e9e":"2 minutes"},"schema":{"@context":"https:\/\/schema.org","@graph":[{"@type":"WebPage","@id":"https:\/\/www.riminihotelcavallucciomarino.it\/fr\/offres\/offres-salons-travail\/accords-denterpreise-speciaux\/","url":"https:\/\/www.riminihotelcavallucciomarino.it\/fr\/offres\/offres-salons-travail\/accords-denterpreise-speciaux\/","name":"Accords d'enterpreise sp\u00e9ciaux - Cavalluccio Marino Hotel & Residence","isPartOf":{"@id":"https:\/\/www.riminihotelcavallucciomarino.it\/fr\/#website"},"primaryImageOfPage":{"@id":"https:\/\/www.riminihotelcavallucciomarino.it\/fr\/offres\/offres-salons-travail\/accords-denterpreise-speciaux\/#primaryimage"},"image":{"@id":"https:\/\/www.riminihotelcavallucciomarino.it\/fr\/offres\/offres-salons-travail\/accords-denterpreise-speciaux\/#primaryimage"},"thumbnailUrl":"https:\/\/www.riminihotelcavallucciomarino.it\/wp-content\/uploads\/sites\/89\/2024\/01\/convenzione.jpg","datePublished":"2024-01-03T11:49:56+00:00","dateModified":"2025-02-21T08:35:48+00:00","description":"L\u2019appart\u2019h\u00f4tel Cavalluccio\u00a0Marino propose des ACCORDS D\u2019ENTREPRISE SP\u00c9CIAUX \u00e0 toutes les personnes qui voyagent pour affaires \u00e0 Rimini. Des collaborations commerciales avantageuses pour les entreprises du territoire, pour les soci\u00e9t\u00e9s ayant des agents de passage \u00e0 Rimini et dans la province, et pour les clients et les collaborateurs. Aucun s\u00e9jour minimum requis et prix bloqu\u00e9. Nous sommes l\u2019appart\u2019h\u00f4tel id\u00e9al pour vos voyages d\u2019affaires, offrant des services, un emplacement et de la qualit\u00e9 tout au long de l\u2019ann\u00e9e. Les avantages offerts par nos Accords : \u2022 un emplacement en bord de mer \u2022 \u00e0 5 minutes de l\u2019autoroute Rimini Nord et \u00e0 10 minutes du parc des expositions ; \u2022 un parking gratuit en face de l\u2019h\u00f4tel \u2022 des suites confortables avec vue sur la mer \u2022 un tarif Bed &amp; Breakfast avantageux et abordable \u2022 un petit-d\u00e9jeuner avec buffet copieux ou un petit-d\u00e9jeuner servi directement dans la chambre \u2022 une connexion Internet Wi-Fi \u2022 un restaurant de poisson et de viande et une pizzeria avec four \u00e0 bois : menu personnalis\u00e9 ou r\u00e9duction de 10 % \u00e0 la carte \u2022 de l\u2019eau min\u00e9rale dans le minibar de courtoisie \u2022 un coffre-fort pour ordinateur \u2022 un h\u00e9bergement, sans suppl\u00e9ment, en chambre Sup\u00e9rieure (sous r\u00e9serve de disponibilit\u00e9s). Choisir l\u2019appart\u2019h\u00f4tel Cavalluccio Marino comme point de r\u00e9f\u00e9rence pour les \u00e9v\u00e9nements, les r\u00e9unions, les simples s\u00e9jours d\u2019affaires et les pauses de voyage d\u2019affaires, tr\u00e8s confortable et fonctionnel, peut \u00e9galement devenir \u00e9conomique et avantageux. &nbsp; Contactez-nous pour un devis de collaboration et nous vous ferons parvenir notre meilleure proposition. .","breadcrumb":{"@id":"https:\/\/www.riminihotelcavallucciomarino.it\/fr\/offres\/offres-salons-travail\/accords-denterpreise-speciaux\/#breadcrumb"},"inLanguage":"fr-FR","potentialAction":[{"@type":"ReadAction","target":["https:\/\/www.riminihotelcavallucciomarino.it\/fr\/offres\/offres-salons-travail\/accords-denterpreise-speciaux\/"]}]},{"@type":"ImageObject","inLanguage":"fr-FR","@id":"https:\/\/www.riminihotelcavallucciomarino.it\/fr\/offres\/offres-salons-travail\/accords-denterpreise-speciaux\/#primaryimage","url":"https:\/\/www.riminihotelcavallucciomarino.it\/wp-content\/uploads\/sites\/89\/2024\/01\/convenzione.jpg","contentUrl":"https:\/\/www.riminihotelcavallucciomarino.it\/wp-content\/uploads\/sites\/89\/2024\/01\/convenzione.jpg","width":1300,"height":900},{"@type":"BreadcrumbList","@id":"https:\/\/www.riminihotelcavallucciomarino.it\/fr\/offres\/offres-salons-travail\/accords-denterpreise-speciaux\/#breadcrumb","itemListElement":[{"@type":"ListItem","position":1,"name":"Home","item":"https:\/\/www.riminihotelcavallucciomarino.it\/fr\/"},{"@type":"ListItem","position":2,"name":"Offres","item":"https:\/\/www.riminihotelcavallucciomarino.it\/fr\/offres\/"},{"@type":"ListItem","position":3,"name":"Offres Salons\/Travail","item":"https:\/\/www.riminihotelcavallucciomarino.it\/fr\/offres\/offres-salons-travail\/"},{"@type":"ListItem","position":4,"name":"Accords d&#8217;enterpreise sp\u00e9ciaux"}]},{"@type":"WebSite","@id":"https:\/\/www.riminihotelcavallucciomarino.it\/fr\/#website","url":"https:\/\/www.riminihotelcavallucciomarino.it\/fr\/","name":"Cavalluccio Marino Hotel & Residence","description":"","publisher":{"@id":"https:\/\/www.riminihotelcavallucciomarino.it\/fr\/#organization"},"potentialAction":[{"@type":"SearchAction","target":{"@type":"EntryPoint","urlTemplate":"https:\/\/www.riminihotelcavallucciomarino.it\/fr\/?s={search_term_string}"},"query-input":{"@type":"PropertyValueSpecification","valueRequired":true,"valueName":"search_term_string"}}],"inLanguage":"fr-FR"},{"@type":"Organization","@id":"https:\/\/www.riminihotelcavallucciomarino.it\/fr\/#organization","name":"Cavalluccio Marino Hotel & Residence","url":"https:\/\/www.riminihotelcavallucciomarino.it\/fr\/","logo":{"@type":"ImageObject","inLanguage":"fr-FR","@id":"https:\/\/www.riminihotelcavallucciomarino.it\/fr\/#\/schema\/logo\/image\/","url":"https:\/\/cavalluccio-marino.ms2.decms.eu\/wp-content\/uploads\/sites\/89\/2023\/12\/logo-grande-cavalluccio.png","contentUrl":"https:\/\/cavalluccio-marino.ms2.decms.eu\/wp-content\/uploads\/sites\/89\/2023\/12\/logo-grande-cavalluccio.png","width":328,"height":167,"caption":"Cavalluccio Marino Hotel & Residence"},"image":{"@id":"https:\/\/www.riminihotelcavallucciomarino.it\/fr\/#\/schema\/logo\/image\/"},"sameAs":["https:\/\/www.facebook.com\/HotelCavalluccioMarino.Rimini","https:\/\/www.instagram.com\/hotel.cavallucciomarino\/"]}]}},"acf":[],"_links":{"self":[{"href":"https:\/\/www.riminihotelcavallucciomarino.it\/fr\/wp-json\/wp\/v2\/pages\/874","targetHints":{"allow":["GET"]}}],"collection":[{"href":"https:\/\/www.riminihotelcavallucciomarino.it\/fr\/wp-json\/wp\/v2\/pages"}],"about":[{"href":"https:\/\/www.riminihotelcavallucciomarino.it\/fr\/wp-json\/wp\/v2\/types\/page"}],"author":[{"embeddable":true,"href":"https:\/\/www.riminihotelcavallucciomarino.it\/fr\/wp-json\/wp\/v2\/users\/12"}],"replies":[{"embeddable":true,"href":"https:\/\/www.riminihotelcavallucciomarino.it\/fr\/wp-json\/wp\/v2\/comments?post=874"}],"version-history":[{"count":0,"href":"https:\/\/www.riminihotelcavallucciomarino.it\/fr\/wp-json\/wp\/v2\/pages\/874\/revisions"}],"up":[{"embeddable":true,"href":"https:\/\/www.riminihotelcavallucciomarino.it\/fr\/wp-json\/wp\/v2\/pages\/872"}],"wp:featuredmedia":[{"embeddable":true,"href":"https:\/\/www.riminihotelcavallucciomarino.it\/fr\/wp-json\/wp\/v2\/media\/755"}],"wp:attachment":[{"href":"https:\/\/www.riminihotelcavallucciomarino.it\/fr\/wp-json\/wp\/v2\/media?parent=874"}],"wp:term":[{"taxonomy":"category","embeddable":true,"href":"https:\/\/www.riminihotelcavallucciomarino.it\/fr\/wp-json\/wp\/v2\/categories?post=874"}],"curies":[{"name":"wp","href":"https:\/\/api.w.org\/{rel}","templated":true}]}}