{"id":870,"date":"2024-01-03T15:02:18","date_gmt":"2024-01-03T15:02:18","guid":{"rendered":"https:\/\/www.riminihotelcavallucciomarino.it\/offerte\/offerte-vacanze\/offerta-maggio-giugno-2024\/"},"modified":"2026-01-03T14:07:49","modified_gmt":"2026-01-03T14:07:49","slug":"offre-mai-juin-2026","status":"publish","type":"page","link":"https:\/\/www.riminihotelcavallucciomarino.it\/fr\/offres\/offre-vacances\/offre-mai-juin-2026\/","title":{"rendered":"Offre mai &#8211; Juin 2026"},"content":{"rendered":"<h4><em>Courez \u00e0 la plage pour profiter des premiers rayons de soleil !<\/em><\/h4>\n<p>Une super offre pour mai dans notre appart\u2019h\u00f4tel, directement sur la mer, id\u00e9al pour <strong>les familles avec enfants<\/strong> et pour tous les amoureux de la <strong>Riviera romagnole<\/strong>.<br \/>\nDu 9 mai au 23 juin, avec tous les services d\u00e9j\u00e0 inclus pour vous permettre de profiter de merveilleuses vacances.<\/p>\n<p>&nbsp;<\/p>\n<h5>Notre offre en B&amp;B avec les services suivants :<\/h5>\n<ul>\n<li>un s\u00e9jour dans une chambre insonoris\u00e9e avec vue sur la mer, t\u00e9l\u00e9vision, minibar, coffre-fort, rideaux occultants, pantoufles et riche kit de courtoisie<\/li>\n<li>un petit-d\u00e9jeuner disponible jusqu\u2019\u00e0 10 h 30 avec menu \u00e0 la carte servi dans la suite;<\/li>\n<li>un <strong>parking<\/strong> gratuit dans l\u2019h\u00f4tel<\/li>\n<li>la possibilit\u00e9 d\u2019utiliser une <strong>borne pour voitures \u00e9lectriques<\/strong><\/li>\n<li>le Wi-Fi <strong>gratuit<\/strong><\/li>\n<li>10 % de r\u00e9duction dans notre restaurant <strong>\u00ab\u00a0Altamarea\u00a0\u00bb<\/strong> situ\u00e9 en face de l\u2019h\u00f4tel;<\/li>\n<\/ul>\n<p>\u00c0 partir de <strong>\u20ac 90,00<\/strong> pour 2 personnes (minimum 5 nuits)<\/p>\n<h3>Envie d\u2019\u00eatre libre et de profiter de vos vacances en toute d\u00e9tente et sans contraintes&#8230; ?<\/h3>\n<p><strong>Voici notre offre en formule R\u00e9sidence en suite deux pi\u00e8ces :<\/strong><\/p>\n<ul>\n<li>linge de chambre et de toilette (3 serviettes de toilette + drap + taie d\u2019oreiller) par personne<\/li>\n<li>changement des serviettes tous les 3 jours<\/li>\n<li>changement du linge de chambre tous les 7 jours<\/li>\n<li>utilisation gratuite d\u2019Internet Wi-Fi ;<\/li>\n<li>s\u00e8che-cheveux et articles de toilette gratuits (bain moussant, shampooing, bonnet, etc.)<\/li>\n<li>utilisation de la kitchenette et des outils de cuisine (casseroles, assiettes, verres, couverts, etc.)<\/li>\n<li>kit de courtoisie de cuisine (torchon, liquide vaisselle, \u00e9ponge, balai, pelle, serpilli\u00e8re, pastilles de lave-vaisselle)<\/li>\n<li>m\u00e9nage final.<\/li>\n<\/ul>\n<p>\u00c0 partir de<strong> \u20ac 80,00<\/strong> pour 2 personnes (minimum 5 nuit)<\/p>\n<h4>Demandez un devis en remplissant le formulaire pour obtenir une offre d\u00e9taill\u00e9e.<\/h4>\n","protected":false},"excerpt":{"rendered":"<p>Courez \u00e0 la plage pour profiter des premiers rayons de soleil ! Une super offre pour mai dans notre appart\u2019h\u00f4tel, directement sur la mer, id\u00e9al pour les familles avec enfants et pour tous les amoureux de la Riviera romagnole. Du 9 mai au 23 juin, avec tous les services d\u00e9j\u00e0 inclus pour vous permettre de [&hellip;]<\/p>\n","protected":false},"author":12,"featured_media":763,"parent":867,"menu_order":2,"comment_status":"closed","ping_status":"closed","template":"template-single-offer.php","meta":{"footnotes":""},"categories":[46],"yoast_head":"<!-- This site is optimized with the Yoast SEO plugin v22.3 - https:\/\/yoast.com\/wordpress\/plugins\/seo\/ -->\n<title>Offre mai - Juin 2026 - Cavalluccio Marino Hotel &amp; Residence<\/title>\n<meta name=\"description\" content=\"Courez \u00e0 la plage pour profiter des premiers rayons de soleil ! Une super offre pour mai dans notre appart\u2019h\u00f4tel, directement sur la mer, id\u00e9al pour les familles avec enfants et pour tous les amoureux de la Riviera romagnole. Du 9 mai au 23 juin, avec tous les services d\u00e9j\u00e0 inclus pour vous permettre de profiter de merveilleuses vacances.  &nbsp; Notre offre en B&amp;B avec les services suivants :   un s\u00e9jour dans une chambre insonoris\u00e9e avec vue sur la mer, t\u00e9l\u00e9vision, minibar, coffre-fort, rideaux occultants, pantoufles et riche kit de courtoisie  un petit-d\u00e9jeuner disponible jusqu\u2019\u00e0 10 h 30 avec menu \u00e0 la carte servi dans la suite;  un parking gratuit dans l\u2019h\u00f4tel  la possibilit\u00e9 d\u2019utiliser une borne pour voitures \u00e9lectriques  le Wi-Fi gratuit  10 % de r\u00e9duction dans notre restaurant &quot;Altamarea&quot; situ\u00e9 en face de l\u2019h\u00f4tel;  \u00c0 partir de \u20ac 90,00 pour 2 personnes (minimum 5 nuits) Envie d\u2019\u00eatre libre et de profiter de vos vacances en toute d\u00e9tente et sans contraintes... ? Voici notre offre en formule R\u00e9sidence en suite deux pi\u00e8ces :   linge de chambre et de toilette (3 serviettes de toilette + drap + taie d\u2019oreiller) par personne  changement des serviettes tous les 3 jours  changement du linge de chambre tous les 7 jours  utilisation gratuite d\u2019Internet Wi-Fi ;  s\u00e8che-cheveux et articles de toilette gratuits (bain moussant, shampooing, bonnet, etc.)  utilisation de la kitchenette et des outils de cuisine (casseroles, assiettes, verres, couverts, etc.)  kit de courtoisie de cuisine (torchon, liquide vaisselle, \u00e9ponge, balai, pelle, serpilli\u00e8re, pastilles de lave-vaisselle)  m\u00e9nage final.  \u00c0 partir de \u20ac 80,00 pour 2 personnes (minimum 5 nuit) Demandez un devis en remplissant le formulaire pour obtenir une offre d\u00e9taill\u00e9e.\" \/>\n<meta name=\"robots\" content=\"index, follow, max-snippet:-1, max-image-preview:large, max-video-preview:-1\" \/>\n<link rel=\"canonical\" href=\"https:\/\/www.riminihotelcavallucciomarino.it\/fr\/offres\/offre-vacances\/offre-mai-juin-2026\/\" \/>\n<meta property=\"og:locale\" content=\"fr_FR\" \/>\n<meta property=\"og:type\" content=\"article\" \/>\n<meta property=\"og:title\" content=\"Offre mai - Juin 2026 - Cavalluccio Marino Hotel &amp; Residence\" \/>\n<meta property=\"og:description\" content=\"Courez \u00e0 la plage pour profiter des premiers rayons de soleil ! Une super offre pour mai dans notre appart\u2019h\u00f4tel, directement sur la mer, id\u00e9al pour les familles avec enfants et pour tous les amoureux de la Riviera romagnole. Du 9 mai au 23 juin, avec tous les services d\u00e9j\u00e0 inclus pour vous permettre de profiter de merveilleuses vacances.  &nbsp; Notre offre en B&amp;B avec les services suivants :   un s\u00e9jour dans une chambre insonoris\u00e9e avec vue sur la mer, t\u00e9l\u00e9vision, minibar, coffre-fort, rideaux occultants, pantoufles et riche kit de courtoisie  un petit-d\u00e9jeuner disponible jusqu\u2019\u00e0 10 h 30 avec menu \u00e0 la carte servi dans la suite;  un parking gratuit dans l\u2019h\u00f4tel  la possibilit\u00e9 d\u2019utiliser une borne pour voitures \u00e9lectriques  le Wi-Fi gratuit  10 % de r\u00e9duction dans notre restaurant &quot;Altamarea&quot; situ\u00e9 en face de l\u2019h\u00f4tel;  \u00c0 partir de \u20ac 90,00 pour 2 personnes (minimum 5 nuits) Envie d\u2019\u00eatre libre et de profiter de vos vacances en toute d\u00e9tente et sans contraintes... ? Voici notre offre en formule R\u00e9sidence en suite deux pi\u00e8ces :   linge de chambre et de toilette (3 serviettes de toilette + drap + taie d\u2019oreiller) par personne  changement des serviettes tous les 3 jours  changement du linge de chambre tous les 7 jours  utilisation gratuite d\u2019Internet Wi-Fi ;  s\u00e8che-cheveux et articles de toilette gratuits (bain moussant, shampooing, bonnet, etc.)  utilisation de la kitchenette et des outils de cuisine (casseroles, assiettes, verres, couverts, etc.)  kit de courtoisie de cuisine (torchon, liquide vaisselle, \u00e9ponge, balai, pelle, serpilli\u00e8re, pastilles de lave-vaisselle)  m\u00e9nage final.  \u00c0 partir de \u20ac 80,00 pour 2 personnes (minimum 5 nuit) Demandez un devis en remplissant le formulaire pour obtenir une offre d\u00e9taill\u00e9e.\" \/>\n<meta property=\"og:url\" content=\"https:\/\/www.riminihotelcavallucciomarino.it\/fr\/offres\/offre-vacances\/offre-mai-juin-2026\/\" \/>\n<meta property=\"og:site_name\" content=\"Cavalluccio Marino Hotel &amp; Residence\" \/>\n<meta property=\"article:publisher\" content=\"https:\/\/www.facebook.com\/HotelCavalluccioMarino.Rimini\" \/>\n<meta property=\"article:modified_time\" content=\"2026-01-03T14:07:49+00:00\" \/>\n<meta property=\"og:image\" content=\"https:\/\/www.riminihotelcavallucciomarino.it\/wp-content\/uploads\/sites\/89\/2024\/01\/Vacanze-in-famiglia-offerte.jpeg\" \/>\n\t<meta property=\"og:image:width\" content=\"800\" \/>\n\t<meta property=\"og:image:height\" content=\"433\" \/>\n\t<meta property=\"og:image:type\" content=\"image\/jpeg\" \/>\n<meta name=\"twitter:card\" content=\"summary_large_image\" \/>\n<meta name=\"twitter:label1\" content=\"Dur\u00e9e de lecture estim\u00e9e\" \/>\n\t<meta name=\"twitter:data1\" content=\"2 minutes\" \/>\n<script type=\"application\/ld+json\" class=\"yoast-schema-graph\">{\"@context\":\"https:\/\/schema.org\",\"@graph\":[{\"@type\":\"WebPage\",\"@id\":\"https:\/\/www.riminihotelcavallucciomarino.it\/fr\/offres\/offre-vacances\/offre-mai-juin-2026\/\",\"url\":\"https:\/\/www.riminihotelcavallucciomarino.it\/fr\/offres\/offre-vacances\/offre-mai-juin-2026\/\",\"name\":\"Offre mai - Juin 2026 - Cavalluccio Marino Hotel & Residence\",\"isPartOf\":{\"@id\":\"https:\/\/www.riminihotelcavallucciomarino.it\/fr\/#website\"},\"primaryImageOfPage\":{\"@id\":\"https:\/\/www.riminihotelcavallucciomarino.it\/fr\/offres\/offre-vacances\/offre-mai-juin-2026\/#primaryimage\"},\"image\":{\"@id\":\"https:\/\/www.riminihotelcavallucciomarino.it\/fr\/offres\/offre-vacances\/offre-mai-juin-2026\/#primaryimage\"},\"thumbnailUrl\":\"https:\/\/www.riminihotelcavallucciomarino.it\/wp-content\/uploads\/sites\/89\/2024\/01\/Vacanze-in-famiglia-offerte.jpeg\",\"datePublished\":\"2024-01-03T15:02:18+00:00\",\"dateModified\":\"2026-01-03T14:07:49+00:00\",\"description\":\"Courez \u00e0 la plage pour profiter des premiers rayons de soleil ! Une super offre pour mai dans notre appart\u2019h\u00f4tel, directement sur la mer, id\u00e9al pour les familles avec enfants et pour tous les amoureux de la Riviera romagnole. Du 9 mai au 23 juin, avec tous les services d\u00e9j\u00e0 inclus pour vous permettre de profiter de merveilleuses vacances. &nbsp; Notre offre en B&amp;B avec les services suivants : \u2022 un s\u00e9jour dans une chambre insonoris\u00e9e avec vue sur la mer, t\u00e9l\u00e9vision, minibar, coffre-fort, rideaux occultants, pantoufles et riche kit de courtoisie \u2022 un petit-d\u00e9jeuner disponible jusqu\u2019\u00e0 10 h 30 avec menu \u00e0 la carte servi dans la suite; \u2022 un parking gratuit dans l\u2019h\u00f4tel \u2022 la possibilit\u00e9 d\u2019utiliser une borne pour voitures \u00e9lectriques \u2022 le Wi-Fi gratuit \u2022 10 % de r\u00e9duction dans notre restaurant \\\"Altamarea\\\" situ\u00e9 en face de l\u2019h\u00f4tel; \u00c0 partir de \u20ac 90,00 pour 2 personnes (minimum 5 nuits) Envie d\u2019\u00eatre libre et de profiter de vos vacances en toute d\u00e9tente et sans contraintes... ? Voici notre offre en formule R\u00e9sidence en suite deux pi\u00e8ces : \u2022 linge de chambre et de toilette (3 serviettes de toilette + drap + taie d\u2019oreiller) par personne \u2022 changement des serviettes tous les 3 jours \u2022 changement du linge de chambre tous les 7 jours \u2022 utilisation gratuite d\u2019Internet Wi-Fi ; \u2022 s\u00e8che-cheveux et articles de toilette gratuits (bain moussant, shampooing, bonnet, etc.) \u2022 utilisation de la kitchenette et des outils de cuisine (casseroles, assiettes, verres, couverts, etc.) \u2022 kit de courtoisie de cuisine (torchon, liquide vaisselle, \u00e9ponge, balai, pelle, serpilli\u00e8re, pastilles de lave-vaisselle) \u2022 m\u00e9nage final. \u00c0 partir de \u20ac 80,00 pour 2 personnes (minimum 5 nuit) Demandez un devis en remplissant le formulaire pour obtenir une offre d\u00e9taill\u00e9e.\",\"breadcrumb\":{\"@id\":\"https:\/\/www.riminihotelcavallucciomarino.it\/fr\/offres\/offre-vacances\/offre-mai-juin-2026\/#breadcrumb\"},\"inLanguage\":\"fr-FR\",\"potentialAction\":[{\"@type\":\"ReadAction\",\"target\":[\"https:\/\/www.riminihotelcavallucciomarino.it\/fr\/offres\/offre-vacances\/offre-mai-juin-2026\/\"]}]},{\"@type\":\"ImageObject\",\"inLanguage\":\"fr-FR\",\"@id\":\"https:\/\/www.riminihotelcavallucciomarino.it\/fr\/offres\/offre-vacances\/offre-mai-juin-2026\/#primaryimage\",\"url\":\"https:\/\/www.riminihotelcavallucciomarino.it\/wp-content\/uploads\/sites\/89\/2024\/01\/Vacanze-in-famiglia-offerte.jpeg\",\"contentUrl\":\"https:\/\/www.riminihotelcavallucciomarino.it\/wp-content\/uploads\/sites\/89\/2024\/01\/Vacanze-in-famiglia-offerte.jpeg\",\"width\":800,\"height\":433},{\"@type\":\"BreadcrumbList\",\"@id\":\"https:\/\/www.riminihotelcavallucciomarino.it\/fr\/offres\/offre-vacances\/offre-mai-juin-2026\/#breadcrumb\",\"itemListElement\":[{\"@type\":\"ListItem\",\"position\":1,\"name\":\"Home\",\"item\":\"https:\/\/www.riminihotelcavallucciomarino.it\/fr\/\"},{\"@type\":\"ListItem\",\"position\":2,\"name\":\"Offres\",\"item\":\"https:\/\/www.riminihotelcavallucciomarino.it\/fr\/offres\/\"},{\"@type\":\"ListItem\",\"position\":3,\"name\":\"Offre Vacances\",\"item\":\"https:\/\/www.riminihotelcavallucciomarino.it\/fr\/offres\/offre-vacances\/\"},{\"@type\":\"ListItem\",\"position\":4,\"name\":\"Offre mai &#8211; Juin 2026\"}]},{\"@type\":\"WebSite\",\"@id\":\"https:\/\/www.riminihotelcavallucciomarino.it\/fr\/#website\",\"url\":\"https:\/\/www.riminihotelcavallucciomarino.it\/fr\/\",\"name\":\"Cavalluccio Marino Hotel & Residence\",\"description\":\"\",\"publisher\":{\"@id\":\"https:\/\/www.riminihotelcavallucciomarino.it\/fr\/#organization\"},\"potentialAction\":[{\"@type\":\"SearchAction\",\"target\":{\"@type\":\"EntryPoint\",\"urlTemplate\":\"https:\/\/www.riminihotelcavallucciomarino.it\/fr\/?s={search_term_string}\"},\"query-input\":\"required name=search_term_string\"}],\"inLanguage\":\"fr-FR\"},{\"@type\":\"Organization\",\"@id\":\"https:\/\/www.riminihotelcavallucciomarino.it\/fr\/#organization\",\"name\":\"Cavalluccio Marino Hotel & Residence\",\"url\":\"https:\/\/www.riminihotelcavallucciomarino.it\/fr\/\",\"logo\":{\"@type\":\"ImageObject\",\"inLanguage\":\"fr-FR\",\"@id\":\"https:\/\/www.riminihotelcavallucciomarino.it\/fr\/#\/schema\/logo\/image\/\",\"url\":\"https:\/\/cavalluccio-marino.ms2.decms.eu\/wp-content\/uploads\/sites\/89\/2023\/12\/logo-grande-cavalluccio.png\",\"contentUrl\":\"https:\/\/cavalluccio-marino.ms2.decms.eu\/wp-content\/uploads\/sites\/89\/2023\/12\/logo-grande-cavalluccio.png\",\"width\":328,\"height\":167,\"caption\":\"Cavalluccio Marino Hotel & Residence\"},\"image\":{\"@id\":\"https:\/\/www.riminihotelcavallucciomarino.it\/fr\/#\/schema\/logo\/image\/\"},\"sameAs\":[\"https:\/\/www.facebook.com\/HotelCavalluccioMarino.Rimini\",\"https:\/\/www.instagram.com\/hotel.cavallucciomarino\/\"]}]}<\/script>\n<!-- \/ Yoast SEO plugin. -->","yoast_head_json":{"title":"Offre mai - Juin 2026 - Cavalluccio Marino Hotel & Residence","description":"Courez \u00e0 la plage pour profiter des premiers rayons de soleil ! Une super offre pour mai dans notre appart\u2019h\u00f4tel, directement sur la mer, id\u00e9al pour les familles avec enfants et pour tous les amoureux de la Riviera romagnole. Du 9 mai au 23 juin, avec tous les services d\u00e9j\u00e0 inclus pour vous permettre de profiter de merveilleuses vacances.  &nbsp; Notre offre en B&amp;B avec les services suivants :   un s\u00e9jour dans une chambre insonoris\u00e9e avec vue sur la mer, t\u00e9l\u00e9vision, minibar, coffre-fort, rideaux occultants, pantoufles et riche kit de courtoisie  un petit-d\u00e9jeuner disponible jusqu\u2019\u00e0 10 h 30 avec menu \u00e0 la carte servi dans la suite;  un parking gratuit dans l\u2019h\u00f4tel  la possibilit\u00e9 d\u2019utiliser une borne pour voitures \u00e9lectriques  le Wi-Fi gratuit  10 % de r\u00e9duction dans notre restaurant \"Altamarea\" situ\u00e9 en face de l\u2019h\u00f4tel;  \u00c0 partir de \u20ac 90,00 pour 2 personnes (minimum 5 nuits) Envie d\u2019\u00eatre libre et de profiter de vos vacances en toute d\u00e9tente et sans contraintes... ? Voici notre offre en formule R\u00e9sidence en suite deux pi\u00e8ces :   linge de chambre et de toilette (3 serviettes de toilette + drap + taie d\u2019oreiller) par personne  changement des serviettes tous les 3 jours  changement du linge de chambre tous les 7 jours  utilisation gratuite d\u2019Internet Wi-Fi ;  s\u00e8che-cheveux et articles de toilette gratuits (bain moussant, shampooing, bonnet, etc.)  utilisation de la kitchenette et des outils de cuisine (casseroles, assiettes, verres, couverts, etc.)  kit de courtoisie de cuisine (torchon, liquide vaisselle, \u00e9ponge, balai, pelle, serpilli\u00e8re, pastilles de lave-vaisselle)  m\u00e9nage final.  \u00c0 partir de \u20ac 80,00 pour 2 personnes (minimum 5 nuit) Demandez un devis en remplissant le formulaire pour obtenir une offre d\u00e9taill\u00e9e.","robots":{"index":"index","follow":"follow","max-snippet":"max-snippet:-1","max-image-preview":"max-image-preview:large","max-video-preview":"max-video-preview:-1"},"canonical":"https:\/\/www.riminihotelcavallucciomarino.it\/fr\/offres\/offre-vacances\/offre-mai-juin-2026\/","og_locale":"fr_FR","og_type":"article","og_title":"Offre mai - Juin 2026 - Cavalluccio Marino Hotel & Residence","og_description":"Courez \u00e0 la plage pour profiter des premiers rayons de soleil ! Une super offre pour mai dans notre appart\u2019h\u00f4tel, directement sur la mer, id\u00e9al pour les familles avec enfants et pour tous les amoureux de la Riviera romagnole. Du 9 mai au 23 juin, avec tous les services d\u00e9j\u00e0 inclus pour vous permettre de profiter de merveilleuses vacances.  &nbsp; Notre offre en B&amp;B avec les services suivants :   un s\u00e9jour dans une chambre insonoris\u00e9e avec vue sur la mer, t\u00e9l\u00e9vision, minibar, coffre-fort, rideaux occultants, pantoufles et riche kit de courtoisie  un petit-d\u00e9jeuner disponible jusqu\u2019\u00e0 10 h 30 avec menu \u00e0 la carte servi dans la suite;  un parking gratuit dans l\u2019h\u00f4tel  la possibilit\u00e9 d\u2019utiliser une borne pour voitures \u00e9lectriques  le Wi-Fi gratuit  10 % de r\u00e9duction dans notre restaurant \"Altamarea\" situ\u00e9 en face de l\u2019h\u00f4tel;  \u00c0 partir de \u20ac 90,00 pour 2 personnes (minimum 5 nuits) Envie d\u2019\u00eatre libre et de profiter de vos vacances en toute d\u00e9tente et sans contraintes... ? Voici notre offre en formule R\u00e9sidence en suite deux pi\u00e8ces :   linge de chambre et de toilette (3 serviettes de toilette + drap + taie d\u2019oreiller) par personne  changement des serviettes tous les 3 jours  changement du linge de chambre tous les 7 jours  utilisation gratuite d\u2019Internet Wi-Fi ;  s\u00e8che-cheveux et articles de toilette gratuits (bain moussant, shampooing, bonnet, etc.)  utilisation de la kitchenette et des outils de cuisine (casseroles, assiettes, verres, couverts, etc.)  kit de courtoisie de cuisine (torchon, liquide vaisselle, \u00e9ponge, balai, pelle, serpilli\u00e8re, pastilles de lave-vaisselle)  m\u00e9nage final.  \u00c0 partir de \u20ac 80,00 pour 2 personnes (minimum 5 nuit) Demandez un devis en remplissant le formulaire pour obtenir une offre d\u00e9taill\u00e9e.","og_url":"https:\/\/www.riminihotelcavallucciomarino.it\/fr\/offres\/offre-vacances\/offre-mai-juin-2026\/","og_site_name":"Cavalluccio Marino Hotel & Residence","article_publisher":"https:\/\/www.facebook.com\/HotelCavalluccioMarino.Rimini","article_modified_time":"2026-01-03T14:07:49+00:00","og_image":[{"width":800,"height":433,"url":"https:\/\/www.riminihotelcavallucciomarino.it\/wp-content\/uploads\/sites\/89\/2024\/01\/Vacanze-in-famiglia-offerte.jpeg","type":"image\/jpeg"}],"twitter_card":"summary_large_image","twitter_misc":{"Dur\u00e9e de lecture estim\u00e9e":"2 minutes"},"schema":{"@context":"https:\/\/schema.org","@graph":[{"@type":"WebPage","@id":"https:\/\/www.riminihotelcavallucciomarino.it\/fr\/offres\/offre-vacances\/offre-mai-juin-2026\/","url":"https:\/\/www.riminihotelcavallucciomarino.it\/fr\/offres\/offre-vacances\/offre-mai-juin-2026\/","name":"Offre mai - Juin 2026 - Cavalluccio Marino Hotel & Residence","isPartOf":{"@id":"https:\/\/www.riminihotelcavallucciomarino.it\/fr\/#website"},"primaryImageOfPage":{"@id":"https:\/\/www.riminihotelcavallucciomarino.it\/fr\/offres\/offre-vacances\/offre-mai-juin-2026\/#primaryimage"},"image":{"@id":"https:\/\/www.riminihotelcavallucciomarino.it\/fr\/offres\/offre-vacances\/offre-mai-juin-2026\/#primaryimage"},"thumbnailUrl":"https:\/\/www.riminihotelcavallucciomarino.it\/wp-content\/uploads\/sites\/89\/2024\/01\/Vacanze-in-famiglia-offerte.jpeg","datePublished":"2024-01-03T15:02:18+00:00","dateModified":"2026-01-03T14:07:49+00:00","description":"Courez \u00e0 la plage pour profiter des premiers rayons de soleil ! Une super offre pour mai dans notre appart\u2019h\u00f4tel, directement sur la mer, id\u00e9al pour les familles avec enfants et pour tous les amoureux de la Riviera romagnole. Du 9 mai au 23 juin, avec tous les services d\u00e9j\u00e0 inclus pour vous permettre de profiter de merveilleuses vacances. &nbsp; Notre offre en B&amp;B avec les services suivants : \u2022 un s\u00e9jour dans une chambre insonoris\u00e9e avec vue sur la mer, t\u00e9l\u00e9vision, minibar, coffre-fort, rideaux occultants, pantoufles et riche kit de courtoisie \u2022 un petit-d\u00e9jeuner disponible jusqu\u2019\u00e0 10 h 30 avec menu \u00e0 la carte servi dans la suite; \u2022 un parking gratuit dans l\u2019h\u00f4tel \u2022 la possibilit\u00e9 d\u2019utiliser une borne pour voitures \u00e9lectriques \u2022 le Wi-Fi gratuit \u2022 10 % de r\u00e9duction dans notre restaurant \"Altamarea\" situ\u00e9 en face de l\u2019h\u00f4tel; \u00c0 partir de \u20ac 90,00 pour 2 personnes (minimum 5 nuits) Envie d\u2019\u00eatre libre et de profiter de vos vacances en toute d\u00e9tente et sans contraintes... ? Voici notre offre en formule R\u00e9sidence en suite deux pi\u00e8ces : \u2022 linge de chambre et de toilette (3 serviettes de toilette + drap + taie d\u2019oreiller) par personne \u2022 changement des serviettes tous les 3 jours \u2022 changement du linge de chambre tous les 7 jours \u2022 utilisation gratuite d\u2019Internet Wi-Fi ; \u2022 s\u00e8che-cheveux et articles de toilette gratuits (bain moussant, shampooing, bonnet, etc.) \u2022 utilisation de la kitchenette et des outils de cuisine (casseroles, assiettes, verres, couverts, etc.) \u2022 kit de courtoisie de cuisine (torchon, liquide vaisselle, \u00e9ponge, balai, pelle, serpilli\u00e8re, pastilles de lave-vaisselle) \u2022 m\u00e9nage final. \u00c0 partir de \u20ac 80,00 pour 2 personnes (minimum 5 nuit) Demandez un devis en remplissant le formulaire pour obtenir une offre d\u00e9taill\u00e9e.","breadcrumb":{"@id":"https:\/\/www.riminihotelcavallucciomarino.it\/fr\/offres\/offre-vacances\/offre-mai-juin-2026\/#breadcrumb"},"inLanguage":"fr-FR","potentialAction":[{"@type":"ReadAction","target":["https:\/\/www.riminihotelcavallucciomarino.it\/fr\/offres\/offre-vacances\/offre-mai-juin-2026\/"]}]},{"@type":"ImageObject","inLanguage":"fr-FR","@id":"https:\/\/www.riminihotelcavallucciomarino.it\/fr\/offres\/offre-vacances\/offre-mai-juin-2026\/#primaryimage","url":"https:\/\/www.riminihotelcavallucciomarino.it\/wp-content\/uploads\/sites\/89\/2024\/01\/Vacanze-in-famiglia-offerte.jpeg","contentUrl":"https:\/\/www.riminihotelcavallucciomarino.it\/wp-content\/uploads\/sites\/89\/2024\/01\/Vacanze-in-famiglia-offerte.jpeg","width":800,"height":433},{"@type":"BreadcrumbList","@id":"https:\/\/www.riminihotelcavallucciomarino.it\/fr\/offres\/offre-vacances\/offre-mai-juin-2026\/#breadcrumb","itemListElement":[{"@type":"ListItem","position":1,"name":"Home","item":"https:\/\/www.riminihotelcavallucciomarino.it\/fr\/"},{"@type":"ListItem","position":2,"name":"Offres","item":"https:\/\/www.riminihotelcavallucciomarino.it\/fr\/offres\/"},{"@type":"ListItem","position":3,"name":"Offre Vacances","item":"https:\/\/www.riminihotelcavallucciomarino.it\/fr\/offres\/offre-vacances\/"},{"@type":"ListItem","position":4,"name":"Offre mai &#8211; Juin 2026"}]},{"@type":"WebSite","@id":"https:\/\/www.riminihotelcavallucciomarino.it\/fr\/#website","url":"https:\/\/www.riminihotelcavallucciomarino.it\/fr\/","name":"Cavalluccio Marino Hotel & Residence","description":"","publisher":{"@id":"https:\/\/www.riminihotelcavallucciomarino.it\/fr\/#organization"},"potentialAction":[{"@type":"SearchAction","target":{"@type":"EntryPoint","urlTemplate":"https:\/\/www.riminihotelcavallucciomarino.it\/fr\/?s={search_term_string}"},"query-input":"required name=search_term_string"}],"inLanguage":"fr-FR"},{"@type":"Organization","@id":"https:\/\/www.riminihotelcavallucciomarino.it\/fr\/#organization","name":"Cavalluccio Marino Hotel & Residence","url":"https:\/\/www.riminihotelcavallucciomarino.it\/fr\/","logo":{"@type":"ImageObject","inLanguage":"fr-FR","@id":"https:\/\/www.riminihotelcavallucciomarino.it\/fr\/#\/schema\/logo\/image\/","url":"https:\/\/cavalluccio-marino.ms2.decms.eu\/wp-content\/uploads\/sites\/89\/2023\/12\/logo-grande-cavalluccio.png","contentUrl":"https:\/\/cavalluccio-marino.ms2.decms.eu\/wp-content\/uploads\/sites\/89\/2023\/12\/logo-grande-cavalluccio.png","width":328,"height":167,"caption":"Cavalluccio Marino Hotel & Residence"},"image":{"@id":"https:\/\/www.riminihotelcavallucciomarino.it\/fr\/#\/schema\/logo\/image\/"},"sameAs":["https:\/\/www.facebook.com\/HotelCavalluccioMarino.Rimini","https:\/\/www.instagram.com\/hotel.cavallucciomarino\/"]}]}},"acf":[],"_links":{"self":[{"href":"https:\/\/www.riminihotelcavallucciomarino.it\/fr\/wp-json\/wp\/v2\/pages\/870"}],"collection":[{"href":"https:\/\/www.riminihotelcavallucciomarino.it\/fr\/wp-json\/wp\/v2\/pages"}],"about":[{"href":"https:\/\/www.riminihotelcavallucciomarino.it\/fr\/wp-json\/wp\/v2\/types\/page"}],"author":[{"embeddable":true,"href":"https:\/\/www.riminihotelcavallucciomarino.it\/fr\/wp-json\/wp\/v2\/users\/12"}],"replies":[{"embeddable":true,"href":"https:\/\/www.riminihotelcavallucciomarino.it\/fr\/wp-json\/wp\/v2\/comments?post=870"}],"version-history":[{"count":0,"href":"https:\/\/www.riminihotelcavallucciomarino.it\/fr\/wp-json\/wp\/v2\/pages\/870\/revisions"}],"up":[{"embeddable":true,"href":"https:\/\/www.riminihotelcavallucciomarino.it\/fr\/wp-json\/wp\/v2\/pages\/867"}],"wp:featuredmedia":[{"embeddable":true,"href":"https:\/\/www.riminihotelcavallucciomarino.it\/fr\/wp-json\/wp\/v2\/media\/763"}],"wp:attachment":[{"href":"https:\/\/www.riminihotelcavallucciomarino.it\/fr\/wp-json\/wp\/v2\/media?parent=870"}],"wp:term":[{"taxonomy":"category","embeddable":true,"href":"https:\/\/www.riminihotelcavallucciomarino.it\/fr\/wp-json\/wp\/v2\/categories?post=870"}],"curies":[{"name":"wp","href":"https:\/\/api.w.org\/{rel}","templated":true}]}}