{"id":865,"date":"2023-12-20T16:24:01","date_gmt":"2023-12-20T16:24:01","guid":{"rendered":"https:\/\/www.riminihotelcavallucciomarino.it\/ristorante\/"},"modified":"2024-12-09T10:49:18","modified_gmt":"2024-12-09T10:49:18","slug":"le-restaurant","status":"publish","type":"page","link":"https:\/\/www.riminihotelcavallucciomarino.it\/fr\/le-restaurant\/","title":{"rendered":"Le restaurant"},"content":{"rendered":"<p><span style=\"font-weight: 400;\">Dans notre restaurant, la\u00a0<\/span><b>salle int\u00e9rieure donne sur la plage de Torre\u00a0Pedrera<\/b><span style=\"font-weight: 400;\">, offrant un cadre unique pour le d\u00e9jeuner et le d\u00eener.<\/span><\/p>\n<p><span style=\"font-weight: 400;\">En plus de l\u2019espace int\u00e9rieur, l\u2019\u00e9tablissement dispose \u00e9galement d\u2019une <\/span><b>grande terrasse ext\u00e9rieure<\/b><span style=\"font-weight: 400;\">\u00a0o\u00f9 le parfum de la mer se m\u00e9lange aux ar\u00f4mes des plats, tandis que vos enfants sont dans notre aire de jeux.<\/span><\/p>\n<p><span style=\"font-weight: 400;\">Tout le personnel du<\/span><b>\u00a0restaurant Altamarea<\/b><span style=\"font-weight: 400;\">, situ\u00e9 \u00e0 quelques m\u00e8tres de notre h\u00f4tel,<\/span><b>\u00a0directement sur la plage<\/b><span style=\"font-weight: 400;\">, est \u00e0 votre disposition pour vous proposer des plats \u00e0 base de\u00a0<\/span><b>poisson ou de viande<\/b><span style=\"font-weight: 400;\">, sans oublier le large choix de pizzas cuites au four \u00e0 bois.<\/span><\/p>\n","protected":false},"excerpt":{"rendered":"<p>Dans notre restaurant, la\u00a0salle int\u00e9rieure donne sur la plage de Torre\u00a0Pedrera, offrant un cadre unique pour le d\u00e9jeuner et le d\u00eener. En plus de l\u2019espace int\u00e9rieur, l\u2019\u00e9tablissement dispose \u00e9galement d\u2019une grande terrasse ext\u00e9rieure\u00a0o\u00f9 le parfum de la mer se m\u00e9lange aux ar\u00f4mes des plats, tandis que vos enfants sont dans notre aire de jeux. Tout [&hellip;]<\/p>\n","protected":false},"author":12,"featured_media":853,"parent":0,"menu_order":20,"comment_status":"closed","ping_status":"closed","template":"template-single-restaurant.php","meta":{"footnotes":""},"categories":[],"yoast_head":"<!-- This site is optimized with the Yoast SEO plugin v22.3 - https:\/\/yoast.com\/wordpress\/plugins\/seo\/ -->\n<title>Le restaurant - Cavalluccio Marino Hotel &amp; Residence<\/title>\n<meta name=\"description\" content=\"Dans notre restaurant, la\u00a0salle int\u00e9rieure donne sur la plage de Torre\u00a0Pedrera, offrant un cadre unique pour le d\u00e9jeuner et le d\u00eener.  En plus de l\u2019espace int\u00e9rieur, l\u2019\u00e9tablissement dispose \u00e9galement d\u2019une grande terrasse ext\u00e9rieure\u00a0o\u00f9 le parfum de la mer se m\u00e9lange aux ar\u00f4mes des plats, tandis que vos enfants sont dans notre aire de jeux.  Tout le personnel du\u00a0restaurant Altamarea, situ\u00e9 \u00e0 quelques m\u00e8tres de notre h\u00f4tel,\u00a0directement sur la plage, est \u00e0 votre disposition pour vous proposer des plats \u00e0 base de\u00a0poisson ou de viande, sans oublier le large choix de pizzas cuites au four \u00e0 bois..\" \/>\n<meta name=\"robots\" content=\"index, follow, max-snippet:-1, max-image-preview:large, max-video-preview:-1\" \/>\n<link rel=\"canonical\" href=\"https:\/\/www.riminihotelcavallucciomarino.it\/fr\/le-restaurant\/\" \/>\n<meta property=\"og:locale\" content=\"fr_FR\" \/>\n<meta property=\"og:type\" content=\"article\" \/>\n<meta property=\"og:title\" content=\"Le restaurant - Cavalluccio Marino Hotel &amp; Residence\" \/>\n<meta property=\"og:description\" content=\"Dans notre restaurant, la\u00a0salle int\u00e9rieure donne sur la plage de Torre\u00a0Pedrera, offrant un cadre unique pour le d\u00e9jeuner et le d\u00eener.  En plus de l\u2019espace int\u00e9rieur, l\u2019\u00e9tablissement dispose \u00e9galement d\u2019une grande terrasse ext\u00e9rieure\u00a0o\u00f9 le parfum de la mer se m\u00e9lange aux ar\u00f4mes des plats, tandis que vos enfants sont dans notre aire de jeux.  Tout le personnel du\u00a0restaurant Altamarea, situ\u00e9 \u00e0 quelques m\u00e8tres de notre h\u00f4tel,\u00a0directement sur la plage, est \u00e0 votre disposition pour vous proposer des plats \u00e0 base de\u00a0poisson ou de viande, sans oublier le large choix de pizzas cuites au four \u00e0 bois..\" \/>\n<meta property=\"og:url\" content=\"https:\/\/www.riminihotelcavallucciomarino.it\/fr\/le-restaurant\/\" \/>\n<meta property=\"og:site_name\" content=\"Cavalluccio Marino Hotel &amp; Residence\" \/>\n<meta property=\"article:publisher\" content=\"https:\/\/www.facebook.com\/HotelCavalluccioMarino.Rimini\" \/>\n<meta property=\"article:modified_time\" content=\"2024-12-09T10:49:18+00:00\" \/>\n<meta property=\"og:image\" content=\"https:\/\/www.riminihotelcavallucciomarino.it\/wp-content\/uploads\/sites\/89\/2024\/02\/Image00066-1.jpg\" \/>\n\t<meta property=\"og:image:width\" content=\"941\" \/>\n\t<meta property=\"og:image:height\" content=\"493\" \/>\n\t<meta property=\"og:image:type\" content=\"image\/jpeg\" \/>\n<meta name=\"twitter:card\" content=\"summary_large_image\" \/>\n<meta name=\"twitter:label1\" content=\"Dur\u00e9e de lecture estim\u00e9e\" \/>\n\t<meta name=\"twitter:data1\" content=\"1 minute\" \/>\n<script type=\"application\/ld+json\" class=\"yoast-schema-graph\">{\"@context\":\"https:\/\/schema.org\",\"@graph\":[{\"@type\":\"WebPage\",\"@id\":\"https:\/\/www.riminihotelcavallucciomarino.it\/fr\/le-restaurant\/\",\"url\":\"https:\/\/www.riminihotelcavallucciomarino.it\/fr\/le-restaurant\/\",\"name\":\"Le restaurant - Cavalluccio Marino Hotel & Residence\",\"isPartOf\":{\"@id\":\"https:\/\/www.riminihotelcavallucciomarino.it\/fr\/#website\"},\"primaryImageOfPage\":{\"@id\":\"https:\/\/www.riminihotelcavallucciomarino.it\/fr\/le-restaurant\/#primaryimage\"},\"image\":{\"@id\":\"https:\/\/www.riminihotelcavallucciomarino.it\/fr\/le-restaurant\/#primaryimage\"},\"thumbnailUrl\":\"https:\/\/www.riminihotelcavallucciomarino.it\/wp-content\/uploads\/sites\/89\/2024\/02\/Image00066-1.jpg\",\"datePublished\":\"2023-12-20T16:24:01+00:00\",\"dateModified\":\"2024-12-09T10:49:18+00:00\",\"description\":\"Dans notre restaurant, la\u00a0salle int\u00e9rieure donne sur la plage de Torre\u00a0Pedrera, offrant un cadre unique pour le d\u00e9jeuner et le d\u00eener. En plus de l\u2019espace int\u00e9rieur, l\u2019\u00e9tablissement dispose \u00e9galement d\u2019une grande terrasse ext\u00e9rieure\u00a0o\u00f9 le parfum de la mer se m\u00e9lange aux ar\u00f4mes des plats, tandis que vos enfants sont dans notre aire de jeux. Tout le personnel du\u00a0restaurant Altamarea, situ\u00e9 \u00e0 quelques m\u00e8tres de notre h\u00f4tel,\u00a0directement sur la plage, est \u00e0 votre disposition pour vous proposer des plats \u00e0 base de\u00a0poisson ou de viande, sans oublier le large choix de pizzas cuites au four \u00e0 bois..\",\"breadcrumb\":{\"@id\":\"https:\/\/www.riminihotelcavallucciomarino.it\/fr\/le-restaurant\/#breadcrumb\"},\"inLanguage\":\"fr-FR\",\"potentialAction\":[{\"@type\":\"ReadAction\",\"target\":[\"https:\/\/www.riminihotelcavallucciomarino.it\/fr\/le-restaurant\/\"]}]},{\"@type\":\"ImageObject\",\"inLanguage\":\"fr-FR\",\"@id\":\"https:\/\/www.riminihotelcavallucciomarino.it\/fr\/le-restaurant\/#primaryimage\",\"url\":\"https:\/\/www.riminihotelcavallucciomarino.it\/wp-content\/uploads\/sites\/89\/2024\/02\/Image00066-1.jpg\",\"contentUrl\":\"https:\/\/www.riminihotelcavallucciomarino.it\/wp-content\/uploads\/sites\/89\/2024\/02\/Image00066-1.jpg\",\"width\":941,\"height\":493},{\"@type\":\"BreadcrumbList\",\"@id\":\"https:\/\/www.riminihotelcavallucciomarino.it\/fr\/le-restaurant\/#breadcrumb\",\"itemListElement\":[{\"@type\":\"ListItem\",\"position\":1,\"name\":\"Home\",\"item\":\"https:\/\/www.riminihotelcavallucciomarino.it\/fr\/\"},{\"@type\":\"ListItem\",\"position\":2,\"name\":\"Le restaurant\"}]},{\"@type\":\"WebSite\",\"@id\":\"https:\/\/www.riminihotelcavallucciomarino.it\/fr\/#website\",\"url\":\"https:\/\/www.riminihotelcavallucciomarino.it\/fr\/\",\"name\":\"Cavalluccio Marino Hotel & Residence\",\"description\":\"\",\"publisher\":{\"@id\":\"https:\/\/www.riminihotelcavallucciomarino.it\/fr\/#organization\"},\"potentialAction\":[{\"@type\":\"SearchAction\",\"target\":{\"@type\":\"EntryPoint\",\"urlTemplate\":\"https:\/\/www.riminihotelcavallucciomarino.it\/fr\/?s={search_term_string}\"},\"query-input\":\"required name=search_term_string\"}],\"inLanguage\":\"fr-FR\"},{\"@type\":\"Organization\",\"@id\":\"https:\/\/www.riminihotelcavallucciomarino.it\/fr\/#organization\",\"name\":\"Cavalluccio Marino Hotel & Residence\",\"url\":\"https:\/\/www.riminihotelcavallucciomarino.it\/fr\/\",\"logo\":{\"@type\":\"ImageObject\",\"inLanguage\":\"fr-FR\",\"@id\":\"https:\/\/www.riminihotelcavallucciomarino.it\/fr\/#\/schema\/logo\/image\/\",\"url\":\"https:\/\/cavalluccio-marino.ms2.decms.eu\/wp-content\/uploads\/sites\/89\/2023\/12\/logo-grande-cavalluccio.png\",\"contentUrl\":\"https:\/\/cavalluccio-marino.ms2.decms.eu\/wp-content\/uploads\/sites\/89\/2023\/12\/logo-grande-cavalluccio.png\",\"width\":328,\"height\":167,\"caption\":\"Cavalluccio Marino Hotel & Residence\"},\"image\":{\"@id\":\"https:\/\/www.riminihotelcavallucciomarino.it\/fr\/#\/schema\/logo\/image\/\"},\"sameAs\":[\"https:\/\/www.facebook.com\/HotelCavalluccioMarino.Rimini\",\"https:\/\/www.instagram.com\/hotel.cavallucciomarino\/\"]}]}<\/script>\n<!-- \/ Yoast SEO plugin. -->","yoast_head_json":{"title":"Le restaurant - Cavalluccio Marino Hotel & Residence","description":"Dans notre restaurant, la\u00a0salle int\u00e9rieure donne sur la plage de Torre\u00a0Pedrera, offrant un cadre unique pour le d\u00e9jeuner et le d\u00eener.  En plus de l\u2019espace int\u00e9rieur, l\u2019\u00e9tablissement dispose \u00e9galement d\u2019une grande terrasse ext\u00e9rieure\u00a0o\u00f9 le parfum de la mer se m\u00e9lange aux ar\u00f4mes des plats, tandis que vos enfants sont dans notre aire de jeux.  Tout le personnel du\u00a0restaurant Altamarea, situ\u00e9 \u00e0 quelques m\u00e8tres de notre h\u00f4tel,\u00a0directement sur la plage, est \u00e0 votre disposition pour vous proposer des plats \u00e0 base de\u00a0poisson ou de viande, sans oublier le large choix de pizzas cuites au four \u00e0 bois..","robots":{"index":"index","follow":"follow","max-snippet":"max-snippet:-1","max-image-preview":"max-image-preview:large","max-video-preview":"max-video-preview:-1"},"canonical":"https:\/\/www.riminihotelcavallucciomarino.it\/fr\/le-restaurant\/","og_locale":"fr_FR","og_type":"article","og_title":"Le restaurant - Cavalluccio Marino Hotel & Residence","og_description":"Dans notre restaurant, la\u00a0salle int\u00e9rieure donne sur la plage de Torre\u00a0Pedrera, offrant un cadre unique pour le d\u00e9jeuner et le d\u00eener.  En plus de l\u2019espace int\u00e9rieur, l\u2019\u00e9tablissement dispose \u00e9galement d\u2019une grande terrasse ext\u00e9rieure\u00a0o\u00f9 le parfum de la mer se m\u00e9lange aux ar\u00f4mes des plats, tandis que vos enfants sont dans notre aire de jeux.  Tout le personnel du\u00a0restaurant Altamarea, situ\u00e9 \u00e0 quelques m\u00e8tres de notre h\u00f4tel,\u00a0directement sur la plage, est \u00e0 votre disposition pour vous proposer des plats \u00e0 base de\u00a0poisson ou de viande, sans oublier le large choix de pizzas cuites au four \u00e0 bois..","og_url":"https:\/\/www.riminihotelcavallucciomarino.it\/fr\/le-restaurant\/","og_site_name":"Cavalluccio Marino Hotel & Residence","article_publisher":"https:\/\/www.facebook.com\/HotelCavalluccioMarino.Rimini","article_modified_time":"2024-12-09T10:49:18+00:00","og_image":[{"width":941,"height":493,"url":"https:\/\/www.riminihotelcavallucciomarino.it\/wp-content\/uploads\/sites\/89\/2024\/02\/Image00066-1.jpg","type":"image\/jpeg"}],"twitter_card":"summary_large_image","twitter_misc":{"Dur\u00e9e de lecture estim\u00e9e":"1 minute"},"schema":{"@context":"https:\/\/schema.org","@graph":[{"@type":"WebPage","@id":"https:\/\/www.riminihotelcavallucciomarino.it\/fr\/le-restaurant\/","url":"https:\/\/www.riminihotelcavallucciomarino.it\/fr\/le-restaurant\/","name":"Le restaurant - Cavalluccio Marino Hotel & Residence","isPartOf":{"@id":"https:\/\/www.riminihotelcavallucciomarino.it\/fr\/#website"},"primaryImageOfPage":{"@id":"https:\/\/www.riminihotelcavallucciomarino.it\/fr\/le-restaurant\/#primaryimage"},"image":{"@id":"https:\/\/www.riminihotelcavallucciomarino.it\/fr\/le-restaurant\/#primaryimage"},"thumbnailUrl":"https:\/\/www.riminihotelcavallucciomarino.it\/wp-content\/uploads\/sites\/89\/2024\/02\/Image00066-1.jpg","datePublished":"2023-12-20T16:24:01+00:00","dateModified":"2024-12-09T10:49:18+00:00","description":"Dans notre restaurant, la\u00a0salle int\u00e9rieure donne sur la plage de Torre\u00a0Pedrera, offrant un cadre unique pour le d\u00e9jeuner et le d\u00eener. En plus de l\u2019espace int\u00e9rieur, l\u2019\u00e9tablissement dispose \u00e9galement d\u2019une grande terrasse ext\u00e9rieure\u00a0o\u00f9 le parfum de la mer se m\u00e9lange aux ar\u00f4mes des plats, tandis que vos enfants sont dans notre aire de jeux. Tout le personnel du\u00a0restaurant Altamarea, situ\u00e9 \u00e0 quelques m\u00e8tres de notre h\u00f4tel,\u00a0directement sur la plage, est \u00e0 votre disposition pour vous proposer des plats \u00e0 base de\u00a0poisson ou de viande, sans oublier le large choix de pizzas cuites au four \u00e0 bois..","breadcrumb":{"@id":"https:\/\/www.riminihotelcavallucciomarino.it\/fr\/le-restaurant\/#breadcrumb"},"inLanguage":"fr-FR","potentialAction":[{"@type":"ReadAction","target":["https:\/\/www.riminihotelcavallucciomarino.it\/fr\/le-restaurant\/"]}]},{"@type":"ImageObject","inLanguage":"fr-FR","@id":"https:\/\/www.riminihotelcavallucciomarino.it\/fr\/le-restaurant\/#primaryimage","url":"https:\/\/www.riminihotelcavallucciomarino.it\/wp-content\/uploads\/sites\/89\/2024\/02\/Image00066-1.jpg","contentUrl":"https:\/\/www.riminihotelcavallucciomarino.it\/wp-content\/uploads\/sites\/89\/2024\/02\/Image00066-1.jpg","width":941,"height":493},{"@type":"BreadcrumbList","@id":"https:\/\/www.riminihotelcavallucciomarino.it\/fr\/le-restaurant\/#breadcrumb","itemListElement":[{"@type":"ListItem","position":1,"name":"Home","item":"https:\/\/www.riminihotelcavallucciomarino.it\/fr\/"},{"@type":"ListItem","position":2,"name":"Le restaurant"}]},{"@type":"WebSite","@id":"https:\/\/www.riminihotelcavallucciomarino.it\/fr\/#website","url":"https:\/\/www.riminihotelcavallucciomarino.it\/fr\/","name":"Cavalluccio Marino Hotel & Residence","description":"","publisher":{"@id":"https:\/\/www.riminihotelcavallucciomarino.it\/fr\/#organization"},"potentialAction":[{"@type":"SearchAction","target":{"@type":"EntryPoint","urlTemplate":"https:\/\/www.riminihotelcavallucciomarino.it\/fr\/?s={search_term_string}"},"query-input":"required name=search_term_string"}],"inLanguage":"fr-FR"},{"@type":"Organization","@id":"https:\/\/www.riminihotelcavallucciomarino.it\/fr\/#organization","name":"Cavalluccio Marino Hotel & Residence","url":"https:\/\/www.riminihotelcavallucciomarino.it\/fr\/","logo":{"@type":"ImageObject","inLanguage":"fr-FR","@id":"https:\/\/www.riminihotelcavallucciomarino.it\/fr\/#\/schema\/logo\/image\/","url":"https:\/\/cavalluccio-marino.ms2.decms.eu\/wp-content\/uploads\/sites\/89\/2023\/12\/logo-grande-cavalluccio.png","contentUrl":"https:\/\/cavalluccio-marino.ms2.decms.eu\/wp-content\/uploads\/sites\/89\/2023\/12\/logo-grande-cavalluccio.png","width":328,"height":167,"caption":"Cavalluccio Marino Hotel & Residence"},"image":{"@id":"https:\/\/www.riminihotelcavallucciomarino.it\/fr\/#\/schema\/logo\/image\/"},"sameAs":["https:\/\/www.facebook.com\/HotelCavalluccioMarino.Rimini","https:\/\/www.instagram.com\/hotel.cavallucciomarino\/"]}]}},"acf":[],"_links":{"self":[{"href":"https:\/\/www.riminihotelcavallucciomarino.it\/fr\/wp-json\/wp\/v2\/pages\/865"}],"collection":[{"href":"https:\/\/www.riminihotelcavallucciomarino.it\/fr\/wp-json\/wp\/v2\/pages"}],"about":[{"href":"https:\/\/www.riminihotelcavallucciomarino.it\/fr\/wp-json\/wp\/v2\/types\/page"}],"author":[{"embeddable":true,"href":"https:\/\/www.riminihotelcavallucciomarino.it\/fr\/wp-json\/wp\/v2\/users\/12"}],"replies":[{"embeddable":true,"href":"https:\/\/www.riminihotelcavallucciomarino.it\/fr\/wp-json\/wp\/v2\/comments?post=865"}],"version-history":[{"count":0,"href":"https:\/\/www.riminihotelcavallucciomarino.it\/fr\/wp-json\/wp\/v2\/pages\/865\/revisions"}],"wp:featuredmedia":[{"embeddable":true,"href":"https:\/\/www.riminihotelcavallucciomarino.it\/fr\/wp-json\/wp\/v2\/media\/853"}],"wp:attachment":[{"href":"https:\/\/www.riminihotelcavallucciomarino.it\/fr\/wp-json\/wp\/v2\/media?parent=865"}],"wp:term":[{"taxonomy":"category","embeddable":true,"href":"https:\/\/www.riminihotelcavallucciomarino.it\/fr\/wp-json\/wp\/v2\/categories?post=865"}],"curies":[{"name":"wp","href":"https:\/\/api.w.org\/{rel}","templated":true}]}}