{"id":864,"date":"2024-01-02T10:32:05","date_gmt":"2024-01-02T10:32:05","guid":{"rendered":"https:\/\/www.riminihotelcavallucciomarino.it\/appartamenti-suites\/mini-suite-stellamarina-201\/"},"modified":"2024-12-09T10:15:51","modified_gmt":"2024-12-09T10:15:51","slug":"mini-suite-stellamarina-201","status":"publish","type":"page","link":"https:\/\/www.riminihotelcavallucciomarino.it\/fr\/appartamenti-suites\/mini-suite-stellamarina-201\/","title":{"rendered":"Mini Suite Stellamarina 201"},"content":{"rendered":"<p><span style=\"font-weight: 400;\">Un deux-pi\u00e8ces enti\u00e8rement r\u00e9nov\u00e9, situ\u00e9 au premier \u00e9tage, sans vue sur la mer, avec une fen\u00eatre.<\/span><\/p>\n<p>&nbsp;<\/p>\n<p><span style=\"font-weight: 400;\"><strong>\u00c9quip\u00e9 de tout le confort\u00a0:<\/strong> chambre \u00e0 coucher, salon avec canap\u00e9-lit et kitchenette \u00e9quip\u00e9e d\u2019un r\u00e9frig\u00e9rateur et d\u2019un four \u00e0 micro-ondes, salle de bain avec cabine de douche, s\u00e8che-cheveux, 2\u00a0t\u00e9l\u00e9visions LED de 24\u00a0po et 32\u00a0po, climatisation\/chauffage ind\u00e9pendant(e).<\/span><\/p>\n","protected":false},"excerpt":{"rendered":"<p>Un deux-pi\u00e8ces enti\u00e8rement r\u00e9nov\u00e9, situ\u00e9 au premier \u00e9tage, sans vue sur la mer, avec une fen\u00eatre. &nbsp; \u00c9quip\u00e9 de tout le confort\u00a0: chambre \u00e0 coucher, salon avec canap\u00e9-lit et kitchenette \u00e9quip\u00e9e d\u2019un r\u00e9frig\u00e9rateur et d\u2019un four \u00e0 micro-ondes, salle de bain avec cabine de douche, s\u00e8che-cheveux, 2\u00a0t\u00e9l\u00e9visions LED de 24\u00a0po et 32\u00a0po, climatisation\/chauffage ind\u00e9pendant(e).<\/p>\n","protected":false},"author":12,"featured_media":718,"parent":859,"menu_order":10,"comment_status":"closed","ping_status":"closed","template":"template-single-room.php","meta":{"footnotes":""},"categories":[],"class_list":["post-864","page","type-page","status-publish","has-post-thumbnail","hentry"],"yoast_head":"<!-- This site is optimized with the Yoast SEO plugin v27.3 - https:\/\/yoast.com\/product\/yoast-seo-wordpress\/ -->\n<title>Mini Suite Stellamarina 201 - Cavalluccio Marino Hotel &amp; Residence<\/title>\n<meta name=\"description\" content=\"Un deux-pi\u00e8ces enti\u00e8rement r\u00e9nov\u00e9, situ\u00e9 au premier \u00e9tage, sans vue sur la mer, avec une fen\u00eatre.  &nbsp;  \u00c9quip\u00e9 de tout le confort\u00a0: chambre \u00e0 coucher, salon avec canap\u00e9-lit et kitchenette \u00e9quip\u00e9e d\u2019un r\u00e9frig\u00e9rateur et d\u2019un four \u00e0 micro-ondes, salle de bain avec cabine de douche, s\u00e8che-cheveux, 2\u00a0t\u00e9l\u00e9visions LED de 24\u00a0po et 32\u00a0po, climatisation\/chauffage ind\u00e9pendant(e)..\" \/>\n<meta name=\"robots\" content=\"index, follow, max-snippet:-1, max-image-preview:large, max-video-preview:-1\" \/>\n<link rel=\"canonical\" href=\"https:\/\/www.riminihotelcavallucciomarino.it\/fr\/appartamenti-suites\/mini-suite-stellamarina-201\/\" \/>\n<meta property=\"og:locale\" content=\"fr_FR\" \/>\n<meta property=\"og:type\" content=\"article\" \/>\n<meta property=\"og:title\" content=\"Mini Suite Stellamarina 201 - Cavalluccio Marino Hotel &amp; Residence\" \/>\n<meta property=\"og:description\" content=\"Un deux-pi\u00e8ces enti\u00e8rement r\u00e9nov\u00e9, situ\u00e9 au premier \u00e9tage, sans vue sur la mer, avec une fen\u00eatre.  &nbsp;  \u00c9quip\u00e9 de tout le confort\u00a0: chambre \u00e0 coucher, salon avec canap\u00e9-lit et kitchenette \u00e9quip\u00e9e d\u2019un r\u00e9frig\u00e9rateur et d\u2019un four \u00e0 micro-ondes, salle de bain avec cabine de douche, s\u00e8che-cheveux, 2\u00a0t\u00e9l\u00e9visions LED de 24\u00a0po et 32\u00a0po, climatisation\/chauffage ind\u00e9pendant(e)..\" \/>\n<meta property=\"og:url\" content=\"https:\/\/www.riminihotelcavallucciomarino.it\/fr\/appartamenti-suites\/mini-suite-stellamarina-201\/\" \/>\n<meta property=\"og:site_name\" content=\"Cavalluccio Marino Hotel &amp; Residence\" \/>\n<meta property=\"article:publisher\" content=\"https:\/\/www.facebook.com\/HotelCavalluccioMarino.Rimini\" \/>\n<meta property=\"article:modified_time\" content=\"2024-12-09T10:15:51+00:00\" \/>\n<meta property=\"og:image\" content=\"https:\/\/www.riminihotelcavallucciomarino.it\/wp-content\/uploads\/sites\/89\/2024\/01\/14.jpg\" \/>\n\t<meta property=\"og:image:width\" content=\"1500\" \/>\n\t<meta property=\"og:image:height\" content=\"998\" \/>\n\t<meta property=\"og:image:type\" content=\"image\/jpeg\" \/>\n<meta name=\"twitter:card\" content=\"summary_large_image\" \/>\n<meta name=\"twitter:label1\" content=\"Dur\u00e9e de lecture estim\u00e9e\" \/>\n\t<meta name=\"twitter:data1\" content=\"1 minute\" \/>\n<script type=\"application\/ld+json\" class=\"yoast-schema-graph\">{\"@context\":\"https:\\\/\\\/schema.org\",\"@graph\":[{\"@type\":\"WebPage\",\"@id\":\"https:\\\/\\\/www.riminihotelcavallucciomarino.it\\\/fr\\\/appartamenti-suites\\\/mini-suite-stellamarina-201\\\/\",\"url\":\"https:\\\/\\\/www.riminihotelcavallucciomarino.it\\\/fr\\\/appartamenti-suites\\\/mini-suite-stellamarina-201\\\/\",\"name\":\"Mini Suite Stellamarina 201 - Cavalluccio Marino Hotel & Residence\",\"isPartOf\":{\"@id\":\"https:\\\/\\\/www.riminihotelcavallucciomarino.it\\\/fr\\\/#website\"},\"primaryImageOfPage\":{\"@id\":\"https:\\\/\\\/www.riminihotelcavallucciomarino.it\\\/fr\\\/appartamenti-suites\\\/mini-suite-stellamarina-201\\\/#primaryimage\"},\"image\":{\"@id\":\"https:\\\/\\\/www.riminihotelcavallucciomarino.it\\\/fr\\\/appartamenti-suites\\\/mini-suite-stellamarina-201\\\/#primaryimage\"},\"thumbnailUrl\":\"https:\\\/\\\/www.riminihotelcavallucciomarino.it\\\/wp-content\\\/uploads\\\/sites\\\/89\\\/2024\\\/01\\\/14.jpg\",\"datePublished\":\"2024-01-02T10:32:05+00:00\",\"dateModified\":\"2024-12-09T10:15:51+00:00\",\"description\":\"Un deux-pi\u00e8ces enti\u00e8rement r\u00e9nov\u00e9, situ\u00e9 au premier \u00e9tage, sans vue sur la mer, avec une fen\u00eatre. &nbsp; \u00c9quip\u00e9 de tout le confort\u00a0: chambre \u00e0 coucher, salon avec canap\u00e9-lit et kitchenette \u00e9quip\u00e9e d\u2019un r\u00e9frig\u00e9rateur et d\u2019un four \u00e0 micro-ondes, salle de bain avec cabine de douche, s\u00e8che-cheveux, 2\u00a0t\u00e9l\u00e9visions LED de 24\u00a0po et 32\u00a0po, climatisation\\\/chauffage ind\u00e9pendant(e)..\",\"breadcrumb\":{\"@id\":\"https:\\\/\\\/www.riminihotelcavallucciomarino.it\\\/fr\\\/appartamenti-suites\\\/mini-suite-stellamarina-201\\\/#breadcrumb\"},\"inLanguage\":\"fr-FR\",\"potentialAction\":[{\"@type\":\"ReadAction\",\"target\":[\"https:\\\/\\\/www.riminihotelcavallucciomarino.it\\\/fr\\\/appartamenti-suites\\\/mini-suite-stellamarina-201\\\/\"]}]},{\"@type\":\"ImageObject\",\"inLanguage\":\"fr-FR\",\"@id\":\"https:\\\/\\\/www.riminihotelcavallucciomarino.it\\\/fr\\\/appartamenti-suites\\\/mini-suite-stellamarina-201\\\/#primaryimage\",\"url\":\"https:\\\/\\\/www.riminihotelcavallucciomarino.it\\\/wp-content\\\/uploads\\\/sites\\\/89\\\/2024\\\/01\\\/14.jpg\",\"contentUrl\":\"https:\\\/\\\/www.riminihotelcavallucciomarino.it\\\/wp-content\\\/uploads\\\/sites\\\/89\\\/2024\\\/01\\\/14.jpg\",\"width\":1500,\"height\":998},{\"@type\":\"BreadcrumbList\",\"@id\":\"https:\\\/\\\/www.riminihotelcavallucciomarino.it\\\/fr\\\/appartamenti-suites\\\/mini-suite-stellamarina-201\\\/#breadcrumb\",\"itemListElement\":[{\"@type\":\"ListItem\",\"position\":1,\"name\":\"Home\",\"item\":\"https:\\\/\\\/www.riminihotelcavallucciomarino.it\\\/fr\\\/\"},{\"@type\":\"ListItem\",\"position\":2,\"name\":\"Appartements &#038; Suites\",\"item\":\"https:\\\/\\\/www.riminihotelcavallucciomarino.it\\\/fr\\\/appartamenti-suites\\\/\"},{\"@type\":\"ListItem\",\"position\":3,\"name\":\"Mini Suite Stellamarina 201\"}]},{\"@type\":\"WebSite\",\"@id\":\"https:\\\/\\\/www.riminihotelcavallucciomarino.it\\\/fr\\\/#website\",\"url\":\"https:\\\/\\\/www.riminihotelcavallucciomarino.it\\\/fr\\\/\",\"name\":\"Cavalluccio Marino Hotel & Residence\",\"description\":\"\",\"publisher\":{\"@id\":\"https:\\\/\\\/www.riminihotelcavallucciomarino.it\\\/fr\\\/#organization\"},\"potentialAction\":[{\"@type\":\"SearchAction\",\"target\":{\"@type\":\"EntryPoint\",\"urlTemplate\":\"https:\\\/\\\/www.riminihotelcavallucciomarino.it\\\/fr\\\/?s={search_term_string}\"},\"query-input\":{\"@type\":\"PropertyValueSpecification\",\"valueRequired\":true,\"valueName\":\"search_term_string\"}}],\"inLanguage\":\"fr-FR\"},{\"@type\":\"Organization\",\"@id\":\"https:\\\/\\\/www.riminihotelcavallucciomarino.it\\\/fr\\\/#organization\",\"name\":\"Cavalluccio Marino Hotel & Residence\",\"url\":\"https:\\\/\\\/www.riminihotelcavallucciomarino.it\\\/fr\\\/\",\"logo\":{\"@type\":\"ImageObject\",\"inLanguage\":\"fr-FR\",\"@id\":\"https:\\\/\\\/www.riminihotelcavallucciomarino.it\\\/fr\\\/#\\\/schema\\\/logo\\\/image\\\/\",\"url\":\"https:\\\/\\\/cavalluccio-marino.ms2.decms.eu\\\/wp-content\\\/uploads\\\/sites\\\/89\\\/2023\\\/12\\\/logo-grande-cavalluccio.png\",\"contentUrl\":\"https:\\\/\\\/cavalluccio-marino.ms2.decms.eu\\\/wp-content\\\/uploads\\\/sites\\\/89\\\/2023\\\/12\\\/logo-grande-cavalluccio.png\",\"width\":328,\"height\":167,\"caption\":\"Cavalluccio Marino Hotel & Residence\"},\"image\":{\"@id\":\"https:\\\/\\\/www.riminihotelcavallucciomarino.it\\\/fr\\\/#\\\/schema\\\/logo\\\/image\\\/\"},\"sameAs\":[\"https:\\\/\\\/www.facebook.com\\\/HotelCavalluccioMarino.Rimini\",\"https:\\\/\\\/www.instagram.com\\\/hotel.cavallucciomarino\\\/\"]}]}<\/script>\n<!-- \/ Yoast SEO plugin. -->","yoast_head_json":{"title":"Mini Suite Stellamarina 201 - Cavalluccio Marino Hotel & Residence","description":"Un deux-pi\u00e8ces enti\u00e8rement r\u00e9nov\u00e9, situ\u00e9 au premier \u00e9tage, sans vue sur la mer, avec une fen\u00eatre.  &nbsp;  \u00c9quip\u00e9 de tout le confort\u00a0: chambre \u00e0 coucher, salon avec canap\u00e9-lit et kitchenette \u00e9quip\u00e9e d\u2019un r\u00e9frig\u00e9rateur et d\u2019un four \u00e0 micro-ondes, salle de bain avec cabine de douche, s\u00e8che-cheveux, 2\u00a0t\u00e9l\u00e9visions LED de 24\u00a0po et 32\u00a0po, climatisation\/chauffage ind\u00e9pendant(e)..","robots":{"index":"index","follow":"follow","max-snippet":"max-snippet:-1","max-image-preview":"max-image-preview:large","max-video-preview":"max-video-preview:-1"},"canonical":"https:\/\/www.riminihotelcavallucciomarino.it\/fr\/appartamenti-suites\/mini-suite-stellamarina-201\/","og_locale":"fr_FR","og_type":"article","og_title":"Mini Suite Stellamarina 201 - Cavalluccio Marino Hotel & Residence","og_description":"Un deux-pi\u00e8ces enti\u00e8rement r\u00e9nov\u00e9, situ\u00e9 au premier \u00e9tage, sans vue sur la mer, avec une fen\u00eatre.  &nbsp;  \u00c9quip\u00e9 de tout le confort\u00a0: chambre \u00e0 coucher, salon avec canap\u00e9-lit et kitchenette \u00e9quip\u00e9e d\u2019un r\u00e9frig\u00e9rateur et d\u2019un four \u00e0 micro-ondes, salle de bain avec cabine de douche, s\u00e8che-cheveux, 2\u00a0t\u00e9l\u00e9visions LED de 24\u00a0po et 32\u00a0po, climatisation\/chauffage ind\u00e9pendant(e)..","og_url":"https:\/\/www.riminihotelcavallucciomarino.it\/fr\/appartamenti-suites\/mini-suite-stellamarina-201\/","og_site_name":"Cavalluccio Marino Hotel & Residence","article_publisher":"https:\/\/www.facebook.com\/HotelCavalluccioMarino.Rimini","article_modified_time":"2024-12-09T10:15:51+00:00","og_image":[{"width":1500,"height":998,"url":"https:\/\/www.riminihotelcavallucciomarino.it\/wp-content\/uploads\/sites\/89\/2024\/01\/14.jpg","type":"image\/jpeg"}],"twitter_card":"summary_large_image","twitter_misc":{"Dur\u00e9e de lecture estim\u00e9e":"1 minute"},"schema":{"@context":"https:\/\/schema.org","@graph":[{"@type":"WebPage","@id":"https:\/\/www.riminihotelcavallucciomarino.it\/fr\/appartamenti-suites\/mini-suite-stellamarina-201\/","url":"https:\/\/www.riminihotelcavallucciomarino.it\/fr\/appartamenti-suites\/mini-suite-stellamarina-201\/","name":"Mini Suite Stellamarina 201 - Cavalluccio Marino Hotel & Residence","isPartOf":{"@id":"https:\/\/www.riminihotelcavallucciomarino.it\/fr\/#website"},"primaryImageOfPage":{"@id":"https:\/\/www.riminihotelcavallucciomarino.it\/fr\/appartamenti-suites\/mini-suite-stellamarina-201\/#primaryimage"},"image":{"@id":"https:\/\/www.riminihotelcavallucciomarino.it\/fr\/appartamenti-suites\/mini-suite-stellamarina-201\/#primaryimage"},"thumbnailUrl":"https:\/\/www.riminihotelcavallucciomarino.it\/wp-content\/uploads\/sites\/89\/2024\/01\/14.jpg","datePublished":"2024-01-02T10:32:05+00:00","dateModified":"2024-12-09T10:15:51+00:00","description":"Un deux-pi\u00e8ces enti\u00e8rement r\u00e9nov\u00e9, situ\u00e9 au premier \u00e9tage, sans vue sur la mer, avec une fen\u00eatre. &nbsp; \u00c9quip\u00e9 de tout le confort\u00a0: chambre \u00e0 coucher, salon avec canap\u00e9-lit et kitchenette \u00e9quip\u00e9e d\u2019un r\u00e9frig\u00e9rateur et d\u2019un four \u00e0 micro-ondes, salle de bain avec cabine de douche, s\u00e8che-cheveux, 2\u00a0t\u00e9l\u00e9visions LED de 24\u00a0po et 32\u00a0po, climatisation\/chauffage ind\u00e9pendant(e)..","breadcrumb":{"@id":"https:\/\/www.riminihotelcavallucciomarino.it\/fr\/appartamenti-suites\/mini-suite-stellamarina-201\/#breadcrumb"},"inLanguage":"fr-FR","potentialAction":[{"@type":"ReadAction","target":["https:\/\/www.riminihotelcavallucciomarino.it\/fr\/appartamenti-suites\/mini-suite-stellamarina-201\/"]}]},{"@type":"ImageObject","inLanguage":"fr-FR","@id":"https:\/\/www.riminihotelcavallucciomarino.it\/fr\/appartamenti-suites\/mini-suite-stellamarina-201\/#primaryimage","url":"https:\/\/www.riminihotelcavallucciomarino.it\/wp-content\/uploads\/sites\/89\/2024\/01\/14.jpg","contentUrl":"https:\/\/www.riminihotelcavallucciomarino.it\/wp-content\/uploads\/sites\/89\/2024\/01\/14.jpg","width":1500,"height":998},{"@type":"BreadcrumbList","@id":"https:\/\/www.riminihotelcavallucciomarino.it\/fr\/appartamenti-suites\/mini-suite-stellamarina-201\/#breadcrumb","itemListElement":[{"@type":"ListItem","position":1,"name":"Home","item":"https:\/\/www.riminihotelcavallucciomarino.it\/fr\/"},{"@type":"ListItem","position":2,"name":"Appartements &#038; Suites","item":"https:\/\/www.riminihotelcavallucciomarino.it\/fr\/appartamenti-suites\/"},{"@type":"ListItem","position":3,"name":"Mini Suite Stellamarina 201"}]},{"@type":"WebSite","@id":"https:\/\/www.riminihotelcavallucciomarino.it\/fr\/#website","url":"https:\/\/www.riminihotelcavallucciomarino.it\/fr\/","name":"Cavalluccio Marino Hotel & Residence","description":"","publisher":{"@id":"https:\/\/www.riminihotelcavallucciomarino.it\/fr\/#organization"},"potentialAction":[{"@type":"SearchAction","target":{"@type":"EntryPoint","urlTemplate":"https:\/\/www.riminihotelcavallucciomarino.it\/fr\/?s={search_term_string}"},"query-input":{"@type":"PropertyValueSpecification","valueRequired":true,"valueName":"search_term_string"}}],"inLanguage":"fr-FR"},{"@type":"Organization","@id":"https:\/\/www.riminihotelcavallucciomarino.it\/fr\/#organization","name":"Cavalluccio Marino Hotel & Residence","url":"https:\/\/www.riminihotelcavallucciomarino.it\/fr\/","logo":{"@type":"ImageObject","inLanguage":"fr-FR","@id":"https:\/\/www.riminihotelcavallucciomarino.it\/fr\/#\/schema\/logo\/image\/","url":"https:\/\/cavalluccio-marino.ms2.decms.eu\/wp-content\/uploads\/sites\/89\/2023\/12\/logo-grande-cavalluccio.png","contentUrl":"https:\/\/cavalluccio-marino.ms2.decms.eu\/wp-content\/uploads\/sites\/89\/2023\/12\/logo-grande-cavalluccio.png","width":328,"height":167,"caption":"Cavalluccio Marino Hotel & Residence"},"image":{"@id":"https:\/\/www.riminihotelcavallucciomarino.it\/fr\/#\/schema\/logo\/image\/"},"sameAs":["https:\/\/www.facebook.com\/HotelCavalluccioMarino.Rimini","https:\/\/www.instagram.com\/hotel.cavallucciomarino\/"]}]}},"acf":[],"_links":{"self":[{"href":"https:\/\/www.riminihotelcavallucciomarino.it\/fr\/wp-json\/wp\/v2\/pages\/864","targetHints":{"allow":["GET"]}}],"collection":[{"href":"https:\/\/www.riminihotelcavallucciomarino.it\/fr\/wp-json\/wp\/v2\/pages"}],"about":[{"href":"https:\/\/www.riminihotelcavallucciomarino.it\/fr\/wp-json\/wp\/v2\/types\/page"}],"author":[{"embeddable":true,"href":"https:\/\/www.riminihotelcavallucciomarino.it\/fr\/wp-json\/wp\/v2\/users\/12"}],"replies":[{"embeddable":true,"href":"https:\/\/www.riminihotelcavallucciomarino.it\/fr\/wp-json\/wp\/v2\/comments?post=864"}],"version-history":[{"count":0,"href":"https:\/\/www.riminihotelcavallucciomarino.it\/fr\/wp-json\/wp\/v2\/pages\/864\/revisions"}],"up":[{"embeddable":true,"href":"https:\/\/www.riminihotelcavallucciomarino.it\/fr\/wp-json\/wp\/v2\/pages\/859"}],"wp:featuredmedia":[{"embeddable":true,"href":"https:\/\/www.riminihotelcavallucciomarino.it\/fr\/wp-json\/wp\/v2\/media\/718"}],"wp:attachment":[{"href":"https:\/\/www.riminihotelcavallucciomarino.it\/fr\/wp-json\/wp\/v2\/media?parent=864"}],"wp:term":[{"taxonomy":"category","embeddable":true,"href":"https:\/\/www.riminihotelcavallucciomarino.it\/fr\/wp-json\/wp\/v2\/categories?post=864"}],"curies":[{"name":"wp","href":"https:\/\/api.w.org\/{rel}","templated":true}]}}