{"id":863,"date":"2024-01-02T09:44:09","date_gmt":"2024-01-02T09:44:09","guid":{"rendered":"https:\/\/www.riminihotelcavallucciomarino.it\/appartamenti-suites\/trilo-corallo\/"},"modified":"2024-12-09T10:05:42","modified_gmt":"2024-12-09T10:05:42","slug":"trilo-corallo","status":"publish","type":"page","link":"https:\/\/www.riminihotelcavallucciomarino.it\/fr\/appartamenti-suites\/trilo-corallo\/","title":{"rendered":"Trois-pi\u00e8ces Corallo"},"content":{"rendered":"<p><span style=\"font-weight: 400;\">Un trois-pi\u00e8ces spacieux et fonctionnel (50\u00a0m\u00b2) situ\u00e9 au rez-de-chauss\u00e9e avec une terrasse commune avec vue sur la mer, ombrag\u00e9e et meubl\u00e9e, id\u00e9al pour qui recherche pour ses vacances de <strong>grands espaces et un confort maximal.<\/strong><\/span><\/p>\n<p><span style=\"font-weight: 400;\">Obtenu par l\u2019union d\u2019un deux-pi\u00e8ces Stellamarina et d\u2019une chambre spacieuse (22\u00a0m\u00b2) compos\u00e9e d\u2019un lit double (divisible) et d\u2019une grande salle de bain, d\u2019une insonorisation totale, d\u2019une climatisation \u00e0 s\u00e9lection individuelle et de rideaux occultants.<\/span><\/p>\n","protected":false},"excerpt":{"rendered":"<p>Un trois-pi\u00e8ces spacieux et fonctionnel (50\u00a0m\u00b2) situ\u00e9 au rez-de-chauss\u00e9e avec une terrasse commune avec vue sur la mer, ombrag\u00e9e et meubl\u00e9e, id\u00e9al pour qui recherche pour ses vacances de grands espaces et un confort maximal. Obtenu par l\u2019union d\u2019un deux-pi\u00e8ces Stellamarina et d\u2019une chambre spacieuse (22\u00a0m\u00b2) compos\u00e9e d\u2019un lit double (divisible) et d\u2019une grande salle [&hellip;]<\/p>\n","protected":false},"author":12,"featured_media":714,"parent":859,"menu_order":9,"comment_status":"closed","ping_status":"closed","template":"template-single-room.php","meta":{"footnotes":""},"categories":[],"class_list":["post-863","page","type-page","status-publish","has-post-thumbnail","hentry"],"yoast_head":"<!-- This site is optimized with the Yoast SEO plugin v27.3 - https:\/\/yoast.com\/product\/yoast-seo-wordpress\/ -->\n<title>Trois-pi\u00e8ces Corallo - Cavalluccio Marino Hotel &amp; Residence<\/title>\n<meta name=\"description\" content=\"Un trois-pi\u00e8ces spacieux et fonctionnel (50\u00a0m\u00b2) situ\u00e9 au rez-de-chauss\u00e9e avec une terrasse commune avec vue sur la mer, ombrag\u00e9e et meubl\u00e9e, id\u00e9al pour qui recherche pour ses vacances de grands espaces et un confort maximal.  Obtenu par l\u2019union d\u2019un deux-pi\u00e8ces Stellamarina et d\u2019une chambre spacieuse (22\u00a0m\u00b2) compos\u00e9e d\u2019un lit double (divisible) et d\u2019une grande salle de bain, d\u2019une insonorisation totale, d\u2019une climatisation \u00e0 s\u00e9lection individuelle et de rideaux occultants..\" \/>\n<meta name=\"robots\" content=\"index, follow, max-snippet:-1, max-image-preview:large, max-video-preview:-1\" \/>\n<link rel=\"canonical\" href=\"https:\/\/www.riminihotelcavallucciomarino.it\/fr\/appartamenti-suites\/trilo-corallo\/\" \/>\n<meta property=\"og:locale\" content=\"fr_FR\" \/>\n<meta property=\"og:type\" content=\"article\" \/>\n<meta property=\"og:title\" content=\"Trois-pi\u00e8ces Corallo - Cavalluccio Marino Hotel &amp; Residence\" \/>\n<meta property=\"og:description\" content=\"Un trois-pi\u00e8ces spacieux et fonctionnel (50\u00a0m\u00b2) situ\u00e9 au rez-de-chauss\u00e9e avec une terrasse commune avec vue sur la mer, ombrag\u00e9e et meubl\u00e9e, id\u00e9al pour qui recherche pour ses vacances de grands espaces et un confort maximal.  Obtenu par l\u2019union d\u2019un deux-pi\u00e8ces Stellamarina et d\u2019une chambre spacieuse (22\u00a0m\u00b2) compos\u00e9e d\u2019un lit double (divisible) et d\u2019une grande salle de bain, d\u2019une insonorisation totale, d\u2019une climatisation \u00e0 s\u00e9lection individuelle et de rideaux occultants..\" \/>\n<meta property=\"og:url\" content=\"https:\/\/www.riminihotelcavallucciomarino.it\/fr\/appartamenti-suites\/trilo-corallo\/\" \/>\n<meta property=\"og:site_name\" content=\"Cavalluccio Marino Hotel &amp; Residence\" \/>\n<meta property=\"article:publisher\" content=\"https:\/\/www.facebook.com\/HotelCavalluccioMarino.Rimini\" \/>\n<meta property=\"article:modified_time\" content=\"2024-12-09T10:05:42+00:00\" \/>\n<meta property=\"og:image\" content=\"https:\/\/www.riminihotelcavallucciomarino.it\/wp-content\/uploads\/sites\/89\/2024\/01\/35.jpg\" \/>\n\t<meta property=\"og:image:width\" content=\"1200\" \/>\n\t<meta property=\"og:image:height\" content=\"798\" \/>\n\t<meta property=\"og:image:type\" content=\"image\/jpeg\" \/>\n<meta name=\"twitter:card\" content=\"summary_large_image\" \/>\n<meta name=\"twitter:label1\" content=\"Dur\u00e9e de lecture estim\u00e9e\" \/>\n\t<meta name=\"twitter:data1\" content=\"1 minute\" \/>\n<script type=\"application\/ld+json\" class=\"yoast-schema-graph\">{\"@context\":\"https:\\\/\\\/schema.org\",\"@graph\":[{\"@type\":\"WebPage\",\"@id\":\"https:\\\/\\\/www.riminihotelcavallucciomarino.it\\\/fr\\\/appartamenti-suites\\\/trilo-corallo\\\/\",\"url\":\"https:\\\/\\\/www.riminihotelcavallucciomarino.it\\\/fr\\\/appartamenti-suites\\\/trilo-corallo\\\/\",\"name\":\"Trois-pi\u00e8ces Corallo - Cavalluccio Marino Hotel & Residence\",\"isPartOf\":{\"@id\":\"https:\\\/\\\/www.riminihotelcavallucciomarino.it\\\/fr\\\/#website\"},\"primaryImageOfPage\":{\"@id\":\"https:\\\/\\\/www.riminihotelcavallucciomarino.it\\\/fr\\\/appartamenti-suites\\\/trilo-corallo\\\/#primaryimage\"},\"image\":{\"@id\":\"https:\\\/\\\/www.riminihotelcavallucciomarino.it\\\/fr\\\/appartamenti-suites\\\/trilo-corallo\\\/#primaryimage\"},\"thumbnailUrl\":\"https:\\\/\\\/www.riminihotelcavallucciomarino.it\\\/wp-content\\\/uploads\\\/sites\\\/89\\\/2024\\\/01\\\/35.jpg\",\"datePublished\":\"2024-01-02T09:44:09+00:00\",\"dateModified\":\"2024-12-09T10:05:42+00:00\",\"description\":\"Un trois-pi\u00e8ces spacieux et fonctionnel (50\u00a0m\u00b2) situ\u00e9 au rez-de-chauss\u00e9e avec une terrasse commune avec vue sur la mer, ombrag\u00e9e et meubl\u00e9e, id\u00e9al pour qui recherche pour ses vacances de grands espaces et un confort maximal. Obtenu par l\u2019union d\u2019un deux-pi\u00e8ces Stellamarina et d\u2019une chambre spacieuse (22\u00a0m\u00b2) compos\u00e9e d\u2019un lit double (divisible) et d\u2019une grande salle de bain, d\u2019une insonorisation totale, d\u2019une climatisation \u00e0 s\u00e9lection individuelle et de rideaux occultants..\",\"breadcrumb\":{\"@id\":\"https:\\\/\\\/www.riminihotelcavallucciomarino.it\\\/fr\\\/appartamenti-suites\\\/trilo-corallo\\\/#breadcrumb\"},\"inLanguage\":\"fr-FR\",\"potentialAction\":[{\"@type\":\"ReadAction\",\"target\":[\"https:\\\/\\\/www.riminihotelcavallucciomarino.it\\\/fr\\\/appartamenti-suites\\\/trilo-corallo\\\/\"]}]},{\"@type\":\"ImageObject\",\"inLanguage\":\"fr-FR\",\"@id\":\"https:\\\/\\\/www.riminihotelcavallucciomarino.it\\\/fr\\\/appartamenti-suites\\\/trilo-corallo\\\/#primaryimage\",\"url\":\"https:\\\/\\\/www.riminihotelcavallucciomarino.it\\\/wp-content\\\/uploads\\\/sites\\\/89\\\/2024\\\/01\\\/35.jpg\",\"contentUrl\":\"https:\\\/\\\/www.riminihotelcavallucciomarino.it\\\/wp-content\\\/uploads\\\/sites\\\/89\\\/2024\\\/01\\\/35.jpg\",\"width\":1200,\"height\":798},{\"@type\":\"BreadcrumbList\",\"@id\":\"https:\\\/\\\/www.riminihotelcavallucciomarino.it\\\/fr\\\/appartamenti-suites\\\/trilo-corallo\\\/#breadcrumb\",\"itemListElement\":[{\"@type\":\"ListItem\",\"position\":1,\"name\":\"Home\",\"item\":\"https:\\\/\\\/www.riminihotelcavallucciomarino.it\\\/fr\\\/\"},{\"@type\":\"ListItem\",\"position\":2,\"name\":\"Appartements &#038; Suites\",\"item\":\"https:\\\/\\\/www.riminihotelcavallucciomarino.it\\\/fr\\\/appartamenti-suites\\\/\"},{\"@type\":\"ListItem\",\"position\":3,\"name\":\"Trois-pi\u00e8ces Corallo\"}]},{\"@type\":\"WebSite\",\"@id\":\"https:\\\/\\\/www.riminihotelcavallucciomarino.it\\\/fr\\\/#website\",\"url\":\"https:\\\/\\\/www.riminihotelcavallucciomarino.it\\\/fr\\\/\",\"name\":\"Cavalluccio Marino Hotel & Residence\",\"description\":\"\",\"publisher\":{\"@id\":\"https:\\\/\\\/www.riminihotelcavallucciomarino.it\\\/fr\\\/#organization\"},\"potentialAction\":[{\"@type\":\"SearchAction\",\"target\":{\"@type\":\"EntryPoint\",\"urlTemplate\":\"https:\\\/\\\/www.riminihotelcavallucciomarino.it\\\/fr\\\/?s={search_term_string}\"},\"query-input\":{\"@type\":\"PropertyValueSpecification\",\"valueRequired\":true,\"valueName\":\"search_term_string\"}}],\"inLanguage\":\"fr-FR\"},{\"@type\":\"Organization\",\"@id\":\"https:\\\/\\\/www.riminihotelcavallucciomarino.it\\\/fr\\\/#organization\",\"name\":\"Cavalluccio Marino Hotel & Residence\",\"url\":\"https:\\\/\\\/www.riminihotelcavallucciomarino.it\\\/fr\\\/\",\"logo\":{\"@type\":\"ImageObject\",\"inLanguage\":\"fr-FR\",\"@id\":\"https:\\\/\\\/www.riminihotelcavallucciomarino.it\\\/fr\\\/#\\\/schema\\\/logo\\\/image\\\/\",\"url\":\"https:\\\/\\\/cavalluccio-marino.ms2.decms.eu\\\/wp-content\\\/uploads\\\/sites\\\/89\\\/2023\\\/12\\\/logo-grande-cavalluccio.png\",\"contentUrl\":\"https:\\\/\\\/cavalluccio-marino.ms2.decms.eu\\\/wp-content\\\/uploads\\\/sites\\\/89\\\/2023\\\/12\\\/logo-grande-cavalluccio.png\",\"width\":328,\"height\":167,\"caption\":\"Cavalluccio Marino Hotel & Residence\"},\"image\":{\"@id\":\"https:\\\/\\\/www.riminihotelcavallucciomarino.it\\\/fr\\\/#\\\/schema\\\/logo\\\/image\\\/\"},\"sameAs\":[\"https:\\\/\\\/www.facebook.com\\\/HotelCavalluccioMarino.Rimini\",\"https:\\\/\\\/www.instagram.com\\\/hotel.cavallucciomarino\\\/\"]}]}<\/script>\n<!-- \/ Yoast SEO plugin. -->","yoast_head_json":{"title":"Trois-pi\u00e8ces Corallo - Cavalluccio Marino Hotel & Residence","description":"Un trois-pi\u00e8ces spacieux et fonctionnel (50\u00a0m\u00b2) situ\u00e9 au rez-de-chauss\u00e9e avec une terrasse commune avec vue sur la mer, ombrag\u00e9e et meubl\u00e9e, id\u00e9al pour qui recherche pour ses vacances de grands espaces et un confort maximal.  Obtenu par l\u2019union d\u2019un deux-pi\u00e8ces Stellamarina et d\u2019une chambre spacieuse (22\u00a0m\u00b2) compos\u00e9e d\u2019un lit double (divisible) et d\u2019une grande salle de bain, d\u2019une insonorisation totale, d\u2019une climatisation \u00e0 s\u00e9lection individuelle et de rideaux occultants..","robots":{"index":"index","follow":"follow","max-snippet":"max-snippet:-1","max-image-preview":"max-image-preview:large","max-video-preview":"max-video-preview:-1"},"canonical":"https:\/\/www.riminihotelcavallucciomarino.it\/fr\/appartamenti-suites\/trilo-corallo\/","og_locale":"fr_FR","og_type":"article","og_title":"Trois-pi\u00e8ces Corallo - Cavalluccio Marino Hotel & Residence","og_description":"Un trois-pi\u00e8ces spacieux et fonctionnel (50\u00a0m\u00b2) situ\u00e9 au rez-de-chauss\u00e9e avec une terrasse commune avec vue sur la mer, ombrag\u00e9e et meubl\u00e9e, id\u00e9al pour qui recherche pour ses vacances de grands espaces et un confort maximal.  Obtenu par l\u2019union d\u2019un deux-pi\u00e8ces Stellamarina et d\u2019une chambre spacieuse (22\u00a0m\u00b2) compos\u00e9e d\u2019un lit double (divisible) et d\u2019une grande salle de bain, d\u2019une insonorisation totale, d\u2019une climatisation \u00e0 s\u00e9lection individuelle et de rideaux occultants..","og_url":"https:\/\/www.riminihotelcavallucciomarino.it\/fr\/appartamenti-suites\/trilo-corallo\/","og_site_name":"Cavalluccio Marino Hotel & Residence","article_publisher":"https:\/\/www.facebook.com\/HotelCavalluccioMarino.Rimini","article_modified_time":"2024-12-09T10:05:42+00:00","og_image":[{"width":1200,"height":798,"url":"https:\/\/www.riminihotelcavallucciomarino.it\/wp-content\/uploads\/sites\/89\/2024\/01\/35.jpg","type":"image\/jpeg"}],"twitter_card":"summary_large_image","twitter_misc":{"Dur\u00e9e de lecture estim\u00e9e":"1 minute"},"schema":{"@context":"https:\/\/schema.org","@graph":[{"@type":"WebPage","@id":"https:\/\/www.riminihotelcavallucciomarino.it\/fr\/appartamenti-suites\/trilo-corallo\/","url":"https:\/\/www.riminihotelcavallucciomarino.it\/fr\/appartamenti-suites\/trilo-corallo\/","name":"Trois-pi\u00e8ces Corallo - Cavalluccio Marino Hotel & Residence","isPartOf":{"@id":"https:\/\/www.riminihotelcavallucciomarino.it\/fr\/#website"},"primaryImageOfPage":{"@id":"https:\/\/www.riminihotelcavallucciomarino.it\/fr\/appartamenti-suites\/trilo-corallo\/#primaryimage"},"image":{"@id":"https:\/\/www.riminihotelcavallucciomarino.it\/fr\/appartamenti-suites\/trilo-corallo\/#primaryimage"},"thumbnailUrl":"https:\/\/www.riminihotelcavallucciomarino.it\/wp-content\/uploads\/sites\/89\/2024\/01\/35.jpg","datePublished":"2024-01-02T09:44:09+00:00","dateModified":"2024-12-09T10:05:42+00:00","description":"Un trois-pi\u00e8ces spacieux et fonctionnel (50\u00a0m\u00b2) situ\u00e9 au rez-de-chauss\u00e9e avec une terrasse commune avec vue sur la mer, ombrag\u00e9e et meubl\u00e9e, id\u00e9al pour qui recherche pour ses vacances de grands espaces et un confort maximal. Obtenu par l\u2019union d\u2019un deux-pi\u00e8ces Stellamarina et d\u2019une chambre spacieuse (22\u00a0m\u00b2) compos\u00e9e d\u2019un lit double (divisible) et d\u2019une grande salle de bain, d\u2019une insonorisation totale, d\u2019une climatisation \u00e0 s\u00e9lection individuelle et de rideaux occultants..","breadcrumb":{"@id":"https:\/\/www.riminihotelcavallucciomarino.it\/fr\/appartamenti-suites\/trilo-corallo\/#breadcrumb"},"inLanguage":"fr-FR","potentialAction":[{"@type":"ReadAction","target":["https:\/\/www.riminihotelcavallucciomarino.it\/fr\/appartamenti-suites\/trilo-corallo\/"]}]},{"@type":"ImageObject","inLanguage":"fr-FR","@id":"https:\/\/www.riminihotelcavallucciomarino.it\/fr\/appartamenti-suites\/trilo-corallo\/#primaryimage","url":"https:\/\/www.riminihotelcavallucciomarino.it\/wp-content\/uploads\/sites\/89\/2024\/01\/35.jpg","contentUrl":"https:\/\/www.riminihotelcavallucciomarino.it\/wp-content\/uploads\/sites\/89\/2024\/01\/35.jpg","width":1200,"height":798},{"@type":"BreadcrumbList","@id":"https:\/\/www.riminihotelcavallucciomarino.it\/fr\/appartamenti-suites\/trilo-corallo\/#breadcrumb","itemListElement":[{"@type":"ListItem","position":1,"name":"Home","item":"https:\/\/www.riminihotelcavallucciomarino.it\/fr\/"},{"@type":"ListItem","position":2,"name":"Appartements &#038; Suites","item":"https:\/\/www.riminihotelcavallucciomarino.it\/fr\/appartamenti-suites\/"},{"@type":"ListItem","position":3,"name":"Trois-pi\u00e8ces Corallo"}]},{"@type":"WebSite","@id":"https:\/\/www.riminihotelcavallucciomarino.it\/fr\/#website","url":"https:\/\/www.riminihotelcavallucciomarino.it\/fr\/","name":"Cavalluccio Marino Hotel & Residence","description":"","publisher":{"@id":"https:\/\/www.riminihotelcavallucciomarino.it\/fr\/#organization"},"potentialAction":[{"@type":"SearchAction","target":{"@type":"EntryPoint","urlTemplate":"https:\/\/www.riminihotelcavallucciomarino.it\/fr\/?s={search_term_string}"},"query-input":{"@type":"PropertyValueSpecification","valueRequired":true,"valueName":"search_term_string"}}],"inLanguage":"fr-FR"},{"@type":"Organization","@id":"https:\/\/www.riminihotelcavallucciomarino.it\/fr\/#organization","name":"Cavalluccio Marino Hotel & Residence","url":"https:\/\/www.riminihotelcavallucciomarino.it\/fr\/","logo":{"@type":"ImageObject","inLanguage":"fr-FR","@id":"https:\/\/www.riminihotelcavallucciomarino.it\/fr\/#\/schema\/logo\/image\/","url":"https:\/\/cavalluccio-marino.ms2.decms.eu\/wp-content\/uploads\/sites\/89\/2023\/12\/logo-grande-cavalluccio.png","contentUrl":"https:\/\/cavalluccio-marino.ms2.decms.eu\/wp-content\/uploads\/sites\/89\/2023\/12\/logo-grande-cavalluccio.png","width":328,"height":167,"caption":"Cavalluccio Marino Hotel & Residence"},"image":{"@id":"https:\/\/www.riminihotelcavallucciomarino.it\/fr\/#\/schema\/logo\/image\/"},"sameAs":["https:\/\/www.facebook.com\/HotelCavalluccioMarino.Rimini","https:\/\/www.instagram.com\/hotel.cavallucciomarino\/"]}]}},"acf":[],"_links":{"self":[{"href":"https:\/\/www.riminihotelcavallucciomarino.it\/fr\/wp-json\/wp\/v2\/pages\/863","targetHints":{"allow":["GET"]}}],"collection":[{"href":"https:\/\/www.riminihotelcavallucciomarino.it\/fr\/wp-json\/wp\/v2\/pages"}],"about":[{"href":"https:\/\/www.riminihotelcavallucciomarino.it\/fr\/wp-json\/wp\/v2\/types\/page"}],"author":[{"embeddable":true,"href":"https:\/\/www.riminihotelcavallucciomarino.it\/fr\/wp-json\/wp\/v2\/users\/12"}],"replies":[{"embeddable":true,"href":"https:\/\/www.riminihotelcavallucciomarino.it\/fr\/wp-json\/wp\/v2\/comments?post=863"}],"version-history":[{"count":0,"href":"https:\/\/www.riminihotelcavallucciomarino.it\/fr\/wp-json\/wp\/v2\/pages\/863\/revisions"}],"up":[{"embeddable":true,"href":"https:\/\/www.riminihotelcavallucciomarino.it\/fr\/wp-json\/wp\/v2\/pages\/859"}],"wp:featuredmedia":[{"embeddable":true,"href":"https:\/\/www.riminihotelcavallucciomarino.it\/fr\/wp-json\/wp\/v2\/media\/714"}],"wp:attachment":[{"href":"https:\/\/www.riminihotelcavallucciomarino.it\/fr\/wp-json\/wp\/v2\/media?parent=863"}],"wp:term":[{"taxonomy":"category","embeddable":true,"href":"https:\/\/www.riminihotelcavallucciomarino.it\/fr\/wp-json\/wp\/v2\/categories?post=863"}],"curies":[{"name":"wp","href":"https:\/\/api.w.org\/{rel}","templated":true}]}}