{"id":860,"date":"2023-12-19T15:29:40","date_gmt":"2023-12-19T15:29:40","guid":{"rendered":"https:\/\/www.riminihotelcavallucciomarino.it\/appartamenti-suites\/suite-stellamarina\/"},"modified":"2024-12-09T09:59:19","modified_gmt":"2024-12-09T09:59:19","slug":"suite-stellamarina","status":"publish","type":"page","link":"https:\/\/www.riminihotelcavallucciomarino.it\/fr\/appartamenti-suites\/suite-stellamarina\/","title":{"rendered":"Suite Stellamarina"},"content":{"rendered":"<p>Une<strong> suite deux pi\u00e8ces lumineuse<\/strong> au rez-de-chauss\u00e9e (32\u00a0m\u00b2) avec vue partielle ou lat\u00e9rale sur la mer, situ\u00e9e \u00e0 quelques pas de la plage avec une entr\u00e9e ind\u00e9pendante int\u00e9rieure et ext\u00e9rieure, un <strong>mobilier moderne, un sol en c\u00e9ramique, une insonorisation totale,<\/strong> une climatisation \u00e0 s\u00e9lection individuelle, des rideaux occultants et une terrasse avec vue sur la mer, commune, ombrag\u00e9e et meubl\u00e9e.<\/p>\n","protected":false},"excerpt":{"rendered":"<p>Une suite deux pi\u00e8ces lumineuse au rez-de-chauss\u00e9e (32\u00a0m\u00b2) avec vue partielle ou lat\u00e9rale sur la mer, situ\u00e9e \u00e0 quelques pas de la plage avec une entr\u00e9e ind\u00e9pendante int\u00e9rieure et ext\u00e9rieure, un mobilier moderne, un sol en c\u00e9ramique, une insonorisation totale, une climatisation \u00e0 s\u00e9lection individuelle, des rideaux occultants et une terrasse avec vue sur la [&hellip;]<\/p>\n","protected":false},"author":12,"featured_media":677,"parent":859,"menu_order":6,"comment_status":"closed","ping_status":"closed","template":"template-single-room.php","meta":{"footnotes":""},"categories":[],"yoast_head":"<!-- This site is optimized with the Yoast SEO plugin v22.3 - https:\/\/yoast.com\/wordpress\/plugins\/seo\/ -->\n<title>Suite Stellamarina - Cavalluccio Marino Hotel &amp; Residence<\/title>\n<meta name=\"description\" content=\"Une suite deux pi\u00e8ces lumineuse au rez-de-chauss\u00e9e (32\u00a0m\u00b2) avec vue partielle ou lat\u00e9rale sur la mer, situ\u00e9e \u00e0 quelques pas de la plage avec une entr\u00e9e ind\u00e9pendante int\u00e9rieure et ext\u00e9rieure, un mobilier moderne, un sol en c\u00e9ramique, une insonorisation totale, une climatisation \u00e0 s\u00e9lection individuelle, des rideaux occultants et une terrasse avec vue sur la mer, commune, ombrag\u00e9e et meubl\u00e9e..\" \/>\n<meta name=\"robots\" content=\"index, follow, max-snippet:-1, max-image-preview:large, max-video-preview:-1\" \/>\n<link rel=\"canonical\" href=\"https:\/\/www.riminihotelcavallucciomarino.it\/fr\/appartamenti-suites\/suite-stellamarina\/\" \/>\n<meta property=\"og:locale\" content=\"fr_FR\" \/>\n<meta property=\"og:type\" content=\"article\" \/>\n<meta property=\"og:title\" content=\"Suite Stellamarina - Cavalluccio Marino Hotel &amp; Residence\" \/>\n<meta property=\"og:description\" content=\"Une suite deux pi\u00e8ces lumineuse au rez-de-chauss\u00e9e (32\u00a0m\u00b2) avec vue partielle ou lat\u00e9rale sur la mer, situ\u00e9e \u00e0 quelques pas de la plage avec une entr\u00e9e ind\u00e9pendante int\u00e9rieure et ext\u00e9rieure, un mobilier moderne, un sol en c\u00e9ramique, une insonorisation totale, une climatisation \u00e0 s\u00e9lection individuelle, des rideaux occultants et une terrasse avec vue sur la mer, commune, ombrag\u00e9e et meubl\u00e9e..\" \/>\n<meta property=\"og:url\" content=\"https:\/\/www.riminihotelcavallucciomarino.it\/fr\/appartamenti-suites\/suite-stellamarina\/\" \/>\n<meta property=\"og:site_name\" content=\"Cavalluccio Marino Hotel &amp; Residence\" \/>\n<meta property=\"article:publisher\" content=\"https:\/\/www.facebook.com\/HotelCavalluccioMarino.Rimini\" \/>\n<meta property=\"article:modified_time\" content=\"2024-12-09T09:59:19+00:00\" \/>\n<meta property=\"og:image\" content=\"https:\/\/www.riminihotelcavallucciomarino.it\/wp-content\/uploads\/sites\/89\/2023\/12\/suite-corallo-camera-cavalluccio-marino.jpg\" \/>\n\t<meta property=\"og:image:width\" content=\"1200\" \/>\n\t<meta property=\"og:image:height\" content=\"800\" \/>\n\t<meta property=\"og:image:type\" content=\"image\/jpeg\" \/>\n<meta name=\"twitter:card\" content=\"summary_large_image\" \/>\n<meta name=\"twitter:label1\" content=\"Dur\u00e9e de lecture estim\u00e9e\" \/>\n\t<meta name=\"twitter:data1\" content=\"1 minute\" \/>\n<script type=\"application\/ld+json\" class=\"yoast-schema-graph\">{\"@context\":\"https:\/\/schema.org\",\"@graph\":[{\"@type\":\"WebPage\",\"@id\":\"https:\/\/www.riminihotelcavallucciomarino.it\/fr\/appartamenti-suites\/suite-stellamarina\/\",\"url\":\"https:\/\/www.riminihotelcavallucciomarino.it\/fr\/appartamenti-suites\/suite-stellamarina\/\",\"name\":\"Suite Stellamarina - Cavalluccio Marino Hotel & Residence\",\"isPartOf\":{\"@id\":\"https:\/\/www.riminihotelcavallucciomarino.it\/fr\/#website\"},\"primaryImageOfPage\":{\"@id\":\"https:\/\/www.riminihotelcavallucciomarino.it\/fr\/appartamenti-suites\/suite-stellamarina\/#primaryimage\"},\"image\":{\"@id\":\"https:\/\/www.riminihotelcavallucciomarino.it\/fr\/appartamenti-suites\/suite-stellamarina\/#primaryimage\"},\"thumbnailUrl\":\"https:\/\/www.riminihotelcavallucciomarino.it\/wp-content\/uploads\/sites\/89\/2023\/12\/suite-corallo-camera-cavalluccio-marino.jpg\",\"datePublished\":\"2023-12-19T15:29:40+00:00\",\"dateModified\":\"2024-12-09T09:59:19+00:00\",\"description\":\"Une suite deux pi\u00e8ces lumineuse au rez-de-chauss\u00e9e (32\u00a0m\u00b2) avec vue partielle ou lat\u00e9rale sur la mer, situ\u00e9e \u00e0 quelques pas de la plage avec une entr\u00e9e ind\u00e9pendante int\u00e9rieure et ext\u00e9rieure, un mobilier moderne, un sol en c\u00e9ramique, une insonorisation totale, une climatisation \u00e0 s\u00e9lection individuelle, des rideaux occultants et une terrasse avec vue sur la mer, commune, ombrag\u00e9e et meubl\u00e9e..\",\"breadcrumb\":{\"@id\":\"https:\/\/www.riminihotelcavallucciomarino.it\/fr\/appartamenti-suites\/suite-stellamarina\/#breadcrumb\"},\"inLanguage\":\"fr-FR\",\"potentialAction\":[{\"@type\":\"ReadAction\",\"target\":[\"https:\/\/www.riminihotelcavallucciomarino.it\/fr\/appartamenti-suites\/suite-stellamarina\/\"]}]},{\"@type\":\"ImageObject\",\"inLanguage\":\"fr-FR\",\"@id\":\"https:\/\/www.riminihotelcavallucciomarino.it\/fr\/appartamenti-suites\/suite-stellamarina\/#primaryimage\",\"url\":\"https:\/\/www.riminihotelcavallucciomarino.it\/wp-content\/uploads\/sites\/89\/2023\/12\/suite-corallo-camera-cavalluccio-marino.jpg\",\"contentUrl\":\"https:\/\/www.riminihotelcavallucciomarino.it\/wp-content\/uploads\/sites\/89\/2023\/12\/suite-corallo-camera-cavalluccio-marino.jpg\",\"width\":1200,\"height\":800},{\"@type\":\"BreadcrumbList\",\"@id\":\"https:\/\/www.riminihotelcavallucciomarino.it\/fr\/appartamenti-suites\/suite-stellamarina\/#breadcrumb\",\"itemListElement\":[{\"@type\":\"ListItem\",\"position\":1,\"name\":\"Home\",\"item\":\"https:\/\/www.riminihotelcavallucciomarino.it\/fr\/\"},{\"@type\":\"ListItem\",\"position\":2,\"name\":\"Appartements &#038; Suites\",\"item\":\"https:\/\/www.riminihotelcavallucciomarino.it\/fr\/appartamenti-suites\/\"},{\"@type\":\"ListItem\",\"position\":3,\"name\":\"Suite Stellamarina\"}]},{\"@type\":\"WebSite\",\"@id\":\"https:\/\/www.riminihotelcavallucciomarino.it\/fr\/#website\",\"url\":\"https:\/\/www.riminihotelcavallucciomarino.it\/fr\/\",\"name\":\"Cavalluccio Marino Hotel & Residence\",\"description\":\"\",\"publisher\":{\"@id\":\"https:\/\/www.riminihotelcavallucciomarino.it\/fr\/#organization\"},\"potentialAction\":[{\"@type\":\"SearchAction\",\"target\":{\"@type\":\"EntryPoint\",\"urlTemplate\":\"https:\/\/www.riminihotelcavallucciomarino.it\/fr\/?s={search_term_string}\"},\"query-input\":\"required name=search_term_string\"}],\"inLanguage\":\"fr-FR\"},{\"@type\":\"Organization\",\"@id\":\"https:\/\/www.riminihotelcavallucciomarino.it\/fr\/#organization\",\"name\":\"Cavalluccio Marino Hotel & Residence\",\"url\":\"https:\/\/www.riminihotelcavallucciomarino.it\/fr\/\",\"logo\":{\"@type\":\"ImageObject\",\"inLanguage\":\"fr-FR\",\"@id\":\"https:\/\/www.riminihotelcavallucciomarino.it\/fr\/#\/schema\/logo\/image\/\",\"url\":\"https:\/\/cavalluccio-marino.ms2.decms.eu\/wp-content\/uploads\/sites\/89\/2023\/12\/logo-grande-cavalluccio.png\",\"contentUrl\":\"https:\/\/cavalluccio-marino.ms2.decms.eu\/wp-content\/uploads\/sites\/89\/2023\/12\/logo-grande-cavalluccio.png\",\"width\":328,\"height\":167,\"caption\":\"Cavalluccio Marino Hotel & Residence\"},\"image\":{\"@id\":\"https:\/\/www.riminihotelcavallucciomarino.it\/fr\/#\/schema\/logo\/image\/\"},\"sameAs\":[\"https:\/\/www.facebook.com\/HotelCavalluccioMarino.Rimini\",\"https:\/\/www.instagram.com\/hotel.cavallucciomarino\/\"]}]}<\/script>\n<!-- \/ Yoast SEO plugin. -->","yoast_head_json":{"title":"Suite Stellamarina - Cavalluccio Marino Hotel & Residence","description":"Une suite deux pi\u00e8ces lumineuse au rez-de-chauss\u00e9e (32\u00a0m\u00b2) avec vue partielle ou lat\u00e9rale sur la mer, situ\u00e9e \u00e0 quelques pas de la plage avec une entr\u00e9e ind\u00e9pendante int\u00e9rieure et ext\u00e9rieure, un mobilier moderne, un sol en c\u00e9ramique, une insonorisation totale, une climatisation \u00e0 s\u00e9lection individuelle, des rideaux occultants et une terrasse avec vue sur la mer, commune, ombrag\u00e9e et meubl\u00e9e..","robots":{"index":"index","follow":"follow","max-snippet":"max-snippet:-1","max-image-preview":"max-image-preview:large","max-video-preview":"max-video-preview:-1"},"canonical":"https:\/\/www.riminihotelcavallucciomarino.it\/fr\/appartamenti-suites\/suite-stellamarina\/","og_locale":"fr_FR","og_type":"article","og_title":"Suite Stellamarina - Cavalluccio Marino Hotel & Residence","og_description":"Une suite deux pi\u00e8ces lumineuse au rez-de-chauss\u00e9e (32\u00a0m\u00b2) avec vue partielle ou lat\u00e9rale sur la mer, situ\u00e9e \u00e0 quelques pas de la plage avec une entr\u00e9e ind\u00e9pendante int\u00e9rieure et ext\u00e9rieure, un mobilier moderne, un sol en c\u00e9ramique, une insonorisation totale, une climatisation \u00e0 s\u00e9lection individuelle, des rideaux occultants et une terrasse avec vue sur la mer, commune, ombrag\u00e9e et meubl\u00e9e..","og_url":"https:\/\/www.riminihotelcavallucciomarino.it\/fr\/appartamenti-suites\/suite-stellamarina\/","og_site_name":"Cavalluccio Marino Hotel & Residence","article_publisher":"https:\/\/www.facebook.com\/HotelCavalluccioMarino.Rimini","article_modified_time":"2024-12-09T09:59:19+00:00","og_image":[{"width":1200,"height":800,"url":"https:\/\/www.riminihotelcavallucciomarino.it\/wp-content\/uploads\/sites\/89\/2023\/12\/suite-corallo-camera-cavalluccio-marino.jpg","type":"image\/jpeg"}],"twitter_card":"summary_large_image","twitter_misc":{"Dur\u00e9e de lecture estim\u00e9e":"1 minute"},"schema":{"@context":"https:\/\/schema.org","@graph":[{"@type":"WebPage","@id":"https:\/\/www.riminihotelcavallucciomarino.it\/fr\/appartamenti-suites\/suite-stellamarina\/","url":"https:\/\/www.riminihotelcavallucciomarino.it\/fr\/appartamenti-suites\/suite-stellamarina\/","name":"Suite Stellamarina - Cavalluccio Marino Hotel & Residence","isPartOf":{"@id":"https:\/\/www.riminihotelcavallucciomarino.it\/fr\/#website"},"primaryImageOfPage":{"@id":"https:\/\/www.riminihotelcavallucciomarino.it\/fr\/appartamenti-suites\/suite-stellamarina\/#primaryimage"},"image":{"@id":"https:\/\/www.riminihotelcavallucciomarino.it\/fr\/appartamenti-suites\/suite-stellamarina\/#primaryimage"},"thumbnailUrl":"https:\/\/www.riminihotelcavallucciomarino.it\/wp-content\/uploads\/sites\/89\/2023\/12\/suite-corallo-camera-cavalluccio-marino.jpg","datePublished":"2023-12-19T15:29:40+00:00","dateModified":"2024-12-09T09:59:19+00:00","description":"Une suite deux pi\u00e8ces lumineuse au rez-de-chauss\u00e9e (32\u00a0m\u00b2) avec vue partielle ou lat\u00e9rale sur la mer, situ\u00e9e \u00e0 quelques pas de la plage avec une entr\u00e9e ind\u00e9pendante int\u00e9rieure et ext\u00e9rieure, un mobilier moderne, un sol en c\u00e9ramique, une insonorisation totale, une climatisation \u00e0 s\u00e9lection individuelle, des rideaux occultants et une terrasse avec vue sur la mer, commune, ombrag\u00e9e et meubl\u00e9e..","breadcrumb":{"@id":"https:\/\/www.riminihotelcavallucciomarino.it\/fr\/appartamenti-suites\/suite-stellamarina\/#breadcrumb"},"inLanguage":"fr-FR","potentialAction":[{"@type":"ReadAction","target":["https:\/\/www.riminihotelcavallucciomarino.it\/fr\/appartamenti-suites\/suite-stellamarina\/"]}]},{"@type":"ImageObject","inLanguage":"fr-FR","@id":"https:\/\/www.riminihotelcavallucciomarino.it\/fr\/appartamenti-suites\/suite-stellamarina\/#primaryimage","url":"https:\/\/www.riminihotelcavallucciomarino.it\/wp-content\/uploads\/sites\/89\/2023\/12\/suite-corallo-camera-cavalluccio-marino.jpg","contentUrl":"https:\/\/www.riminihotelcavallucciomarino.it\/wp-content\/uploads\/sites\/89\/2023\/12\/suite-corallo-camera-cavalluccio-marino.jpg","width":1200,"height":800},{"@type":"BreadcrumbList","@id":"https:\/\/www.riminihotelcavallucciomarino.it\/fr\/appartamenti-suites\/suite-stellamarina\/#breadcrumb","itemListElement":[{"@type":"ListItem","position":1,"name":"Home","item":"https:\/\/www.riminihotelcavallucciomarino.it\/fr\/"},{"@type":"ListItem","position":2,"name":"Appartements &#038; Suites","item":"https:\/\/www.riminihotelcavallucciomarino.it\/fr\/appartamenti-suites\/"},{"@type":"ListItem","position":3,"name":"Suite Stellamarina"}]},{"@type":"WebSite","@id":"https:\/\/www.riminihotelcavallucciomarino.it\/fr\/#website","url":"https:\/\/www.riminihotelcavallucciomarino.it\/fr\/","name":"Cavalluccio Marino Hotel & Residence","description":"","publisher":{"@id":"https:\/\/www.riminihotelcavallucciomarino.it\/fr\/#organization"},"potentialAction":[{"@type":"SearchAction","target":{"@type":"EntryPoint","urlTemplate":"https:\/\/www.riminihotelcavallucciomarino.it\/fr\/?s={search_term_string}"},"query-input":"required name=search_term_string"}],"inLanguage":"fr-FR"},{"@type":"Organization","@id":"https:\/\/www.riminihotelcavallucciomarino.it\/fr\/#organization","name":"Cavalluccio Marino Hotel & Residence","url":"https:\/\/www.riminihotelcavallucciomarino.it\/fr\/","logo":{"@type":"ImageObject","inLanguage":"fr-FR","@id":"https:\/\/www.riminihotelcavallucciomarino.it\/fr\/#\/schema\/logo\/image\/","url":"https:\/\/cavalluccio-marino.ms2.decms.eu\/wp-content\/uploads\/sites\/89\/2023\/12\/logo-grande-cavalluccio.png","contentUrl":"https:\/\/cavalluccio-marino.ms2.decms.eu\/wp-content\/uploads\/sites\/89\/2023\/12\/logo-grande-cavalluccio.png","width":328,"height":167,"caption":"Cavalluccio Marino Hotel & Residence"},"image":{"@id":"https:\/\/www.riminihotelcavallucciomarino.it\/fr\/#\/schema\/logo\/image\/"},"sameAs":["https:\/\/www.facebook.com\/HotelCavalluccioMarino.Rimini","https:\/\/www.instagram.com\/hotel.cavallucciomarino\/"]}]}},"acf":[],"_links":{"self":[{"href":"https:\/\/www.riminihotelcavallucciomarino.it\/fr\/wp-json\/wp\/v2\/pages\/860"}],"collection":[{"href":"https:\/\/www.riminihotelcavallucciomarino.it\/fr\/wp-json\/wp\/v2\/pages"}],"about":[{"href":"https:\/\/www.riminihotelcavallucciomarino.it\/fr\/wp-json\/wp\/v2\/types\/page"}],"author":[{"embeddable":true,"href":"https:\/\/www.riminihotelcavallucciomarino.it\/fr\/wp-json\/wp\/v2\/users\/12"}],"replies":[{"embeddable":true,"href":"https:\/\/www.riminihotelcavallucciomarino.it\/fr\/wp-json\/wp\/v2\/comments?post=860"}],"version-history":[{"count":0,"href":"https:\/\/www.riminihotelcavallucciomarino.it\/fr\/wp-json\/wp\/v2\/pages\/860\/revisions"}],"up":[{"embeddable":true,"href":"https:\/\/www.riminihotelcavallucciomarino.it\/fr\/wp-json\/wp\/v2\/pages\/859"}],"wp:featuredmedia":[{"embeddable":true,"href":"https:\/\/www.riminihotelcavallucciomarino.it\/fr\/wp-json\/wp\/v2\/media\/677"}],"wp:attachment":[{"href":"https:\/\/www.riminihotelcavallucciomarino.it\/fr\/wp-json\/wp\/v2\/media?parent=860"}],"wp:term":[{"taxonomy":"category","embeddable":true,"href":"https:\/\/www.riminihotelcavallucciomarino.it\/fr\/wp-json\/wp\/v2\/categories?post=860"}],"curies":[{"name":"wp","href":"https:\/\/api.w.org\/{rel}","templated":true}]}}