{"id":1013,"date":"2026-03-26T08:25:05","date_gmt":"2026-03-26T08:25:05","guid":{"rendered":"https:\/\/www.riminihotelcavallucciomarino.it\/appartamenti-suites\/camera-stellamarina-102\/"},"modified":"2026-04-02T12:12:56","modified_gmt":"2026-04-02T12:12:56","slug":"camera-stellamarina-102","status":"publish","type":"page","link":"https:\/\/www.riminihotelcavallucciomarino.it\/fr\/appartamenti-suites\/camera-stellamarina-102\/","title":{"rendered":"Camera Stellamarina 102"},"content":{"rendered":"<p>Chambre spacieuse et lumineuse (22 m\u00b2), situ\u00e9e au rez-de-chauss\u00e9e avec un petit balcon et une vue lat\u00e9rale sur la mer. Con\u00e7ue pour un confort optimal, elle dispose d\u2019un lit double ou de lits jumeaux, d\u2019un r\u00e9frig\u00e9rateur, d\u2019une salle de bains avec cabine de douche et s\u00e8che-cheveux, d\u2019une t\u00e9l\u00e9vision LED 32\u201d, de la climatisation et du chauffage r\u00e9glables individuellement, de rideaux occultants et d\u2019un coffre pour ordinateur portable. Cette chambre est enti\u00e8rement accessible et \u00e9quip\u00e9e pour les personnes \u00e0 mobilit\u00e9 r\u00e9duite, sans barri\u00e8res architecturales.<\/p>\n","protected":false},"excerpt":{"rendered":"<p>Chambre spacieuse et lumineuse (22 m\u00b2), situ\u00e9e au rez-de-chauss\u00e9e avec un petit balcon et une vue lat\u00e9rale sur la mer. Con\u00e7ue pour un confort optimal, elle dispose d\u2019un lit double ou de lits jumeaux, d\u2019un r\u00e9frig\u00e9rateur, d\u2019une salle de bains avec cabine de douche et s\u00e8che-cheveux, d\u2019une t\u00e9l\u00e9vision LED 32\u201d, de la climatisation et du [&hellip;]<\/p>\n","protected":false},"author":199,"featured_media":993,"parent":859,"menu_order":11,"comment_status":"closed","ping_status":"closed","template":"template-single-room.php","meta":{"footnotes":""},"categories":[],"yoast_head":"<!-- This site is optimized with the Yoast SEO plugin v22.3 - https:\/\/yoast.com\/wordpress\/plugins\/seo\/ -->\n<title>Camera Stellamarina 102 - Cavalluccio Marino Hotel &amp; Residence<\/title>\n<meta name=\"description\" content=\"Chambre spacieuse et lumineuse (22 m\u00b2), situ\u00e9e au rez-de-chauss\u00e9e avec un petit balcon et une vue lat\u00e9rale sur la mer. Con\u00e7ue pour un confort optimal, elle dispose d\u2019un lit double ou de lits jumeaux, d\u2019un r\u00e9frig\u00e9rateur, d\u2019une salle de bains avec cabine de douche et s\u00e8che-cheveux, d\u2019une t\u00e9l\u00e9vision LED 32\u201d, de la climatisation et du chauffage r\u00e9glables individuellement, de rideaux occultants et d\u2019un coffre pour ordinateur portable\" \/>\n<meta name=\"robots\" content=\"index, follow, max-snippet:-1, max-image-preview:large, max-video-preview:-1\" \/>\n<link rel=\"canonical\" href=\"https:\/\/www.riminihotelcavallucciomarino.it\/fr\/appartamenti-suites\/camera-stellamarina-102\/\" \/>\n<meta property=\"og:locale\" content=\"fr_FR\" \/>\n<meta property=\"og:type\" content=\"article\" \/>\n<meta property=\"og:title\" content=\"Camera Stellamarina 102 - Cavalluccio Marino Hotel &amp; Residence\" \/>\n<meta property=\"og:description\" content=\"Chambre spacieuse et lumineuse (22 m\u00b2), situ\u00e9e au rez-de-chauss\u00e9e avec un petit balcon et une vue lat\u00e9rale sur la mer. Con\u00e7ue pour un confort optimal, elle dispose d\u2019un lit double ou de lits jumeaux, d\u2019un r\u00e9frig\u00e9rateur, d\u2019une salle de bains avec cabine de douche et s\u00e8che-cheveux, d\u2019une t\u00e9l\u00e9vision LED 32\u201d, de la climatisation et du chauffage r\u00e9glables individuellement, de rideaux occultants et d\u2019un coffre pour ordinateur portable\" \/>\n<meta property=\"og:url\" content=\"https:\/\/www.riminihotelcavallucciomarino.it\/fr\/appartamenti-suites\/camera-stellamarina-102\/\" \/>\n<meta property=\"og:site_name\" content=\"Cavalluccio Marino Hotel &amp; Residence\" \/>\n<meta property=\"article:publisher\" content=\"https:\/\/www.facebook.com\/HotelCavalluccioMarino.Rimini\" \/>\n<meta property=\"article:modified_time\" content=\"2026-04-02T12:12:56+00:00\" \/>\n<meta property=\"og:image\" content=\"https:\/\/www.riminihotelcavallucciomarino.it\/wp-content\/uploads\/sites\/89\/2026\/03\/227A4696.jpg\" \/>\n\t<meta property=\"og:image:width\" content=\"2200\" \/>\n\t<meta property=\"og:image:height\" content=\"1200\" \/>\n\t<meta property=\"og:image:type\" content=\"image\/jpeg\" \/>\n<meta name=\"twitter:card\" content=\"summary_large_image\" \/>\n<meta name=\"twitter:label1\" content=\"Dur\u00e9e de lecture estim\u00e9e\" \/>\n\t<meta name=\"twitter:data1\" content=\"1 minute\" \/>\n<script type=\"application\/ld+json\" class=\"yoast-schema-graph\">{\"@context\":\"https:\/\/schema.org\",\"@graph\":[{\"@type\":\"WebPage\",\"@id\":\"https:\/\/www.riminihotelcavallucciomarino.it\/fr\/appartamenti-suites\/camera-stellamarina-102\/\",\"url\":\"https:\/\/www.riminihotelcavallucciomarino.it\/fr\/appartamenti-suites\/camera-stellamarina-102\/\",\"name\":\"Camera Stellamarina 102 - Cavalluccio Marino Hotel & Residence\",\"isPartOf\":{\"@id\":\"https:\/\/www.riminihotelcavallucciomarino.it\/fr\/#website\"},\"primaryImageOfPage\":{\"@id\":\"https:\/\/www.riminihotelcavallucciomarino.it\/fr\/appartamenti-suites\/camera-stellamarina-102\/#primaryimage\"},\"image\":{\"@id\":\"https:\/\/www.riminihotelcavallucciomarino.it\/fr\/appartamenti-suites\/camera-stellamarina-102\/#primaryimage\"},\"thumbnailUrl\":\"https:\/\/www.riminihotelcavallucciomarino.it\/wp-content\/uploads\/sites\/89\/2026\/03\/227A4696.jpg\",\"datePublished\":\"2026-03-26T08:25:05+00:00\",\"dateModified\":\"2026-04-02T12:12:56+00:00\",\"description\":\"Chambre spacieuse et lumineuse (22 m\u00b2), situ\u00e9e au rez-de-chauss\u00e9e avec un petit balcon et une vue lat\u00e9rale sur la mer. Con\u00e7ue pour un confort optimal, elle dispose d\u2019un lit double ou de lits jumeaux, d\u2019un r\u00e9frig\u00e9rateur, d\u2019une salle de bains avec cabine de douche et s\u00e8che-cheveux, d\u2019une t\u00e9l\u00e9vision LED 32\u201d, de la climatisation et du chauffage r\u00e9glables individuellement, de rideaux occultants et d\u2019un coffre pour ordinateur portable\",\"breadcrumb\":{\"@id\":\"https:\/\/www.riminihotelcavallucciomarino.it\/fr\/appartamenti-suites\/camera-stellamarina-102\/#breadcrumb\"},\"inLanguage\":\"fr-FR\",\"potentialAction\":[{\"@type\":\"ReadAction\",\"target\":[\"https:\/\/www.riminihotelcavallucciomarino.it\/fr\/appartamenti-suites\/camera-stellamarina-102\/\"]}]},{\"@type\":\"ImageObject\",\"inLanguage\":\"fr-FR\",\"@id\":\"https:\/\/www.riminihotelcavallucciomarino.it\/fr\/appartamenti-suites\/camera-stellamarina-102\/#primaryimage\",\"url\":\"https:\/\/www.riminihotelcavallucciomarino.it\/wp-content\/uploads\/sites\/89\/2026\/03\/227A4696.jpg\",\"contentUrl\":\"https:\/\/www.riminihotelcavallucciomarino.it\/wp-content\/uploads\/sites\/89\/2026\/03\/227A4696.jpg\",\"width\":2200,\"height\":1200},{\"@type\":\"BreadcrumbList\",\"@id\":\"https:\/\/www.riminihotelcavallucciomarino.it\/fr\/appartamenti-suites\/camera-stellamarina-102\/#breadcrumb\",\"itemListElement\":[{\"@type\":\"ListItem\",\"position\":1,\"name\":\"Home\",\"item\":\"https:\/\/www.riminihotelcavallucciomarino.it\/fr\/\"},{\"@type\":\"ListItem\",\"position\":2,\"name\":\"Appartements &#038; Suites\",\"item\":\"https:\/\/www.riminihotelcavallucciomarino.it\/fr\/appartamenti-suites\/\"},{\"@type\":\"ListItem\",\"position\":3,\"name\":\"Camera Stellamarina 102\"}]},{\"@type\":\"WebSite\",\"@id\":\"https:\/\/www.riminihotelcavallucciomarino.it\/fr\/#website\",\"url\":\"https:\/\/www.riminihotelcavallucciomarino.it\/fr\/\",\"name\":\"Cavalluccio Marino Hotel & Residence\",\"description\":\"\",\"publisher\":{\"@id\":\"https:\/\/www.riminihotelcavallucciomarino.it\/fr\/#organization\"},\"potentialAction\":[{\"@type\":\"SearchAction\",\"target\":{\"@type\":\"EntryPoint\",\"urlTemplate\":\"https:\/\/www.riminihotelcavallucciomarino.it\/fr\/?s={search_term_string}\"},\"query-input\":\"required name=search_term_string\"}],\"inLanguage\":\"fr-FR\"},{\"@type\":\"Organization\",\"@id\":\"https:\/\/www.riminihotelcavallucciomarino.it\/fr\/#organization\",\"name\":\"Cavalluccio Marino Hotel & Residence\",\"url\":\"https:\/\/www.riminihotelcavallucciomarino.it\/fr\/\",\"logo\":{\"@type\":\"ImageObject\",\"inLanguage\":\"fr-FR\",\"@id\":\"https:\/\/www.riminihotelcavallucciomarino.it\/fr\/#\/schema\/logo\/image\/\",\"url\":\"https:\/\/cavalluccio-marino.ms2.decms.eu\/wp-content\/uploads\/sites\/89\/2023\/12\/logo-grande-cavalluccio.png\",\"contentUrl\":\"https:\/\/cavalluccio-marino.ms2.decms.eu\/wp-content\/uploads\/sites\/89\/2023\/12\/logo-grande-cavalluccio.png\",\"width\":328,\"height\":167,\"caption\":\"Cavalluccio Marino Hotel & Residence\"},\"image\":{\"@id\":\"https:\/\/www.riminihotelcavallucciomarino.it\/fr\/#\/schema\/logo\/image\/\"},\"sameAs\":[\"https:\/\/www.facebook.com\/HotelCavalluccioMarino.Rimini\",\"https:\/\/www.instagram.com\/hotel.cavallucciomarino\/\"]}]}<\/script>\n<!-- \/ Yoast SEO plugin. -->","yoast_head_json":{"title":"Camera Stellamarina 102 - Cavalluccio Marino Hotel & Residence","description":"Chambre spacieuse et lumineuse (22 m\u00b2), situ\u00e9e au rez-de-chauss\u00e9e avec un petit balcon et une vue lat\u00e9rale sur la mer. Con\u00e7ue pour un confort optimal, elle dispose d\u2019un lit double ou de lits jumeaux, d\u2019un r\u00e9frig\u00e9rateur, d\u2019une salle de bains avec cabine de douche et s\u00e8che-cheveux, d\u2019une t\u00e9l\u00e9vision LED 32\u201d, de la climatisation et du chauffage r\u00e9glables individuellement, de rideaux occultants et d\u2019un coffre pour ordinateur portable","robots":{"index":"index","follow":"follow","max-snippet":"max-snippet:-1","max-image-preview":"max-image-preview:large","max-video-preview":"max-video-preview:-1"},"canonical":"https:\/\/www.riminihotelcavallucciomarino.it\/fr\/appartamenti-suites\/camera-stellamarina-102\/","og_locale":"fr_FR","og_type":"article","og_title":"Camera Stellamarina 102 - Cavalluccio Marino Hotel & Residence","og_description":"Chambre spacieuse et lumineuse (22 m\u00b2), situ\u00e9e au rez-de-chauss\u00e9e avec un petit balcon et une vue lat\u00e9rale sur la mer. Con\u00e7ue pour un confort optimal, elle dispose d\u2019un lit double ou de lits jumeaux, d\u2019un r\u00e9frig\u00e9rateur, d\u2019une salle de bains avec cabine de douche et s\u00e8che-cheveux, d\u2019une t\u00e9l\u00e9vision LED 32\u201d, de la climatisation et du chauffage r\u00e9glables individuellement, de rideaux occultants et d\u2019un coffre pour ordinateur portable","og_url":"https:\/\/www.riminihotelcavallucciomarino.it\/fr\/appartamenti-suites\/camera-stellamarina-102\/","og_site_name":"Cavalluccio Marino Hotel & Residence","article_publisher":"https:\/\/www.facebook.com\/HotelCavalluccioMarino.Rimini","article_modified_time":"2026-04-02T12:12:56+00:00","og_image":[{"width":2200,"height":1200,"url":"https:\/\/www.riminihotelcavallucciomarino.it\/wp-content\/uploads\/sites\/89\/2026\/03\/227A4696.jpg","type":"image\/jpeg"}],"twitter_card":"summary_large_image","twitter_misc":{"Dur\u00e9e de lecture estim\u00e9e":"1 minute"},"schema":{"@context":"https:\/\/schema.org","@graph":[{"@type":"WebPage","@id":"https:\/\/www.riminihotelcavallucciomarino.it\/fr\/appartamenti-suites\/camera-stellamarina-102\/","url":"https:\/\/www.riminihotelcavallucciomarino.it\/fr\/appartamenti-suites\/camera-stellamarina-102\/","name":"Camera Stellamarina 102 - Cavalluccio Marino Hotel & Residence","isPartOf":{"@id":"https:\/\/www.riminihotelcavallucciomarino.it\/fr\/#website"},"primaryImageOfPage":{"@id":"https:\/\/www.riminihotelcavallucciomarino.it\/fr\/appartamenti-suites\/camera-stellamarina-102\/#primaryimage"},"image":{"@id":"https:\/\/www.riminihotelcavallucciomarino.it\/fr\/appartamenti-suites\/camera-stellamarina-102\/#primaryimage"},"thumbnailUrl":"https:\/\/www.riminihotelcavallucciomarino.it\/wp-content\/uploads\/sites\/89\/2026\/03\/227A4696.jpg","datePublished":"2026-03-26T08:25:05+00:00","dateModified":"2026-04-02T12:12:56+00:00","description":"Chambre spacieuse et lumineuse (22 m\u00b2), situ\u00e9e au rez-de-chauss\u00e9e avec un petit balcon et une vue lat\u00e9rale sur la mer. Con\u00e7ue pour un confort optimal, elle dispose d\u2019un lit double ou de lits jumeaux, d\u2019un r\u00e9frig\u00e9rateur, d\u2019une salle de bains avec cabine de douche et s\u00e8che-cheveux, d\u2019une t\u00e9l\u00e9vision LED 32\u201d, de la climatisation et du chauffage r\u00e9glables individuellement, de rideaux occultants et d\u2019un coffre pour ordinateur portable","breadcrumb":{"@id":"https:\/\/www.riminihotelcavallucciomarino.it\/fr\/appartamenti-suites\/camera-stellamarina-102\/#breadcrumb"},"inLanguage":"fr-FR","potentialAction":[{"@type":"ReadAction","target":["https:\/\/www.riminihotelcavallucciomarino.it\/fr\/appartamenti-suites\/camera-stellamarina-102\/"]}]},{"@type":"ImageObject","inLanguage":"fr-FR","@id":"https:\/\/www.riminihotelcavallucciomarino.it\/fr\/appartamenti-suites\/camera-stellamarina-102\/#primaryimage","url":"https:\/\/www.riminihotelcavallucciomarino.it\/wp-content\/uploads\/sites\/89\/2026\/03\/227A4696.jpg","contentUrl":"https:\/\/www.riminihotelcavallucciomarino.it\/wp-content\/uploads\/sites\/89\/2026\/03\/227A4696.jpg","width":2200,"height":1200},{"@type":"BreadcrumbList","@id":"https:\/\/www.riminihotelcavallucciomarino.it\/fr\/appartamenti-suites\/camera-stellamarina-102\/#breadcrumb","itemListElement":[{"@type":"ListItem","position":1,"name":"Home","item":"https:\/\/www.riminihotelcavallucciomarino.it\/fr\/"},{"@type":"ListItem","position":2,"name":"Appartements &#038; Suites","item":"https:\/\/www.riminihotelcavallucciomarino.it\/fr\/appartamenti-suites\/"},{"@type":"ListItem","position":3,"name":"Camera Stellamarina 102"}]},{"@type":"WebSite","@id":"https:\/\/www.riminihotelcavallucciomarino.it\/fr\/#website","url":"https:\/\/www.riminihotelcavallucciomarino.it\/fr\/","name":"Cavalluccio Marino Hotel & Residence","description":"","publisher":{"@id":"https:\/\/www.riminihotelcavallucciomarino.it\/fr\/#organization"},"potentialAction":[{"@type":"SearchAction","target":{"@type":"EntryPoint","urlTemplate":"https:\/\/www.riminihotelcavallucciomarino.it\/fr\/?s={search_term_string}"},"query-input":"required name=search_term_string"}],"inLanguage":"fr-FR"},{"@type":"Organization","@id":"https:\/\/www.riminihotelcavallucciomarino.it\/fr\/#organization","name":"Cavalluccio Marino Hotel & Residence","url":"https:\/\/www.riminihotelcavallucciomarino.it\/fr\/","logo":{"@type":"ImageObject","inLanguage":"fr-FR","@id":"https:\/\/www.riminihotelcavallucciomarino.it\/fr\/#\/schema\/logo\/image\/","url":"https:\/\/cavalluccio-marino.ms2.decms.eu\/wp-content\/uploads\/sites\/89\/2023\/12\/logo-grande-cavalluccio.png","contentUrl":"https:\/\/cavalluccio-marino.ms2.decms.eu\/wp-content\/uploads\/sites\/89\/2023\/12\/logo-grande-cavalluccio.png","width":328,"height":167,"caption":"Cavalluccio Marino Hotel & Residence"},"image":{"@id":"https:\/\/www.riminihotelcavallucciomarino.it\/fr\/#\/schema\/logo\/image\/"},"sameAs":["https:\/\/www.facebook.com\/HotelCavalluccioMarino.Rimini","https:\/\/www.instagram.com\/hotel.cavallucciomarino\/"]}]}},"acf":[],"_links":{"self":[{"href":"https:\/\/www.riminihotelcavallucciomarino.it\/fr\/wp-json\/wp\/v2\/pages\/1013"}],"collection":[{"href":"https:\/\/www.riminihotelcavallucciomarino.it\/fr\/wp-json\/wp\/v2\/pages"}],"about":[{"href":"https:\/\/www.riminihotelcavallucciomarino.it\/fr\/wp-json\/wp\/v2\/types\/page"}],"author":[{"embeddable":true,"href":"https:\/\/www.riminihotelcavallucciomarino.it\/fr\/wp-json\/wp\/v2\/users\/199"}],"replies":[{"embeddable":true,"href":"https:\/\/www.riminihotelcavallucciomarino.it\/fr\/wp-json\/wp\/v2\/comments?post=1013"}],"version-history":[{"count":0,"href":"https:\/\/www.riminihotelcavallucciomarino.it\/fr\/wp-json\/wp\/v2\/pages\/1013\/revisions"}],"up":[{"embeddable":true,"href":"https:\/\/www.riminihotelcavallucciomarino.it\/fr\/wp-json\/wp\/v2\/pages\/859"}],"wp:featuredmedia":[{"embeddable":true,"href":"https:\/\/www.riminihotelcavallucciomarino.it\/fr\/wp-json\/wp\/v2\/media\/993"}],"wp:attachment":[{"href":"https:\/\/www.riminihotelcavallucciomarino.it\/fr\/wp-json\/wp\/v2\/media?parent=1013"}],"wp:term":[{"taxonomy":"category","embeddable":true,"href":"https:\/\/www.riminihotelcavallucciomarino.it\/fr\/wp-json\/wp\/v2\/categories?post=1013"}],"curies":[{"name":"wp","href":"https:\/\/api.w.org\/{rel}","templated":true}]}}