{"id":629,"date":"2024-01-03T11:49:56","date_gmt":"2024-01-03T11:49:56","guid":{"rendered":"https:\/\/cavalluccio-marino.ms2.decms.eu\/urlaubsangebote\/messe-arbeitsangebote\/speciali-convenzioni-aziendali\/"},"modified":"2025-02-21T08:51:33","modified_gmt":"2025-02-21T08:51:33","slug":"besondere-konventionen-des-unternehmens","status":"publish","type":"page","link":"https:\/\/www.riminihotelcavallucciomarino.it\/de\/super-pfingstangebot-2026\/messe-arbeitsangebote\/besondere-konventionen-des-unternehmens\/","title":{"rendered":"Besondere Konventionen des Unternehmens"},"content":{"rendered":"<p>Das Aparthotel Cavalluccio Marino bietet <strong>SPEZIAL BUSINESS CONVENTIONS<\/strong> f\u00fcr alle Gesch\u00e4ftsreisenden in Rimini.<\/p>\n<p>G\u00fcnstige Gesch\u00e4ftspartnerschaften f\u00fcr Unternehmen in der Region, f\u00fcr Unternehmen mit Vertretern auf der Durchreise durch Rimini und die Provinz, f\u00fcr G\u00e4ste und Mitarbeiter.<\/p>\n<p><strong>Kein Mindestaufenthalt erforderlich und preisgebunden.<\/strong><\/p>\n<p>Wir sind das ideale Aparthotel f\u00fcr Ihre Gesch\u00e4ftsreisen und bieten das ganze Jahr \u00fcber Service, Lage und Qualit\u00e4t.<\/p>\n<h5><strong>Die Vorteile unserer \u00dcbereinkommen:<\/strong><\/h5>\n<ul>\n<li>Lage am Meer<\/li>\n<li>5 Minuten von der Autobahn Rimini Nord und 10 Minuten vom Messegel\u00e4nde entfernt<\/li>\n<li>Kostenlose Parkpl\u00e4tze vor dem Aparthotel<\/li>\n<li>Komfortable Suiten mit Meerblick<\/li>\n<li>G\u00fcnstiges und g\u00fcnstiges <strong>Bed &amp; Breakfast<\/strong><\/li>\n<li>Fr\u00fchst\u00fcck mit reichhaltigem Buffet oder Fr\u00fchst\u00fcck direkt im Zimmer<\/li>\n<li>Internet Verbindung Wi Fi<\/li>\n<li>Restaurant mit Fisch, Fleisch und Pizzeria mit Holzofen: personalisierte Men\u00fcs oder 10% Rabatt \u00e0 la carte<\/li>\n<li>Mineralwasser in der kostenlosen Minibar<\/li>\n<li>Safe f\u00fcr den PC<\/li>\n<li>Unterkunft ohne Aufpreis im Superior Zimmer (je nach Verf\u00fcgbarkeit)<\/li>\n<\/ul>\n<p>Die Wahl des <strong>Aparthotels Cavalluccio Marino<\/strong> als Bezugspunkt f\u00fcr <strong>Veranstaltungen, Meetings<\/strong>, einfache <strong>Gesch\u00e4ftsaufenthalte<\/strong> und Gesch\u00e4ftsreisen kann nicht nur sehr komfortabel und funktionell, sondern auch <strong>wirtschaftlich und vorteilhaft<\/strong> sein.<\/p>\n<h4>Wenden Sie sich an uns, um ein Angebot f\u00fcr eine Zusammenarbeit zu erhalten, und wir werden Ihnen unser bestes Angebot unterbreiten.<\/h4>\n","protected":false},"excerpt":{"rendered":"<p>Das Aparthotel Cavalluccio Marino bietet SPEZIAL BUSINESS CONVENTIONS f\u00fcr alle Gesch\u00e4ftsreisenden in Rimini. G\u00fcnstige Gesch\u00e4ftspartnerschaften f\u00fcr Unternehmen in der Region, f\u00fcr Unternehmen mit Vertretern auf der Durchreise durch Rimini und die Provinz, f\u00fcr G\u00e4ste und Mitarbeiter. Kein Mindestaufenthalt erforderlich und preisgebunden. Wir sind das ideale Aparthotel f\u00fcr Ihre Gesch\u00e4ftsreisen und bieten das ganze Jahr \u00fcber [&hellip;]<\/p>\n","protected":false},"author":12,"featured_media":322,"parent":618,"menu_order":2,"comment_status":"closed","ping_status":"closed","template":"template-single-offer.php","meta":{"footnotes":""},"categories":[28],"yoast_head":"<!-- This site is optimized with the Yoast SEO plugin v22.3 - https:\/\/yoast.com\/wordpress\/plugins\/seo\/ -->\n<title>Besondere Konventionen des Unternehmens - Cavalluccio Marino Hotel &amp; Residence<\/title>\n<meta name=\"description\" content=\"Das Aparthotel Cavalluccio Marino bietet SPEZIAL BUSINESS CONVENTIONS f\u00fcr alle Gesch\u00e4ftsreisenden in Rimini.  G\u00fcnstige Gesch\u00e4ftspartnerschaften f\u00fcr Unternehmen in der Region, f\u00fcr Unternehmen mit Vertretern auf der Durchreise durch Rimini und die Provinz, f\u00fcr G\u00e4ste und Mitarbeiter.  Kein Mindestaufenthalt erforderlich und preisgebunden.  Wir sind das ideale Aparthotel f\u00fcr Ihre Gesch\u00e4ftsreisen und bieten das ganze Jahr \u00fcber Service, Lage und Qualit\u00e4t. Die Vorteile unserer \u00dcbereinkommen:   Lage am Meer  5 Minuten von der Autobahn Rimini Nord und 10 Minuten vom Messegel\u00e4nde entfernt  Kostenlose Parkpl\u00e4tze vor dem Aparthotel  Komfortable Suiten mit Meerblick  G\u00fcnstiges und g\u00fcnstiges Bed &amp; Breakfast  Fr\u00fchst\u00fcck mit reichhaltigem Buffet oder Fr\u00fchst\u00fcck direkt im Zimmer  Internet Verbindung Wi Fi  Restaurant mit Fisch, Fleisch und Pizzeria mit Holzofen: personalisierte Men\u00fcs oder 10% Rabatt \u00e0 la carte  Mineralwasser in der kostenlosen Minibar  Safe f\u00fcr den PC  Unterkunft ohne Aufpreis im Superior Zimmer (je nach Verf\u00fcgbarkeit)  Die Wahl des Aparthotels Cavalluccio Marino als Bezugspunkt f\u00fcr Veranstaltungen, Meetings, einfache Gesch\u00e4ftsaufenthalte und Gesch\u00e4ftsreisen kann nicht nur sehr komfortabel und funktionell, sondern auch wirtschaftlich und vorteilhaft sein. Wenden Sie sich an uns, um ein Angebot f\u00fcr eine Zusammenarbeit zu erhalten, und wir werden Ihnen unser bestes Angebot unterbreiten..\" \/>\n<meta name=\"robots\" content=\"index, follow, max-snippet:-1, max-image-preview:large, max-video-preview:-1\" \/>\n<link rel=\"canonical\" href=\"https:\/\/www.riminihotelcavallucciomarino.it\/de\/super-pfingstangebot-2026\/messe-arbeitsangebote\/besondere-konventionen-des-unternehmens\/\" \/>\n<meta property=\"og:locale\" content=\"de_DE\" \/>\n<meta property=\"og:type\" content=\"article\" \/>\n<meta property=\"og:title\" content=\"Besondere Konventionen des Unternehmens - Cavalluccio Marino Hotel &amp; Residence\" \/>\n<meta property=\"og:description\" content=\"Das Aparthotel Cavalluccio Marino bietet SPEZIAL BUSINESS CONVENTIONS f\u00fcr alle Gesch\u00e4ftsreisenden in Rimini.  G\u00fcnstige Gesch\u00e4ftspartnerschaften f\u00fcr Unternehmen in der Region, f\u00fcr Unternehmen mit Vertretern auf der Durchreise durch Rimini und die Provinz, f\u00fcr G\u00e4ste und Mitarbeiter.  Kein Mindestaufenthalt erforderlich und preisgebunden.  Wir sind das ideale Aparthotel f\u00fcr Ihre Gesch\u00e4ftsreisen und bieten das ganze Jahr \u00fcber Service, Lage und Qualit\u00e4t. Die Vorteile unserer \u00dcbereinkommen:   Lage am Meer  5 Minuten von der Autobahn Rimini Nord und 10 Minuten vom Messegel\u00e4nde entfernt  Kostenlose Parkpl\u00e4tze vor dem Aparthotel  Komfortable Suiten mit Meerblick  G\u00fcnstiges und g\u00fcnstiges Bed &amp; Breakfast  Fr\u00fchst\u00fcck mit reichhaltigem Buffet oder Fr\u00fchst\u00fcck direkt im Zimmer  Internet Verbindung Wi Fi  Restaurant mit Fisch, Fleisch und Pizzeria mit Holzofen: personalisierte Men\u00fcs oder 10% Rabatt \u00e0 la carte  Mineralwasser in der kostenlosen Minibar  Safe f\u00fcr den PC  Unterkunft ohne Aufpreis im Superior Zimmer (je nach Verf\u00fcgbarkeit)  Die Wahl des Aparthotels Cavalluccio Marino als Bezugspunkt f\u00fcr Veranstaltungen, Meetings, einfache Gesch\u00e4ftsaufenthalte und Gesch\u00e4ftsreisen kann nicht nur sehr komfortabel und funktionell, sondern auch wirtschaftlich und vorteilhaft sein. Wenden Sie sich an uns, um ein Angebot f\u00fcr eine Zusammenarbeit zu erhalten, und wir werden Ihnen unser bestes Angebot unterbreiten..\" \/>\n<meta property=\"og:url\" content=\"https:\/\/www.riminihotelcavallucciomarino.it\/de\/super-pfingstangebot-2026\/messe-arbeitsangebote\/besondere-konventionen-des-unternehmens\/\" \/>\n<meta property=\"og:site_name\" content=\"Cavalluccio Marino Hotel &amp; Residence\" \/>\n<meta property=\"article:publisher\" content=\"https:\/\/www.facebook.com\/HotelCavalluccioMarino.Rimini\" \/>\n<meta property=\"article:modified_time\" content=\"2025-02-21T08:51:33+00:00\" \/>\n<meta property=\"og:image\" content=\"https:\/\/www.riminihotelcavallucciomarino.it\/wp-content\/uploads\/sites\/89\/2024\/01\/convenzione.jpg\" \/>\n\t<meta property=\"og:image:width\" content=\"1300\" \/>\n\t<meta property=\"og:image:height\" content=\"900\" \/>\n\t<meta property=\"og:image:type\" content=\"image\/jpeg\" \/>\n<meta name=\"twitter:card\" content=\"summary_large_image\" \/>\n<meta name=\"twitter:label1\" content=\"Gesch\u00e4tzte Lesezeit\" \/>\n\t<meta name=\"twitter:data1\" content=\"2 Minuten\" \/>\n<script type=\"application\/ld+json\" class=\"yoast-schema-graph\">{\"@context\":\"https:\/\/schema.org\",\"@graph\":[{\"@type\":\"WebPage\",\"@id\":\"https:\/\/www.riminihotelcavallucciomarino.it\/de\/super-pfingstangebot-2026\/messe-arbeitsangebote\/besondere-konventionen-des-unternehmens\/\",\"url\":\"https:\/\/www.riminihotelcavallucciomarino.it\/de\/super-pfingstangebot-2026\/messe-arbeitsangebote\/besondere-konventionen-des-unternehmens\/\",\"name\":\"Besondere Konventionen des Unternehmens - Cavalluccio Marino Hotel & Residence\",\"isPartOf\":{\"@id\":\"https:\/\/www.riminihotelcavallucciomarino.it\/de\/#website\"},\"primaryImageOfPage\":{\"@id\":\"https:\/\/www.riminihotelcavallucciomarino.it\/de\/super-pfingstangebot-2026\/messe-arbeitsangebote\/besondere-konventionen-des-unternehmens\/#primaryimage\"},\"image\":{\"@id\":\"https:\/\/www.riminihotelcavallucciomarino.it\/de\/super-pfingstangebot-2026\/messe-arbeitsangebote\/besondere-konventionen-des-unternehmens\/#primaryimage\"},\"thumbnailUrl\":\"https:\/\/www.riminihotelcavallucciomarino.it\/wp-content\/uploads\/sites\/89\/2024\/01\/convenzione.jpg\",\"datePublished\":\"2024-01-03T11:49:56+00:00\",\"dateModified\":\"2025-02-21T08:51:33+00:00\",\"description\":\"Das Aparthotel Cavalluccio Marino bietet SPEZIAL BUSINESS CONVENTIONS f\u00fcr alle Gesch\u00e4ftsreisenden in Rimini. G\u00fcnstige Gesch\u00e4ftspartnerschaften f\u00fcr Unternehmen in der Region, f\u00fcr Unternehmen mit Vertretern auf der Durchreise durch Rimini und die Provinz, f\u00fcr G\u00e4ste und Mitarbeiter. Kein Mindestaufenthalt erforderlich und preisgebunden. Wir sind das ideale Aparthotel f\u00fcr Ihre Gesch\u00e4ftsreisen und bieten das ganze Jahr \u00fcber Service, Lage und Qualit\u00e4t. Die Vorteile unserer \u00dcbereinkommen: \u2022 Lage am Meer \u2022 5 Minuten von der Autobahn Rimini Nord und 10 Minuten vom Messegel\u00e4nde entfernt \u2022 Kostenlose Parkpl\u00e4tze vor dem Aparthotel \u2022 Komfortable Suiten mit Meerblick \u2022 G\u00fcnstiges und g\u00fcnstiges Bed &amp; Breakfast \u2022 Fr\u00fchst\u00fcck mit reichhaltigem Buffet oder Fr\u00fchst\u00fcck direkt im Zimmer \u2022 Internet Verbindung Wi Fi \u2022 Restaurant mit Fisch, Fleisch und Pizzeria mit Holzofen: personalisierte Men\u00fcs oder 10% Rabatt \u00e0 la carte \u2022 Mineralwasser in der kostenlosen Minibar \u2022 Safe f\u00fcr den PC \u2022 Unterkunft ohne Aufpreis im Superior Zimmer (je nach Verf\u00fcgbarkeit) Die Wahl des Aparthotels Cavalluccio Marino als Bezugspunkt f\u00fcr Veranstaltungen, Meetings, einfache Gesch\u00e4ftsaufenthalte und Gesch\u00e4ftsreisen kann nicht nur sehr komfortabel und funktionell, sondern auch wirtschaftlich und vorteilhaft sein. Wenden Sie sich an uns, um ein Angebot f\u00fcr eine Zusammenarbeit zu erhalten, und wir werden Ihnen unser bestes Angebot unterbreiten. .\",\"breadcrumb\":{\"@id\":\"https:\/\/www.riminihotelcavallucciomarino.it\/de\/super-pfingstangebot-2026\/messe-arbeitsangebote\/besondere-konventionen-des-unternehmens\/#breadcrumb\"},\"inLanguage\":\"de-DE\",\"potentialAction\":[{\"@type\":\"ReadAction\",\"target\":[\"https:\/\/www.riminihotelcavallucciomarino.it\/de\/super-pfingstangebot-2026\/messe-arbeitsangebote\/besondere-konventionen-des-unternehmens\/\"]}]},{\"@type\":\"ImageObject\",\"inLanguage\":\"de-DE\",\"@id\":\"https:\/\/www.riminihotelcavallucciomarino.it\/de\/super-pfingstangebot-2026\/messe-arbeitsangebote\/besondere-konventionen-des-unternehmens\/#primaryimage\",\"url\":\"https:\/\/www.riminihotelcavallucciomarino.it\/wp-content\/uploads\/sites\/89\/2024\/01\/convenzione.jpg\",\"contentUrl\":\"https:\/\/www.riminihotelcavallucciomarino.it\/wp-content\/uploads\/sites\/89\/2024\/01\/convenzione.jpg\",\"width\":1300,\"height\":900},{\"@type\":\"BreadcrumbList\",\"@id\":\"https:\/\/www.riminihotelcavallucciomarino.it\/de\/super-pfingstangebot-2026\/messe-arbeitsangebote\/besondere-konventionen-des-unternehmens\/#breadcrumb\",\"itemListElement\":[{\"@type\":\"ListItem\",\"position\":1,\"name\":\"Home\",\"item\":\"https:\/\/www.riminihotelcavallucciomarino.it\/de\/\"},{\"@type\":\"ListItem\",\"position\":2,\"name\":\"Pfingstenangebote 2026\",\"item\":\"https:\/\/www.riminihotelcavallucciomarino.it\/de\/super-pfingstangebot-2026\/\"},{\"@type\":\"ListItem\",\"position\":3,\"name\":\"Messe\/Arbeitsangebote\",\"item\":\"https:\/\/www.riminihotelcavallucciomarino.it\/de\/super-pfingstangebot-2026\/messe-arbeitsangebote\/\"},{\"@type\":\"ListItem\",\"position\":4,\"name\":\"Besondere Konventionen des Unternehmens\"}]},{\"@type\":\"WebSite\",\"@id\":\"https:\/\/www.riminihotelcavallucciomarino.it\/de\/#website\",\"url\":\"https:\/\/www.riminihotelcavallucciomarino.it\/de\/\",\"name\":\"Cavalluccio Marino Hotel & Residence\",\"description\":\"\",\"publisher\":{\"@id\":\"https:\/\/www.riminihotelcavallucciomarino.it\/de\/#organization\"},\"potentialAction\":[{\"@type\":\"SearchAction\",\"target\":{\"@type\":\"EntryPoint\",\"urlTemplate\":\"https:\/\/www.riminihotelcavallucciomarino.it\/de\/?s={search_term_string}\"},\"query-input\":\"required name=search_term_string\"}],\"inLanguage\":\"de-DE\"},{\"@type\":\"Organization\",\"@id\":\"https:\/\/www.riminihotelcavallucciomarino.it\/de\/#organization\",\"name\":\"Cavalluccio Marino Hotel & Residence\",\"url\":\"https:\/\/www.riminihotelcavallucciomarino.it\/de\/\",\"logo\":{\"@type\":\"ImageObject\",\"inLanguage\":\"de-DE\",\"@id\":\"https:\/\/www.riminihotelcavallucciomarino.it\/de\/#\/schema\/logo\/image\/\",\"url\":\"https:\/\/cavalluccio-marino.ms2.decms.eu\/wp-content\/uploads\/sites\/89\/2023\/12\/logo-grande-cavalluccio.png\",\"contentUrl\":\"https:\/\/cavalluccio-marino.ms2.decms.eu\/wp-content\/uploads\/sites\/89\/2023\/12\/logo-grande-cavalluccio.png\",\"width\":328,\"height\":167,\"caption\":\"Cavalluccio Marino Hotel & Residence\"},\"image\":{\"@id\":\"https:\/\/www.riminihotelcavallucciomarino.it\/de\/#\/schema\/logo\/image\/\"},\"sameAs\":[\"https:\/\/www.facebook.com\/HotelCavalluccioMarino.Rimini\",\"https:\/\/www.instagram.com\/hotel.cavallucciomarino\/\"]}]}<\/script>\n<!-- \/ Yoast SEO plugin. -->","yoast_head_json":{"title":"Besondere Konventionen des Unternehmens - Cavalluccio Marino Hotel & Residence","description":"Das Aparthotel Cavalluccio Marino bietet SPEZIAL BUSINESS CONVENTIONS f\u00fcr alle Gesch\u00e4ftsreisenden in Rimini.  G\u00fcnstige Gesch\u00e4ftspartnerschaften f\u00fcr Unternehmen in der Region, f\u00fcr Unternehmen mit Vertretern auf der Durchreise durch Rimini und die Provinz, f\u00fcr G\u00e4ste und Mitarbeiter.  Kein Mindestaufenthalt erforderlich und preisgebunden.  Wir sind das ideale Aparthotel f\u00fcr Ihre Gesch\u00e4ftsreisen und bieten das ganze Jahr \u00fcber Service, Lage und Qualit\u00e4t. Die Vorteile unserer \u00dcbereinkommen:   Lage am Meer  5 Minuten von der Autobahn Rimini Nord und 10 Minuten vom Messegel\u00e4nde entfernt  Kostenlose Parkpl\u00e4tze vor dem Aparthotel  Komfortable Suiten mit Meerblick  G\u00fcnstiges und g\u00fcnstiges Bed &amp; Breakfast  Fr\u00fchst\u00fcck mit reichhaltigem Buffet oder Fr\u00fchst\u00fcck direkt im Zimmer  Internet Verbindung Wi Fi  Restaurant mit Fisch, Fleisch und Pizzeria mit Holzofen: personalisierte Men\u00fcs oder 10% Rabatt \u00e0 la carte  Mineralwasser in der kostenlosen Minibar  Safe f\u00fcr den PC  Unterkunft ohne Aufpreis im Superior Zimmer (je nach Verf\u00fcgbarkeit)  Die Wahl des Aparthotels Cavalluccio Marino als Bezugspunkt f\u00fcr Veranstaltungen, Meetings, einfache Gesch\u00e4ftsaufenthalte und Gesch\u00e4ftsreisen kann nicht nur sehr komfortabel und funktionell, sondern auch wirtschaftlich und vorteilhaft sein. Wenden Sie sich an uns, um ein Angebot f\u00fcr eine Zusammenarbeit zu erhalten, und wir werden Ihnen unser bestes Angebot unterbreiten..","robots":{"index":"index","follow":"follow","max-snippet":"max-snippet:-1","max-image-preview":"max-image-preview:large","max-video-preview":"max-video-preview:-1"},"canonical":"https:\/\/www.riminihotelcavallucciomarino.it\/de\/super-pfingstangebot-2026\/messe-arbeitsangebote\/besondere-konventionen-des-unternehmens\/","og_locale":"de_DE","og_type":"article","og_title":"Besondere Konventionen des Unternehmens - Cavalluccio Marino Hotel & Residence","og_description":"Das Aparthotel Cavalluccio Marino bietet SPEZIAL BUSINESS CONVENTIONS f\u00fcr alle Gesch\u00e4ftsreisenden in Rimini.  G\u00fcnstige Gesch\u00e4ftspartnerschaften f\u00fcr Unternehmen in der Region, f\u00fcr Unternehmen mit Vertretern auf der Durchreise durch Rimini und die Provinz, f\u00fcr G\u00e4ste und Mitarbeiter.  Kein Mindestaufenthalt erforderlich und preisgebunden.  Wir sind das ideale Aparthotel f\u00fcr Ihre Gesch\u00e4ftsreisen und bieten das ganze Jahr \u00fcber Service, Lage und Qualit\u00e4t. Die Vorteile unserer \u00dcbereinkommen:   Lage am Meer  5 Minuten von der Autobahn Rimini Nord und 10 Minuten vom Messegel\u00e4nde entfernt  Kostenlose Parkpl\u00e4tze vor dem Aparthotel  Komfortable Suiten mit Meerblick  G\u00fcnstiges und g\u00fcnstiges Bed &amp; Breakfast  Fr\u00fchst\u00fcck mit reichhaltigem Buffet oder Fr\u00fchst\u00fcck direkt im Zimmer  Internet Verbindung Wi Fi  Restaurant mit Fisch, Fleisch und Pizzeria mit Holzofen: personalisierte Men\u00fcs oder 10% Rabatt \u00e0 la carte  Mineralwasser in der kostenlosen Minibar  Safe f\u00fcr den PC  Unterkunft ohne Aufpreis im Superior Zimmer (je nach Verf\u00fcgbarkeit)  Die Wahl des Aparthotels Cavalluccio Marino als Bezugspunkt f\u00fcr Veranstaltungen, Meetings, einfache Gesch\u00e4ftsaufenthalte und Gesch\u00e4ftsreisen kann nicht nur sehr komfortabel und funktionell, sondern auch wirtschaftlich und vorteilhaft sein. Wenden Sie sich an uns, um ein Angebot f\u00fcr eine Zusammenarbeit zu erhalten, und wir werden Ihnen unser bestes Angebot unterbreiten..","og_url":"https:\/\/www.riminihotelcavallucciomarino.it\/de\/super-pfingstangebot-2026\/messe-arbeitsangebote\/besondere-konventionen-des-unternehmens\/","og_site_name":"Cavalluccio Marino Hotel & Residence","article_publisher":"https:\/\/www.facebook.com\/HotelCavalluccioMarino.Rimini","article_modified_time":"2025-02-21T08:51:33+00:00","og_image":[{"width":1300,"height":900,"url":"https:\/\/www.riminihotelcavallucciomarino.it\/wp-content\/uploads\/sites\/89\/2024\/01\/convenzione.jpg","type":"image\/jpeg"}],"twitter_card":"summary_large_image","twitter_misc":{"Gesch\u00e4tzte Lesezeit":"2 Minuten"},"schema":{"@context":"https:\/\/schema.org","@graph":[{"@type":"WebPage","@id":"https:\/\/www.riminihotelcavallucciomarino.it\/de\/super-pfingstangebot-2026\/messe-arbeitsangebote\/besondere-konventionen-des-unternehmens\/","url":"https:\/\/www.riminihotelcavallucciomarino.it\/de\/super-pfingstangebot-2026\/messe-arbeitsangebote\/besondere-konventionen-des-unternehmens\/","name":"Besondere Konventionen des Unternehmens - Cavalluccio Marino Hotel & Residence","isPartOf":{"@id":"https:\/\/www.riminihotelcavallucciomarino.it\/de\/#website"},"primaryImageOfPage":{"@id":"https:\/\/www.riminihotelcavallucciomarino.it\/de\/super-pfingstangebot-2026\/messe-arbeitsangebote\/besondere-konventionen-des-unternehmens\/#primaryimage"},"image":{"@id":"https:\/\/www.riminihotelcavallucciomarino.it\/de\/super-pfingstangebot-2026\/messe-arbeitsangebote\/besondere-konventionen-des-unternehmens\/#primaryimage"},"thumbnailUrl":"https:\/\/www.riminihotelcavallucciomarino.it\/wp-content\/uploads\/sites\/89\/2024\/01\/convenzione.jpg","datePublished":"2024-01-03T11:49:56+00:00","dateModified":"2025-02-21T08:51:33+00:00","description":"Das Aparthotel Cavalluccio Marino bietet SPEZIAL BUSINESS CONVENTIONS f\u00fcr alle Gesch\u00e4ftsreisenden in Rimini. G\u00fcnstige Gesch\u00e4ftspartnerschaften f\u00fcr Unternehmen in der Region, f\u00fcr Unternehmen mit Vertretern auf der Durchreise durch Rimini und die Provinz, f\u00fcr G\u00e4ste und Mitarbeiter. Kein Mindestaufenthalt erforderlich und preisgebunden. Wir sind das ideale Aparthotel f\u00fcr Ihre Gesch\u00e4ftsreisen und bieten das ganze Jahr \u00fcber Service, Lage und Qualit\u00e4t. Die Vorteile unserer \u00dcbereinkommen: \u2022 Lage am Meer \u2022 5 Minuten von der Autobahn Rimini Nord und 10 Minuten vom Messegel\u00e4nde entfernt \u2022 Kostenlose Parkpl\u00e4tze vor dem Aparthotel \u2022 Komfortable Suiten mit Meerblick \u2022 G\u00fcnstiges und g\u00fcnstiges Bed &amp; Breakfast \u2022 Fr\u00fchst\u00fcck mit reichhaltigem Buffet oder Fr\u00fchst\u00fcck direkt im Zimmer \u2022 Internet Verbindung Wi Fi \u2022 Restaurant mit Fisch, Fleisch und Pizzeria mit Holzofen: personalisierte Men\u00fcs oder 10% Rabatt \u00e0 la carte \u2022 Mineralwasser in der kostenlosen Minibar \u2022 Safe f\u00fcr den PC \u2022 Unterkunft ohne Aufpreis im Superior Zimmer (je nach Verf\u00fcgbarkeit) Die Wahl des Aparthotels Cavalluccio Marino als Bezugspunkt f\u00fcr Veranstaltungen, Meetings, einfache Gesch\u00e4ftsaufenthalte und Gesch\u00e4ftsreisen kann nicht nur sehr komfortabel und funktionell, sondern auch wirtschaftlich und vorteilhaft sein. Wenden Sie sich an uns, um ein Angebot f\u00fcr eine Zusammenarbeit zu erhalten, und wir werden Ihnen unser bestes Angebot unterbreiten. .","breadcrumb":{"@id":"https:\/\/www.riminihotelcavallucciomarino.it\/de\/super-pfingstangebot-2026\/messe-arbeitsangebote\/besondere-konventionen-des-unternehmens\/#breadcrumb"},"inLanguage":"de-DE","potentialAction":[{"@type":"ReadAction","target":["https:\/\/www.riminihotelcavallucciomarino.it\/de\/super-pfingstangebot-2026\/messe-arbeitsangebote\/besondere-konventionen-des-unternehmens\/"]}]},{"@type":"ImageObject","inLanguage":"de-DE","@id":"https:\/\/www.riminihotelcavallucciomarino.it\/de\/super-pfingstangebot-2026\/messe-arbeitsangebote\/besondere-konventionen-des-unternehmens\/#primaryimage","url":"https:\/\/www.riminihotelcavallucciomarino.it\/wp-content\/uploads\/sites\/89\/2024\/01\/convenzione.jpg","contentUrl":"https:\/\/www.riminihotelcavallucciomarino.it\/wp-content\/uploads\/sites\/89\/2024\/01\/convenzione.jpg","width":1300,"height":900},{"@type":"BreadcrumbList","@id":"https:\/\/www.riminihotelcavallucciomarino.it\/de\/super-pfingstangebot-2026\/messe-arbeitsangebote\/besondere-konventionen-des-unternehmens\/#breadcrumb","itemListElement":[{"@type":"ListItem","position":1,"name":"Home","item":"https:\/\/www.riminihotelcavallucciomarino.it\/de\/"},{"@type":"ListItem","position":2,"name":"Pfingstenangebote 2026","item":"https:\/\/www.riminihotelcavallucciomarino.it\/de\/super-pfingstangebot-2026\/"},{"@type":"ListItem","position":3,"name":"Messe\/Arbeitsangebote","item":"https:\/\/www.riminihotelcavallucciomarino.it\/de\/super-pfingstangebot-2026\/messe-arbeitsangebote\/"},{"@type":"ListItem","position":4,"name":"Besondere Konventionen des Unternehmens"}]},{"@type":"WebSite","@id":"https:\/\/www.riminihotelcavallucciomarino.it\/de\/#website","url":"https:\/\/www.riminihotelcavallucciomarino.it\/de\/","name":"Cavalluccio Marino Hotel & Residence","description":"","publisher":{"@id":"https:\/\/www.riminihotelcavallucciomarino.it\/de\/#organization"},"potentialAction":[{"@type":"SearchAction","target":{"@type":"EntryPoint","urlTemplate":"https:\/\/www.riminihotelcavallucciomarino.it\/de\/?s={search_term_string}"},"query-input":"required name=search_term_string"}],"inLanguage":"de-DE"},{"@type":"Organization","@id":"https:\/\/www.riminihotelcavallucciomarino.it\/de\/#organization","name":"Cavalluccio Marino Hotel & Residence","url":"https:\/\/www.riminihotelcavallucciomarino.it\/de\/","logo":{"@type":"ImageObject","inLanguage":"de-DE","@id":"https:\/\/www.riminihotelcavallucciomarino.it\/de\/#\/schema\/logo\/image\/","url":"https:\/\/cavalluccio-marino.ms2.decms.eu\/wp-content\/uploads\/sites\/89\/2023\/12\/logo-grande-cavalluccio.png","contentUrl":"https:\/\/cavalluccio-marino.ms2.decms.eu\/wp-content\/uploads\/sites\/89\/2023\/12\/logo-grande-cavalluccio.png","width":328,"height":167,"caption":"Cavalluccio Marino Hotel & Residence"},"image":{"@id":"https:\/\/www.riminihotelcavallucciomarino.it\/de\/#\/schema\/logo\/image\/"},"sameAs":["https:\/\/www.facebook.com\/HotelCavalluccioMarino.Rimini","https:\/\/www.instagram.com\/hotel.cavallucciomarino\/"]}]}},"acf":[],"_links":{"self":[{"href":"https:\/\/www.riminihotelcavallucciomarino.it\/de\/wp-json\/wp\/v2\/pages\/629"}],"collection":[{"href":"https:\/\/www.riminihotelcavallucciomarino.it\/de\/wp-json\/wp\/v2\/pages"}],"about":[{"href":"https:\/\/www.riminihotelcavallucciomarino.it\/de\/wp-json\/wp\/v2\/types\/page"}],"author":[{"embeddable":true,"href":"https:\/\/www.riminihotelcavallucciomarino.it\/de\/wp-json\/wp\/v2\/users\/12"}],"replies":[{"embeddable":true,"href":"https:\/\/www.riminihotelcavallucciomarino.it\/de\/wp-json\/wp\/v2\/comments?post=629"}],"version-history":[{"count":0,"href":"https:\/\/www.riminihotelcavallucciomarino.it\/de\/wp-json\/wp\/v2\/pages\/629\/revisions"}],"up":[{"embeddable":true,"href":"https:\/\/www.riminihotelcavallucciomarino.it\/de\/wp-json\/wp\/v2\/pages\/618"}],"wp:featuredmedia":[{"embeddable":true,"href":"https:\/\/www.riminihotelcavallucciomarino.it\/de\/wp-json\/wp\/v2\/media\/322"}],"wp:attachment":[{"href":"https:\/\/www.riminihotelcavallucciomarino.it\/de\/wp-json\/wp\/v2\/media?parent=629"}],"wp:term":[{"taxonomy":"category","embeddable":true,"href":"https:\/\/www.riminihotelcavallucciomarino.it\/de\/wp-json\/wp\/v2\/categories?post=629"}],"curies":[{"name":"wp","href":"https:\/\/api.w.org\/{rel}","templated":true}]}}