{"id":621,"date":"2024-01-03T10:49:38","date_gmt":"2024-01-03T10:49:38","guid":{"rendered":"https:\/\/cavalluccio-marino.ms2.decms.eu\/urlaubsangebote\/messe-arbeitsangebote\/offerta-settembre-2023-hotel-o-residence\/"},"modified":"2026-01-03T14:04:41","modified_gmt":"2026-01-03T14:04:41","slug":"angebot-september-2026-hotel-o-residenz","status":"publish","type":"page","link":"https:\/\/www.riminihotelcavallucciomarino.it\/de\/super-pfingstangebot-2026\/urlaubsangebote\/angebot-september-2026-hotel-o-residenz\/","title":{"rendered":"Angebot September 2026 Hotel o Residenz"},"content":{"rendered":"<p style=\"text-align: center\">Direkt am Strand, nur wenige Meter vom Meer entfernt.<\/p>\n<h5><strong><u>Angebot B&amp;B + Strand mindestens 3 N\u00e4chte:<\/u><\/strong><\/h5>\n<p>&nbsp;<\/p>\n<table width=\"100%\">\n<tbody>\n<tr>\n<td width=\"49%\">5. September bis 19. September<\/td>\n<td width=\"49%\">B&amp;B + STRAND<\/td>\n<\/tr>\n<tr>\n<td><strong>Preis f\u00fcr 2 Personen pro Tag<\/strong><\/td>\n<td>ab <strong>130 \u20ac<\/strong><\/td>\n<\/tr>\n<\/tbody>\n<\/table>\n<p>&nbsp;<\/p>\n<h5><strong><u>Unser Angebot in Formula Residence + Beach* mindestens 3 N\u00e4chte:<\/u><\/strong><\/h5>\n<p>&nbsp;<\/p>\n<table width=\"100%\">\n<tbody>\n<tr>\n<td width=\"49%\">5. September bis 19. September<\/td>\n<td width=\"49%\">\u00a0 \u00a0 \u00a0 \u00a0 Residenz + STRAND<\/td>\n<\/tr>\n<tr>\n<td><strong>Zweiwohnung Preis f\u00fcr 2 Personen<\/strong><\/td>\n<td>ab<strong> 340 \u20ac <\/strong>(3 N\u00e4chte)<\/td>\n<\/tr>\n<tr>\n<td><strong>Zweiwohnung Preis f\u00fcr 2 Personen<\/strong><\/td>\n<td>ab<strong> 700 \u20ac <\/strong>(7 N\u00e4chte)<\/td>\n<\/tr>\n<\/tbody>\n<\/table>\n<p>*Ein Sonnenschirm und 2 Liegest\u00fchle ab Reihe 3<\/p>\n<p>Enthaltene Dienstleistungen:<\/p>\n<ul>\n<li>Zimmer- und Badew\u00e4sche (3 Badet\u00fccher+ Leintuch+ Kissenbezug) pro Person<\/li>\n<li>Handt\u00fccher alle 3 Tage wechseln<\/li>\n<li>Wechsel der Zimmerw\u00e4sche alle 7 Tage<\/li>\n<li>Kostenlos internet Wifi<\/li>\n<li>Badef\u00f6ns und Ersatzsets (Bad, Shampoo, Kopfh\u00f6rer,etz.)<\/li>\n<li>Anwendung Koch-Ecke und K\u00fcchenutensilien (Kocht\u00f6pfe,Teller,Gl\u00e4ser,eck etz.)<\/li>\n<li>K\u00fcchen \u2013Ersatzset (Handtuch,Abwaschmitel,Schwamm,Besen,Bratschaufel,Mocho,Sp\u00fclmaschinetabs)<\/li>\n<li>Endg\u00fcltige Reinigubg<\/li>\n<\/ul>\n<p>&nbsp;<\/p>\n<h2>Angebot gilt f\u00fcr Direktbuchungen<\/h2>\n","protected":false},"excerpt":{"rendered":"<p>Direkt am Strand, nur wenige Meter vom Meer entfernt. Angebot B&amp;B + Strand mindestens 3 N\u00e4chte: &nbsp; 5. September bis 19. September B&amp;B + STRAND Preis f\u00fcr 2 Personen pro Tag ab 130 \u20ac &nbsp; Unser Angebot in Formula Residence + Beach* mindestens 3 N\u00e4chte: &nbsp; 5. September bis 19. September \u00a0 \u00a0 \u00a0 \u00a0 [&hellip;]<\/p>\n","protected":false},"author":12,"featured_media":316,"parent":604,"menu_order":0,"comment_status":"closed","ping_status":"closed","template":"template-single-offer.php","meta":{"footnotes":""},"categories":[29],"yoast_head":"<!-- This site is optimized with the Yoast SEO plugin v22.3 - https:\/\/yoast.com\/wordpress\/plugins\/seo\/ -->\n<title>Angebot September 2026 Hotel o Residenz - Cavalluccio Marino Hotel &amp; Residence<\/title>\n<meta name=\"description\" content=\"Direkt am Strand, nur wenige Meter vom Meer entfernt.  Angebot B&amp;B + Strand mindestens 3 N\u00e4chte: &nbsp;    5. September bis 19\" \/>\n<meta name=\"robots\" content=\"index, follow, max-snippet:-1, max-image-preview:large, max-video-preview:-1\" \/>\n<link rel=\"canonical\" href=\"https:\/\/www.riminihotelcavallucciomarino.it\/de\/super-pfingstangebot-2026\/urlaubsangebote\/angebot-september-2026-hotel-o-residenz\/\" \/>\n<meta property=\"og:locale\" content=\"de_DE\" \/>\n<meta property=\"og:type\" content=\"article\" \/>\n<meta property=\"og:title\" content=\"Angebot September 2026 Hotel o Residenz - Cavalluccio Marino Hotel &amp; Residence\" \/>\n<meta property=\"og:description\" content=\"Direkt am Strand, nur wenige Meter vom Meer entfernt.  Angebot B&amp;B + Strand mindestens 3 N\u00e4chte: &nbsp;    5. September bis 19\" \/>\n<meta property=\"og:url\" content=\"https:\/\/www.riminihotelcavallucciomarino.it\/de\/super-pfingstangebot-2026\/urlaubsangebote\/angebot-september-2026-hotel-o-residenz\/\" \/>\n<meta property=\"og:site_name\" content=\"Cavalluccio Marino Hotel &amp; Residence\" \/>\n<meta property=\"article:publisher\" content=\"https:\/\/www.facebook.com\/HotelCavalluccioMarino.Rimini\" \/>\n<meta property=\"article:modified_time\" content=\"2026-01-03T14:04:41+00:00\" \/>\n<meta property=\"og:image\" content=\"https:\/\/www.riminihotelcavallucciomarino.it\/wp-content\/uploads\/sites\/89\/2024\/01\/madreperla-terrazzojpeg.jpg\" \/>\n\t<meta property=\"og:image:width\" content=\"1920\" \/>\n\t<meta property=\"og:image:height\" content=\"963\" \/>\n\t<meta property=\"og:image:type\" content=\"image\/jpeg\" \/>\n<meta name=\"twitter:card\" content=\"summary_large_image\" \/>\n<meta name=\"twitter:label1\" content=\"Gesch\u00e4tzte Lesezeit\" \/>\n\t<meta name=\"twitter:data1\" content=\"1 Minute\" \/>\n<script type=\"application\/ld+json\" class=\"yoast-schema-graph\">{\"@context\":\"https:\/\/schema.org\",\"@graph\":[{\"@type\":\"WebPage\",\"@id\":\"https:\/\/www.riminihotelcavallucciomarino.it\/de\/super-pfingstangebot-2026\/urlaubsangebote\/angebot-september-2026-hotel-o-residenz\/\",\"url\":\"https:\/\/www.riminihotelcavallucciomarino.it\/de\/super-pfingstangebot-2026\/urlaubsangebote\/angebot-september-2026-hotel-o-residenz\/\",\"name\":\"Angebot September 2026 Hotel o Residenz - Cavalluccio Marino Hotel & Residence\",\"isPartOf\":{\"@id\":\"https:\/\/www.riminihotelcavallucciomarino.it\/de\/#website\"},\"primaryImageOfPage\":{\"@id\":\"https:\/\/www.riminihotelcavallucciomarino.it\/de\/super-pfingstangebot-2026\/urlaubsangebote\/angebot-september-2026-hotel-o-residenz\/#primaryimage\"},\"image\":{\"@id\":\"https:\/\/www.riminihotelcavallucciomarino.it\/de\/super-pfingstangebot-2026\/urlaubsangebote\/angebot-september-2026-hotel-o-residenz\/#primaryimage\"},\"thumbnailUrl\":\"https:\/\/www.riminihotelcavallucciomarino.it\/wp-content\/uploads\/sites\/89\/2024\/01\/madreperla-terrazzojpeg.jpg\",\"datePublished\":\"2024-01-03T10:49:38+00:00\",\"dateModified\":\"2026-01-03T14:04:41+00:00\",\"description\":\"Direkt am Strand, nur wenige Meter vom Meer entfernt. Angebot B&amp;B + Strand mindestens 3 N\u00e4chte: &nbsp; 5. September bis 19\",\"breadcrumb\":{\"@id\":\"https:\/\/www.riminihotelcavallucciomarino.it\/de\/super-pfingstangebot-2026\/urlaubsangebote\/angebot-september-2026-hotel-o-residenz\/#breadcrumb\"},\"inLanguage\":\"de-DE\",\"potentialAction\":[{\"@type\":\"ReadAction\",\"target\":[\"https:\/\/www.riminihotelcavallucciomarino.it\/de\/super-pfingstangebot-2026\/urlaubsangebote\/angebot-september-2026-hotel-o-residenz\/\"]}]},{\"@type\":\"ImageObject\",\"inLanguage\":\"de-DE\",\"@id\":\"https:\/\/www.riminihotelcavallucciomarino.it\/de\/super-pfingstangebot-2026\/urlaubsangebote\/angebot-september-2026-hotel-o-residenz\/#primaryimage\",\"url\":\"https:\/\/www.riminihotelcavallucciomarino.it\/wp-content\/uploads\/sites\/89\/2024\/01\/madreperla-terrazzojpeg.jpg\",\"contentUrl\":\"https:\/\/www.riminihotelcavallucciomarino.it\/wp-content\/uploads\/sites\/89\/2024\/01\/madreperla-terrazzojpeg.jpg\",\"width\":1920,\"height\":963},{\"@type\":\"BreadcrumbList\",\"@id\":\"https:\/\/www.riminihotelcavallucciomarino.it\/de\/super-pfingstangebot-2026\/urlaubsangebote\/angebot-september-2026-hotel-o-residenz\/#breadcrumb\",\"itemListElement\":[{\"@type\":\"ListItem\",\"position\":1,\"name\":\"Home\",\"item\":\"https:\/\/www.riminihotelcavallucciomarino.it\/de\/\"},{\"@type\":\"ListItem\",\"position\":2,\"name\":\"Pfingstenangebote 2026\",\"item\":\"https:\/\/www.riminihotelcavallucciomarino.it\/de\/super-pfingstangebot-2026\/\"},{\"@type\":\"ListItem\",\"position\":3,\"name\":\"Urlaubsangebote\",\"item\":\"https:\/\/www.riminihotelcavallucciomarino.it\/de\/super-pfingstangebot-2026\/urlaubsangebote\/\"},{\"@type\":\"ListItem\",\"position\":4,\"name\":\"Angebot September 2026 Hotel o Residenz\"}]},{\"@type\":\"WebSite\",\"@id\":\"https:\/\/www.riminihotelcavallucciomarino.it\/de\/#website\",\"url\":\"https:\/\/www.riminihotelcavallucciomarino.it\/de\/\",\"name\":\"Cavalluccio Marino Hotel & Residence\",\"description\":\"\",\"publisher\":{\"@id\":\"https:\/\/www.riminihotelcavallucciomarino.it\/de\/#organization\"},\"potentialAction\":[{\"@type\":\"SearchAction\",\"target\":{\"@type\":\"EntryPoint\",\"urlTemplate\":\"https:\/\/www.riminihotelcavallucciomarino.it\/de\/?s={search_term_string}\"},\"query-input\":\"required name=search_term_string\"}],\"inLanguage\":\"de-DE\"},{\"@type\":\"Organization\",\"@id\":\"https:\/\/www.riminihotelcavallucciomarino.it\/de\/#organization\",\"name\":\"Cavalluccio Marino Hotel & Residence\",\"url\":\"https:\/\/www.riminihotelcavallucciomarino.it\/de\/\",\"logo\":{\"@type\":\"ImageObject\",\"inLanguage\":\"de-DE\",\"@id\":\"https:\/\/www.riminihotelcavallucciomarino.it\/de\/#\/schema\/logo\/image\/\",\"url\":\"https:\/\/cavalluccio-marino.ms2.decms.eu\/wp-content\/uploads\/sites\/89\/2023\/12\/logo-grande-cavalluccio.png\",\"contentUrl\":\"https:\/\/cavalluccio-marino.ms2.decms.eu\/wp-content\/uploads\/sites\/89\/2023\/12\/logo-grande-cavalluccio.png\",\"width\":328,\"height\":167,\"caption\":\"Cavalluccio Marino Hotel & Residence\"},\"image\":{\"@id\":\"https:\/\/www.riminihotelcavallucciomarino.it\/de\/#\/schema\/logo\/image\/\"},\"sameAs\":[\"https:\/\/www.facebook.com\/HotelCavalluccioMarino.Rimini\",\"https:\/\/www.instagram.com\/hotel.cavallucciomarino\/\"]}]}<\/script>\n<!-- \/ Yoast SEO plugin. -->","yoast_head_json":{"title":"Angebot September 2026 Hotel o Residenz - Cavalluccio Marino Hotel & Residence","description":"Direkt am Strand, nur wenige Meter vom Meer entfernt.  Angebot B&amp;B + Strand mindestens 3 N\u00e4chte: &nbsp;    5. September bis 19","robots":{"index":"index","follow":"follow","max-snippet":"max-snippet:-1","max-image-preview":"max-image-preview:large","max-video-preview":"max-video-preview:-1"},"canonical":"https:\/\/www.riminihotelcavallucciomarino.it\/de\/super-pfingstangebot-2026\/urlaubsangebote\/angebot-september-2026-hotel-o-residenz\/","og_locale":"de_DE","og_type":"article","og_title":"Angebot September 2026 Hotel o Residenz - Cavalluccio Marino Hotel & Residence","og_description":"Direkt am Strand, nur wenige Meter vom Meer entfernt.  Angebot B&amp;B + Strand mindestens 3 N\u00e4chte: &nbsp;    5. September bis 19","og_url":"https:\/\/www.riminihotelcavallucciomarino.it\/de\/super-pfingstangebot-2026\/urlaubsangebote\/angebot-september-2026-hotel-o-residenz\/","og_site_name":"Cavalluccio Marino Hotel & Residence","article_publisher":"https:\/\/www.facebook.com\/HotelCavalluccioMarino.Rimini","article_modified_time":"2026-01-03T14:04:41+00:00","og_image":[{"width":1920,"height":963,"url":"https:\/\/www.riminihotelcavallucciomarino.it\/wp-content\/uploads\/sites\/89\/2024\/01\/madreperla-terrazzojpeg.jpg","type":"image\/jpeg"}],"twitter_card":"summary_large_image","twitter_misc":{"Gesch\u00e4tzte Lesezeit":"1 Minute"},"schema":{"@context":"https:\/\/schema.org","@graph":[{"@type":"WebPage","@id":"https:\/\/www.riminihotelcavallucciomarino.it\/de\/super-pfingstangebot-2026\/urlaubsangebote\/angebot-september-2026-hotel-o-residenz\/","url":"https:\/\/www.riminihotelcavallucciomarino.it\/de\/super-pfingstangebot-2026\/urlaubsangebote\/angebot-september-2026-hotel-o-residenz\/","name":"Angebot September 2026 Hotel o Residenz - Cavalluccio Marino Hotel & Residence","isPartOf":{"@id":"https:\/\/www.riminihotelcavallucciomarino.it\/de\/#website"},"primaryImageOfPage":{"@id":"https:\/\/www.riminihotelcavallucciomarino.it\/de\/super-pfingstangebot-2026\/urlaubsangebote\/angebot-september-2026-hotel-o-residenz\/#primaryimage"},"image":{"@id":"https:\/\/www.riminihotelcavallucciomarino.it\/de\/super-pfingstangebot-2026\/urlaubsangebote\/angebot-september-2026-hotel-o-residenz\/#primaryimage"},"thumbnailUrl":"https:\/\/www.riminihotelcavallucciomarino.it\/wp-content\/uploads\/sites\/89\/2024\/01\/madreperla-terrazzojpeg.jpg","datePublished":"2024-01-03T10:49:38+00:00","dateModified":"2026-01-03T14:04:41+00:00","description":"Direkt am Strand, nur wenige Meter vom Meer entfernt. Angebot B&amp;B + Strand mindestens 3 N\u00e4chte: &nbsp; 5. September bis 19","breadcrumb":{"@id":"https:\/\/www.riminihotelcavallucciomarino.it\/de\/super-pfingstangebot-2026\/urlaubsangebote\/angebot-september-2026-hotel-o-residenz\/#breadcrumb"},"inLanguage":"de-DE","potentialAction":[{"@type":"ReadAction","target":["https:\/\/www.riminihotelcavallucciomarino.it\/de\/super-pfingstangebot-2026\/urlaubsangebote\/angebot-september-2026-hotel-o-residenz\/"]}]},{"@type":"ImageObject","inLanguage":"de-DE","@id":"https:\/\/www.riminihotelcavallucciomarino.it\/de\/super-pfingstangebot-2026\/urlaubsangebote\/angebot-september-2026-hotel-o-residenz\/#primaryimage","url":"https:\/\/www.riminihotelcavallucciomarino.it\/wp-content\/uploads\/sites\/89\/2024\/01\/madreperla-terrazzojpeg.jpg","contentUrl":"https:\/\/www.riminihotelcavallucciomarino.it\/wp-content\/uploads\/sites\/89\/2024\/01\/madreperla-terrazzojpeg.jpg","width":1920,"height":963},{"@type":"BreadcrumbList","@id":"https:\/\/www.riminihotelcavallucciomarino.it\/de\/super-pfingstangebot-2026\/urlaubsangebote\/angebot-september-2026-hotel-o-residenz\/#breadcrumb","itemListElement":[{"@type":"ListItem","position":1,"name":"Home","item":"https:\/\/www.riminihotelcavallucciomarino.it\/de\/"},{"@type":"ListItem","position":2,"name":"Pfingstenangebote 2026","item":"https:\/\/www.riminihotelcavallucciomarino.it\/de\/super-pfingstangebot-2026\/"},{"@type":"ListItem","position":3,"name":"Urlaubsangebote","item":"https:\/\/www.riminihotelcavallucciomarino.it\/de\/super-pfingstangebot-2026\/urlaubsangebote\/"},{"@type":"ListItem","position":4,"name":"Angebot September 2026 Hotel o Residenz"}]},{"@type":"WebSite","@id":"https:\/\/www.riminihotelcavallucciomarino.it\/de\/#website","url":"https:\/\/www.riminihotelcavallucciomarino.it\/de\/","name":"Cavalluccio Marino Hotel & Residence","description":"","publisher":{"@id":"https:\/\/www.riminihotelcavallucciomarino.it\/de\/#organization"},"potentialAction":[{"@type":"SearchAction","target":{"@type":"EntryPoint","urlTemplate":"https:\/\/www.riminihotelcavallucciomarino.it\/de\/?s={search_term_string}"},"query-input":"required name=search_term_string"}],"inLanguage":"de-DE"},{"@type":"Organization","@id":"https:\/\/www.riminihotelcavallucciomarino.it\/de\/#organization","name":"Cavalluccio Marino Hotel & Residence","url":"https:\/\/www.riminihotelcavallucciomarino.it\/de\/","logo":{"@type":"ImageObject","inLanguage":"de-DE","@id":"https:\/\/www.riminihotelcavallucciomarino.it\/de\/#\/schema\/logo\/image\/","url":"https:\/\/cavalluccio-marino.ms2.decms.eu\/wp-content\/uploads\/sites\/89\/2023\/12\/logo-grande-cavalluccio.png","contentUrl":"https:\/\/cavalluccio-marino.ms2.decms.eu\/wp-content\/uploads\/sites\/89\/2023\/12\/logo-grande-cavalluccio.png","width":328,"height":167,"caption":"Cavalluccio Marino Hotel & Residence"},"image":{"@id":"https:\/\/www.riminihotelcavallucciomarino.it\/de\/#\/schema\/logo\/image\/"},"sameAs":["https:\/\/www.facebook.com\/HotelCavalluccioMarino.Rimini","https:\/\/www.instagram.com\/hotel.cavallucciomarino\/"]}]}},"acf":[],"_links":{"self":[{"href":"https:\/\/www.riminihotelcavallucciomarino.it\/de\/wp-json\/wp\/v2\/pages\/621"}],"collection":[{"href":"https:\/\/www.riminihotelcavallucciomarino.it\/de\/wp-json\/wp\/v2\/pages"}],"about":[{"href":"https:\/\/www.riminihotelcavallucciomarino.it\/de\/wp-json\/wp\/v2\/types\/page"}],"author":[{"embeddable":true,"href":"https:\/\/www.riminihotelcavallucciomarino.it\/de\/wp-json\/wp\/v2\/users\/12"}],"replies":[{"embeddable":true,"href":"https:\/\/www.riminihotelcavallucciomarino.it\/de\/wp-json\/wp\/v2\/comments?post=621"}],"version-history":[{"count":0,"href":"https:\/\/www.riminihotelcavallucciomarino.it\/de\/wp-json\/wp\/v2\/pages\/621\/revisions"}],"up":[{"embeddable":true,"href":"https:\/\/www.riminihotelcavallucciomarino.it\/de\/wp-json\/wp\/v2\/pages\/604"}],"wp:featuredmedia":[{"embeddable":true,"href":"https:\/\/www.riminihotelcavallucciomarino.it\/de\/wp-json\/wp\/v2\/media\/316"}],"wp:attachment":[{"href":"https:\/\/www.riminihotelcavallucciomarino.it\/de\/wp-json\/wp\/v2\/media?parent=621"}],"wp:term":[{"taxonomy":"category","embeddable":true,"href":"https:\/\/www.riminihotelcavallucciomarino.it\/de\/wp-json\/wp\/v2\/categories?post=621"}],"curies":[{"name":"wp","href":"https:\/\/api.w.org\/{rel}","templated":true}]}}