{"id":610,"date":"2024-01-03T15:02:18","date_gmt":"2024-01-03T15:02:18","guid":{"rendered":"https:\/\/cavalluccio-marino.ms2.decms.eu\/urlaubsangebote\/urlaubsangebote\/offerta-maggio-2024\/"},"modified":"2026-01-03T14:08:28","modified_gmt":"2026-01-03T14:08:28","slug":"angebot-mai-2026","status":"publish","type":"page","link":"https:\/\/www.riminihotelcavallucciomarino.it\/de\/super-pfingstangebot-2026\/urlaubsangebote\/angebot-mai-2026\/","title":{"rendered":"Angebot Mai  2026"},"content":{"rendered":"<h4><em>Laufen Sie zum Strand und genie\u00dfen Sie die ersten Sonnenstrahlen!<\/em><\/h4>\n<p>Super Angebot f\u00fcr den Mai\u00a0 in unserem Aparthotel, direkt am Strand, <strong>ideal f\u00fcr Familien mit Kindern<\/strong>\u00a0und f\u00fcr alle Liebhaber der\u00a0<strong>Riviera der Romagna<\/strong>..<br \/>\nVom 9. bis zum 23.Mai , mit allen bereits inbegriffenen Leistungen, um einen herrlichen Urlaub zu genie\u00dfen.<\/p>\n<h5>Unser B&amp;B-Angebot umfasst folgende Leistungen:<\/h5>\n<ul>\n<li>\u00dcbernachtung in einem <strong>schallisolierten<\/strong> Zimmer mit Meerblick, TV, Minibar, Safe, Verdunklungsvorh\u00e4ngen, Hausschuhen, reichhaltigem Pflegeset<\/li>\n<li>Fr\u00fchst\u00fcck bis 10:30 Uhr verf\u00fcgbar mit \u00e0 la carte Men\u00fc, serviert in der Suite<\/li>\n<li><strong>Kostenlose Parkpl\u00e4tze<\/strong> am Hotel<\/li>\n<li>M\u00f6glichkeit zur Nutzung einer Ladestation f\u00fcr Elektroautos<\/li>\n<li><strong>Kostenloses WLAN<\/strong><\/li>\n<li>10% Rabatt in unserem Restaurant &#8222;<strong>Altamarea<\/strong>&#8222;, direkt gegen\u00fcber dem Hotel<\/li>\n<\/ul>\n<p>Ab <strong>\u20ac 80,00<\/strong> f\u00fcr 2 Personen (mindestens 5 N\u00e4chte).<\/p>\n<h3>M\u00f6chten Sie frei sein und Ihren Urlaub in v\u00f6lliger Entspannung und ohne Zw\u00e4nge genie\u00dfen und ohne Zw\u00e4nge\u2026.?<\/h3>\n<p><strong>Hier ist unser Angebot in der Residence Formel in einer Zwei-Zimmer-Suite:<\/strong><\/p>\n<ul>\n<li>Bettw\u00e4sche und Handt\u00fccher (3 Badet\u00fccher + Laken + Kopfkissenbezug) pro Person<\/li>\n<li>Wechsel der Handt\u00fccher alle 3 Tage<\/li>\n<li>Bettw\u00e4schewechsel alle 7 Tage<\/li>\n<li>Kostenlose Nutzung des Wi-Fi-Internets<\/li>\n<li>Haartrockner und Pflegeset f\u00fcr das Badezimmer (Duschgel, Shampoo, Kappe usw.)<\/li>\n<li>Nutzung der K\u00fcchenzeile und der K\u00fcchenutensilien (T\u00f6pfe, Geschirr, Gl\u00e4ser, Besteck usw.)<\/li>\n<li>K\u00fcchenset (Geschirrtuch, Sp\u00fclmittel, Schwamm, Besen, Kehrblech, Mopp, Geschirrsp\u00fcltabletten)<\/li>\n<li>Endreinigung<\/li>\n<\/ul>\n<p>Von <strong>\u20ac 400,00<\/strong> f\u00fcr 2 Personen (5 N\u00e4chte) Wohnung Stellamarina.<\/p>\n<h4>Bitte fordern Sie ein Angebot an, indem Sie das Formular ausf\u00fcllen, um ein detailliertes Angebot zu erhalten.<\/h4>\n","protected":false},"excerpt":{"rendered":"<p>Laufen Sie zum Strand und genie\u00dfen Sie die ersten Sonnenstrahlen! Super Angebot f\u00fcr den Mai\u00a0 in unserem Aparthotel, direkt am Strand, ideal f\u00fcr Familien mit Kindern\u00a0und f\u00fcr alle Liebhaber der\u00a0Riviera der Romagna.. Vom 9. bis zum 23.Mai , mit allen bereits inbegriffenen Leistungen, um einen herrlichen Urlaub zu genie\u00dfen. Unser B&amp;B-Angebot umfasst folgende Leistungen: \u00dcbernachtung [&hellip;]<\/p>\n","protected":false},"author":12,"featured_media":347,"parent":604,"menu_order":2,"comment_status":"closed","ping_status":"closed","template":"template-single-offer.php","meta":{"footnotes":""},"categories":[29],"yoast_head":"<!-- This site is optimized with the Yoast SEO plugin v22.3 - https:\/\/yoast.com\/wordpress\/plugins\/seo\/ -->\n<title>Angebot Mai 2026 - Cavalluccio Marino Hotel &amp; Residence<\/title>\n<meta name=\"description\" content=\"Laufen Sie zum Strand und genie\u00dfen Sie die ersten Sonnenstrahlen! Super Angebot f\u00fcr den Mai\u00a0 in unserem Aparthotel, direkt am Strand, ideal f\u00fcr Familien mit Kindern\u00a0und f\u00fcr alle Liebhaber der\u00a0Riviera der Romagna.. Vom 9. bis zum 23.Mai , mit allen bereits inbegriffenen Leistungen, um einen herrlichen Urlaub zu genie\u00dfen. Unser B&amp;B-Angebot umfasst folgende Leistungen:   \u00dcbernachtung in einem schallisolierten Zimmer mit Meerblick, TV, Minibar, Safe, Verdunklungsvorh\u00e4ngen, Hausschuhen, reichhaltigem Pflegeset  Fr\u00fchst\u00fcck bis 10:30 Uhr verf\u00fcgbar mit \u00e0 la carte Men\u00fc, serviert in der Suite  Kostenlose Parkpl\u00e4tze am Hotel  M\u00f6glichkeit zur Nutzung einer Ladestation f\u00fcr Elektroautos  Kostenloses WLAN  10% Rabatt in unserem Restaurant &quot;Altamarea&quot;, direkt gegen\u00fcber dem Hotel  Ab \u20ac 80,00 f\u00fcr 2 Personen (mindestens 5 N\u00e4chte). M\u00f6chten Sie frei sein und Ihren Urlaub in v\u00f6lliger Entspannung und ohne Zw\u00e4nge genie\u00dfen und ohne Zw\u00e4nge\u2026.? Hier ist unser Angebot in der Residence Formel in einer Zwei-Zimmer-Suite:   Bettw\u00e4sche und Handt\u00fccher (3 Badet\u00fccher + Laken + Kopfkissenbezug) pro Person  Wechsel der Handt\u00fccher alle 3 Tage  Bettw\u00e4schewechsel alle 7 Tage  Kostenlose Nutzung des Wi-Fi-Internets  Haartrockner und Pflegeset f\u00fcr das Badezimmer (Duschgel, Shampoo, Kappe usw.)  Nutzung der K\u00fcchenzeile und der K\u00fcchenutensilien (T\u00f6pfe, Geschirr, Gl\u00e4ser, Besteck usw.)  K\u00fcchenset (Geschirrtuch, Sp\u00fclmittel, Schwamm, Besen, Kehrblech, Mopp, Geschirrsp\u00fcltabletten)  Endreinigung  Von \u20ac 400,00 f\u00fcr 2 Personen (5 N\u00e4chte) Wohnung Stellamarina. Bitte fordern Sie ein Angebot an, indem Sie das Formular ausf\u00fcllen, um ein detailliertes Angebot zu erhalten.\" \/>\n<meta name=\"robots\" content=\"index, follow, max-snippet:-1, max-image-preview:large, max-video-preview:-1\" \/>\n<link rel=\"canonical\" href=\"https:\/\/www.riminihotelcavallucciomarino.it\/de\/super-pfingstangebot-2026\/urlaubsangebote\/angebot-mai-2026\/\" \/>\n<meta property=\"og:locale\" content=\"de_DE\" \/>\n<meta property=\"og:type\" content=\"article\" \/>\n<meta property=\"og:title\" content=\"Angebot Mai 2026 - Cavalluccio Marino Hotel &amp; Residence\" \/>\n<meta property=\"og:description\" content=\"Laufen Sie zum Strand und genie\u00dfen Sie die ersten Sonnenstrahlen! Super Angebot f\u00fcr den Mai\u00a0 in unserem Aparthotel, direkt am Strand, ideal f\u00fcr Familien mit Kindern\u00a0und f\u00fcr alle Liebhaber der\u00a0Riviera der Romagna.. Vom 9. bis zum 23.Mai , mit allen bereits inbegriffenen Leistungen, um einen herrlichen Urlaub zu genie\u00dfen. Unser B&amp;B-Angebot umfasst folgende Leistungen:   \u00dcbernachtung in einem schallisolierten Zimmer mit Meerblick, TV, Minibar, Safe, Verdunklungsvorh\u00e4ngen, Hausschuhen, reichhaltigem Pflegeset  Fr\u00fchst\u00fcck bis 10:30 Uhr verf\u00fcgbar mit \u00e0 la carte Men\u00fc, serviert in der Suite  Kostenlose Parkpl\u00e4tze am Hotel  M\u00f6glichkeit zur Nutzung einer Ladestation f\u00fcr Elektroautos  Kostenloses WLAN  10% Rabatt in unserem Restaurant &quot;Altamarea&quot;, direkt gegen\u00fcber dem Hotel  Ab \u20ac 80,00 f\u00fcr 2 Personen (mindestens 5 N\u00e4chte). M\u00f6chten Sie frei sein und Ihren Urlaub in v\u00f6lliger Entspannung und ohne Zw\u00e4nge genie\u00dfen und ohne Zw\u00e4nge\u2026.? Hier ist unser Angebot in der Residence Formel in einer Zwei-Zimmer-Suite:   Bettw\u00e4sche und Handt\u00fccher (3 Badet\u00fccher + Laken + Kopfkissenbezug) pro Person  Wechsel der Handt\u00fccher alle 3 Tage  Bettw\u00e4schewechsel alle 7 Tage  Kostenlose Nutzung des Wi-Fi-Internets  Haartrockner und Pflegeset f\u00fcr das Badezimmer (Duschgel, Shampoo, Kappe usw.)  Nutzung der K\u00fcchenzeile und der K\u00fcchenutensilien (T\u00f6pfe, Geschirr, Gl\u00e4ser, Besteck usw.)  K\u00fcchenset (Geschirrtuch, Sp\u00fclmittel, Schwamm, Besen, Kehrblech, Mopp, Geschirrsp\u00fcltabletten)  Endreinigung  Von \u20ac 400,00 f\u00fcr 2 Personen (5 N\u00e4chte) Wohnung Stellamarina. Bitte fordern Sie ein Angebot an, indem Sie das Formular ausf\u00fcllen, um ein detailliertes Angebot zu erhalten.\" \/>\n<meta property=\"og:url\" content=\"https:\/\/www.riminihotelcavallucciomarino.it\/de\/super-pfingstangebot-2026\/urlaubsangebote\/angebot-mai-2026\/\" \/>\n<meta property=\"og:site_name\" content=\"Cavalluccio Marino Hotel &amp; Residence\" \/>\n<meta property=\"article:publisher\" content=\"https:\/\/www.facebook.com\/HotelCavalluccioMarino.Rimini\" \/>\n<meta property=\"article:modified_time\" content=\"2026-01-03T14:08:28+00:00\" \/>\n<meta property=\"og:image\" content=\"https:\/\/www.riminihotelcavallucciomarino.it\/wp-content\/uploads\/sites\/89\/2024\/01\/Vacanze-in-famiglia-offerte.jpeg\" \/>\n\t<meta property=\"og:image:width\" content=\"800\" \/>\n\t<meta property=\"og:image:height\" content=\"433\" \/>\n\t<meta property=\"og:image:type\" content=\"image\/jpeg\" \/>\n<meta name=\"twitter:card\" content=\"summary_large_image\" \/>\n<meta name=\"twitter:label1\" content=\"Gesch\u00e4tzte Lesezeit\" \/>\n\t<meta name=\"twitter:data1\" content=\"2 Minuten\" \/>\n<script type=\"application\/ld+json\" class=\"yoast-schema-graph\">{\"@context\":\"https:\/\/schema.org\",\"@graph\":[{\"@type\":\"WebPage\",\"@id\":\"https:\/\/www.riminihotelcavallucciomarino.it\/de\/super-pfingstangebot-2026\/urlaubsangebote\/angebot-mai-2026\/\",\"url\":\"https:\/\/www.riminihotelcavallucciomarino.it\/de\/super-pfingstangebot-2026\/urlaubsangebote\/angebot-mai-2026\/\",\"name\":\"Angebot Mai 2026 - Cavalluccio Marino Hotel & Residence\",\"isPartOf\":{\"@id\":\"https:\/\/www.riminihotelcavallucciomarino.it\/de\/#website\"},\"primaryImageOfPage\":{\"@id\":\"https:\/\/www.riminihotelcavallucciomarino.it\/de\/super-pfingstangebot-2026\/urlaubsangebote\/angebot-mai-2026\/#primaryimage\"},\"image\":{\"@id\":\"https:\/\/www.riminihotelcavallucciomarino.it\/de\/super-pfingstangebot-2026\/urlaubsangebote\/angebot-mai-2026\/#primaryimage\"},\"thumbnailUrl\":\"https:\/\/www.riminihotelcavallucciomarino.it\/wp-content\/uploads\/sites\/89\/2024\/01\/Vacanze-in-famiglia-offerte.jpeg\",\"datePublished\":\"2024-01-03T15:02:18+00:00\",\"dateModified\":\"2026-01-03T14:08:28+00:00\",\"description\":\"Laufen Sie zum Strand und genie\u00dfen Sie die ersten Sonnenstrahlen! Super Angebot f\u00fcr den Mai\u00a0 in unserem Aparthotel, direkt am Strand, ideal f\u00fcr Familien mit Kindern\u00a0und f\u00fcr alle Liebhaber der\u00a0Riviera der Romagna.. Vom 9. bis zum 23.Mai , mit allen bereits inbegriffenen Leistungen, um einen herrlichen Urlaub zu genie\u00dfen. Unser B&amp;B-Angebot umfasst folgende Leistungen: \u2022 \u00dcbernachtung in einem schallisolierten Zimmer mit Meerblick, TV, Minibar, Safe, Verdunklungsvorh\u00e4ngen, Hausschuhen, reichhaltigem Pflegeset \u2022 Fr\u00fchst\u00fcck bis 10:30 Uhr verf\u00fcgbar mit \u00e0 la carte Men\u00fc, serviert in der Suite \u2022 Kostenlose Parkpl\u00e4tze am Hotel \u2022 M\u00f6glichkeit zur Nutzung einer Ladestation f\u00fcr Elektroautos \u2022 Kostenloses WLAN \u2022 10% Rabatt in unserem Restaurant \\\"Altamarea\\\", direkt gegen\u00fcber dem Hotel Ab \u20ac 80,00 f\u00fcr 2 Personen (mindestens 5 N\u00e4chte). M\u00f6chten Sie frei sein und Ihren Urlaub in v\u00f6lliger Entspannung und ohne Zw\u00e4nge genie\u00dfen und ohne Zw\u00e4nge\u2026.? Hier ist unser Angebot in der Residence Formel in einer Zwei-Zimmer-Suite: \u2022 Bettw\u00e4sche und Handt\u00fccher (3 Badet\u00fccher + Laken + Kopfkissenbezug) pro Person \u2022 Wechsel der Handt\u00fccher alle 3 Tage \u2022 Bettw\u00e4schewechsel alle 7 Tage \u2022 Kostenlose Nutzung des Wi-Fi-Internets \u2022 Haartrockner und Pflegeset f\u00fcr das Badezimmer (Duschgel, Shampoo, Kappe usw.) \u2022 Nutzung der K\u00fcchenzeile und der K\u00fcchenutensilien (T\u00f6pfe, Geschirr, Gl\u00e4ser, Besteck usw.) \u2022 K\u00fcchenset (Geschirrtuch, Sp\u00fclmittel, Schwamm, Besen, Kehrblech, Mopp, Geschirrsp\u00fcltabletten) \u2022 Endreinigung Von \u20ac 400,00 f\u00fcr 2 Personen (5 N\u00e4chte) Wohnung Stellamarina. Bitte fordern Sie ein Angebot an, indem Sie das Formular ausf\u00fcllen, um ein detailliertes Angebot zu erhalten.\",\"breadcrumb\":{\"@id\":\"https:\/\/www.riminihotelcavallucciomarino.it\/de\/super-pfingstangebot-2026\/urlaubsangebote\/angebot-mai-2026\/#breadcrumb\"},\"inLanguage\":\"de-DE\",\"potentialAction\":[{\"@type\":\"ReadAction\",\"target\":[\"https:\/\/www.riminihotelcavallucciomarino.it\/de\/super-pfingstangebot-2026\/urlaubsangebote\/angebot-mai-2026\/\"]}]},{\"@type\":\"ImageObject\",\"inLanguage\":\"de-DE\",\"@id\":\"https:\/\/www.riminihotelcavallucciomarino.it\/de\/super-pfingstangebot-2026\/urlaubsangebote\/angebot-mai-2026\/#primaryimage\",\"url\":\"https:\/\/www.riminihotelcavallucciomarino.it\/wp-content\/uploads\/sites\/89\/2024\/01\/Vacanze-in-famiglia-offerte.jpeg\",\"contentUrl\":\"https:\/\/www.riminihotelcavallucciomarino.it\/wp-content\/uploads\/sites\/89\/2024\/01\/Vacanze-in-famiglia-offerte.jpeg\",\"width\":800,\"height\":433},{\"@type\":\"BreadcrumbList\",\"@id\":\"https:\/\/www.riminihotelcavallucciomarino.it\/de\/super-pfingstangebot-2026\/urlaubsangebote\/angebot-mai-2026\/#breadcrumb\",\"itemListElement\":[{\"@type\":\"ListItem\",\"position\":1,\"name\":\"Home\",\"item\":\"https:\/\/www.riminihotelcavallucciomarino.it\/de\/\"},{\"@type\":\"ListItem\",\"position\":2,\"name\":\"Pfingstenangebote 2026\",\"item\":\"https:\/\/www.riminihotelcavallucciomarino.it\/de\/super-pfingstangebot-2026\/\"},{\"@type\":\"ListItem\",\"position\":3,\"name\":\"Urlaubsangebote\",\"item\":\"https:\/\/www.riminihotelcavallucciomarino.it\/de\/super-pfingstangebot-2026\/urlaubsangebote\/\"},{\"@type\":\"ListItem\",\"position\":4,\"name\":\"Angebot Mai 2026\"}]},{\"@type\":\"WebSite\",\"@id\":\"https:\/\/www.riminihotelcavallucciomarino.it\/de\/#website\",\"url\":\"https:\/\/www.riminihotelcavallucciomarino.it\/de\/\",\"name\":\"Cavalluccio Marino Hotel & Residence\",\"description\":\"\",\"publisher\":{\"@id\":\"https:\/\/www.riminihotelcavallucciomarino.it\/de\/#organization\"},\"potentialAction\":[{\"@type\":\"SearchAction\",\"target\":{\"@type\":\"EntryPoint\",\"urlTemplate\":\"https:\/\/www.riminihotelcavallucciomarino.it\/de\/?s={search_term_string}\"},\"query-input\":\"required name=search_term_string\"}],\"inLanguage\":\"de-DE\"},{\"@type\":\"Organization\",\"@id\":\"https:\/\/www.riminihotelcavallucciomarino.it\/de\/#organization\",\"name\":\"Cavalluccio Marino Hotel & Residence\",\"url\":\"https:\/\/www.riminihotelcavallucciomarino.it\/de\/\",\"logo\":{\"@type\":\"ImageObject\",\"inLanguage\":\"de-DE\",\"@id\":\"https:\/\/www.riminihotelcavallucciomarino.it\/de\/#\/schema\/logo\/image\/\",\"url\":\"https:\/\/cavalluccio-marino.ms2.decms.eu\/wp-content\/uploads\/sites\/89\/2023\/12\/logo-grande-cavalluccio.png\",\"contentUrl\":\"https:\/\/cavalluccio-marino.ms2.decms.eu\/wp-content\/uploads\/sites\/89\/2023\/12\/logo-grande-cavalluccio.png\",\"width\":328,\"height\":167,\"caption\":\"Cavalluccio Marino Hotel & Residence\"},\"image\":{\"@id\":\"https:\/\/www.riminihotelcavallucciomarino.it\/de\/#\/schema\/logo\/image\/\"},\"sameAs\":[\"https:\/\/www.facebook.com\/HotelCavalluccioMarino.Rimini\",\"https:\/\/www.instagram.com\/hotel.cavallucciomarino\/\"]}]}<\/script>\n<!-- \/ Yoast SEO plugin. -->","yoast_head_json":{"title":"Angebot Mai 2026 - Cavalluccio Marino Hotel & Residence","description":"Laufen Sie zum Strand und genie\u00dfen Sie die ersten Sonnenstrahlen! Super Angebot f\u00fcr den Mai\u00a0 in unserem Aparthotel, direkt am Strand, ideal f\u00fcr Familien mit Kindern\u00a0und f\u00fcr alle Liebhaber der\u00a0Riviera der Romagna.. Vom 9. bis zum 23.Mai , mit allen bereits inbegriffenen Leistungen, um einen herrlichen Urlaub zu genie\u00dfen. Unser B&amp;B-Angebot umfasst folgende Leistungen:   \u00dcbernachtung in einem schallisolierten Zimmer mit Meerblick, TV, Minibar, Safe, Verdunklungsvorh\u00e4ngen, Hausschuhen, reichhaltigem Pflegeset  Fr\u00fchst\u00fcck bis 10:30 Uhr verf\u00fcgbar mit \u00e0 la carte Men\u00fc, serviert in der Suite  Kostenlose Parkpl\u00e4tze am Hotel  M\u00f6glichkeit zur Nutzung einer Ladestation f\u00fcr Elektroautos  Kostenloses WLAN  10% Rabatt in unserem Restaurant \"Altamarea\", direkt gegen\u00fcber dem Hotel  Ab \u20ac 80,00 f\u00fcr 2 Personen (mindestens 5 N\u00e4chte). M\u00f6chten Sie frei sein und Ihren Urlaub in v\u00f6lliger Entspannung und ohne Zw\u00e4nge genie\u00dfen und ohne Zw\u00e4nge\u2026.? Hier ist unser Angebot in der Residence Formel in einer Zwei-Zimmer-Suite:   Bettw\u00e4sche und Handt\u00fccher (3 Badet\u00fccher + Laken + Kopfkissenbezug) pro Person  Wechsel der Handt\u00fccher alle 3 Tage  Bettw\u00e4schewechsel alle 7 Tage  Kostenlose Nutzung des Wi-Fi-Internets  Haartrockner und Pflegeset f\u00fcr das Badezimmer (Duschgel, Shampoo, Kappe usw.)  Nutzung der K\u00fcchenzeile und der K\u00fcchenutensilien (T\u00f6pfe, Geschirr, Gl\u00e4ser, Besteck usw.)  K\u00fcchenset (Geschirrtuch, Sp\u00fclmittel, Schwamm, Besen, Kehrblech, Mopp, Geschirrsp\u00fcltabletten)  Endreinigung  Von \u20ac 400,00 f\u00fcr 2 Personen (5 N\u00e4chte) Wohnung Stellamarina. Bitte fordern Sie ein Angebot an, indem Sie das Formular ausf\u00fcllen, um ein detailliertes Angebot zu erhalten.","robots":{"index":"index","follow":"follow","max-snippet":"max-snippet:-1","max-image-preview":"max-image-preview:large","max-video-preview":"max-video-preview:-1"},"canonical":"https:\/\/www.riminihotelcavallucciomarino.it\/de\/super-pfingstangebot-2026\/urlaubsangebote\/angebot-mai-2026\/","og_locale":"de_DE","og_type":"article","og_title":"Angebot Mai 2026 - Cavalluccio Marino Hotel & Residence","og_description":"Laufen Sie zum Strand und genie\u00dfen Sie die ersten Sonnenstrahlen! Super Angebot f\u00fcr den Mai\u00a0 in unserem Aparthotel, direkt am Strand, ideal f\u00fcr Familien mit Kindern\u00a0und f\u00fcr alle Liebhaber der\u00a0Riviera der Romagna.. Vom 9. bis zum 23.Mai , mit allen bereits inbegriffenen Leistungen, um einen herrlichen Urlaub zu genie\u00dfen. Unser B&amp;B-Angebot umfasst folgende Leistungen:   \u00dcbernachtung in einem schallisolierten Zimmer mit Meerblick, TV, Minibar, Safe, Verdunklungsvorh\u00e4ngen, Hausschuhen, reichhaltigem Pflegeset  Fr\u00fchst\u00fcck bis 10:30 Uhr verf\u00fcgbar mit \u00e0 la carte Men\u00fc, serviert in der Suite  Kostenlose Parkpl\u00e4tze am Hotel  M\u00f6glichkeit zur Nutzung einer Ladestation f\u00fcr Elektroautos  Kostenloses WLAN  10% Rabatt in unserem Restaurant \"Altamarea\", direkt gegen\u00fcber dem Hotel  Ab \u20ac 80,00 f\u00fcr 2 Personen (mindestens 5 N\u00e4chte). M\u00f6chten Sie frei sein und Ihren Urlaub in v\u00f6lliger Entspannung und ohne Zw\u00e4nge genie\u00dfen und ohne Zw\u00e4nge\u2026.? Hier ist unser Angebot in der Residence Formel in einer Zwei-Zimmer-Suite:   Bettw\u00e4sche und Handt\u00fccher (3 Badet\u00fccher + Laken + Kopfkissenbezug) pro Person  Wechsel der Handt\u00fccher alle 3 Tage  Bettw\u00e4schewechsel alle 7 Tage  Kostenlose Nutzung des Wi-Fi-Internets  Haartrockner und Pflegeset f\u00fcr das Badezimmer (Duschgel, Shampoo, Kappe usw.)  Nutzung der K\u00fcchenzeile und der K\u00fcchenutensilien (T\u00f6pfe, Geschirr, Gl\u00e4ser, Besteck usw.)  K\u00fcchenset (Geschirrtuch, Sp\u00fclmittel, Schwamm, Besen, Kehrblech, Mopp, Geschirrsp\u00fcltabletten)  Endreinigung  Von \u20ac 400,00 f\u00fcr 2 Personen (5 N\u00e4chte) Wohnung Stellamarina. Bitte fordern Sie ein Angebot an, indem Sie das Formular ausf\u00fcllen, um ein detailliertes Angebot zu erhalten.","og_url":"https:\/\/www.riminihotelcavallucciomarino.it\/de\/super-pfingstangebot-2026\/urlaubsangebote\/angebot-mai-2026\/","og_site_name":"Cavalluccio Marino Hotel & Residence","article_publisher":"https:\/\/www.facebook.com\/HotelCavalluccioMarino.Rimini","article_modified_time":"2026-01-03T14:08:28+00:00","og_image":[{"width":800,"height":433,"url":"https:\/\/www.riminihotelcavallucciomarino.it\/wp-content\/uploads\/sites\/89\/2024\/01\/Vacanze-in-famiglia-offerte.jpeg","type":"image\/jpeg"}],"twitter_card":"summary_large_image","twitter_misc":{"Gesch\u00e4tzte Lesezeit":"2 Minuten"},"schema":{"@context":"https:\/\/schema.org","@graph":[{"@type":"WebPage","@id":"https:\/\/www.riminihotelcavallucciomarino.it\/de\/super-pfingstangebot-2026\/urlaubsangebote\/angebot-mai-2026\/","url":"https:\/\/www.riminihotelcavallucciomarino.it\/de\/super-pfingstangebot-2026\/urlaubsangebote\/angebot-mai-2026\/","name":"Angebot Mai 2026 - Cavalluccio Marino Hotel & Residence","isPartOf":{"@id":"https:\/\/www.riminihotelcavallucciomarino.it\/de\/#website"},"primaryImageOfPage":{"@id":"https:\/\/www.riminihotelcavallucciomarino.it\/de\/super-pfingstangebot-2026\/urlaubsangebote\/angebot-mai-2026\/#primaryimage"},"image":{"@id":"https:\/\/www.riminihotelcavallucciomarino.it\/de\/super-pfingstangebot-2026\/urlaubsangebote\/angebot-mai-2026\/#primaryimage"},"thumbnailUrl":"https:\/\/www.riminihotelcavallucciomarino.it\/wp-content\/uploads\/sites\/89\/2024\/01\/Vacanze-in-famiglia-offerte.jpeg","datePublished":"2024-01-03T15:02:18+00:00","dateModified":"2026-01-03T14:08:28+00:00","description":"Laufen Sie zum Strand und genie\u00dfen Sie die ersten Sonnenstrahlen! Super Angebot f\u00fcr den Mai\u00a0 in unserem Aparthotel, direkt am Strand, ideal f\u00fcr Familien mit Kindern\u00a0und f\u00fcr alle Liebhaber der\u00a0Riviera der Romagna.. Vom 9. bis zum 23.Mai , mit allen bereits inbegriffenen Leistungen, um einen herrlichen Urlaub zu genie\u00dfen. Unser B&amp;B-Angebot umfasst folgende Leistungen: \u2022 \u00dcbernachtung in einem schallisolierten Zimmer mit Meerblick, TV, Minibar, Safe, Verdunklungsvorh\u00e4ngen, Hausschuhen, reichhaltigem Pflegeset \u2022 Fr\u00fchst\u00fcck bis 10:30 Uhr verf\u00fcgbar mit \u00e0 la carte Men\u00fc, serviert in der Suite \u2022 Kostenlose Parkpl\u00e4tze am Hotel \u2022 M\u00f6glichkeit zur Nutzung einer Ladestation f\u00fcr Elektroautos \u2022 Kostenloses WLAN \u2022 10% Rabatt in unserem Restaurant \"Altamarea\", direkt gegen\u00fcber dem Hotel Ab \u20ac 80,00 f\u00fcr 2 Personen (mindestens 5 N\u00e4chte). M\u00f6chten Sie frei sein und Ihren Urlaub in v\u00f6lliger Entspannung und ohne Zw\u00e4nge genie\u00dfen und ohne Zw\u00e4nge\u2026.? Hier ist unser Angebot in der Residence Formel in einer Zwei-Zimmer-Suite: \u2022 Bettw\u00e4sche und Handt\u00fccher (3 Badet\u00fccher + Laken + Kopfkissenbezug) pro Person \u2022 Wechsel der Handt\u00fccher alle 3 Tage \u2022 Bettw\u00e4schewechsel alle 7 Tage \u2022 Kostenlose Nutzung des Wi-Fi-Internets \u2022 Haartrockner und Pflegeset f\u00fcr das Badezimmer (Duschgel, Shampoo, Kappe usw.) \u2022 Nutzung der K\u00fcchenzeile und der K\u00fcchenutensilien (T\u00f6pfe, Geschirr, Gl\u00e4ser, Besteck usw.) \u2022 K\u00fcchenset (Geschirrtuch, Sp\u00fclmittel, Schwamm, Besen, Kehrblech, Mopp, Geschirrsp\u00fcltabletten) \u2022 Endreinigung Von \u20ac 400,00 f\u00fcr 2 Personen (5 N\u00e4chte) Wohnung Stellamarina. Bitte fordern Sie ein Angebot an, indem Sie das Formular ausf\u00fcllen, um ein detailliertes Angebot zu erhalten.","breadcrumb":{"@id":"https:\/\/www.riminihotelcavallucciomarino.it\/de\/super-pfingstangebot-2026\/urlaubsangebote\/angebot-mai-2026\/#breadcrumb"},"inLanguage":"de-DE","potentialAction":[{"@type":"ReadAction","target":["https:\/\/www.riminihotelcavallucciomarino.it\/de\/super-pfingstangebot-2026\/urlaubsangebote\/angebot-mai-2026\/"]}]},{"@type":"ImageObject","inLanguage":"de-DE","@id":"https:\/\/www.riminihotelcavallucciomarino.it\/de\/super-pfingstangebot-2026\/urlaubsangebote\/angebot-mai-2026\/#primaryimage","url":"https:\/\/www.riminihotelcavallucciomarino.it\/wp-content\/uploads\/sites\/89\/2024\/01\/Vacanze-in-famiglia-offerte.jpeg","contentUrl":"https:\/\/www.riminihotelcavallucciomarino.it\/wp-content\/uploads\/sites\/89\/2024\/01\/Vacanze-in-famiglia-offerte.jpeg","width":800,"height":433},{"@type":"BreadcrumbList","@id":"https:\/\/www.riminihotelcavallucciomarino.it\/de\/super-pfingstangebot-2026\/urlaubsangebote\/angebot-mai-2026\/#breadcrumb","itemListElement":[{"@type":"ListItem","position":1,"name":"Home","item":"https:\/\/www.riminihotelcavallucciomarino.it\/de\/"},{"@type":"ListItem","position":2,"name":"Pfingstenangebote 2026","item":"https:\/\/www.riminihotelcavallucciomarino.it\/de\/super-pfingstangebot-2026\/"},{"@type":"ListItem","position":3,"name":"Urlaubsangebote","item":"https:\/\/www.riminihotelcavallucciomarino.it\/de\/super-pfingstangebot-2026\/urlaubsangebote\/"},{"@type":"ListItem","position":4,"name":"Angebot Mai 2026"}]},{"@type":"WebSite","@id":"https:\/\/www.riminihotelcavallucciomarino.it\/de\/#website","url":"https:\/\/www.riminihotelcavallucciomarino.it\/de\/","name":"Cavalluccio Marino Hotel & Residence","description":"","publisher":{"@id":"https:\/\/www.riminihotelcavallucciomarino.it\/de\/#organization"},"potentialAction":[{"@type":"SearchAction","target":{"@type":"EntryPoint","urlTemplate":"https:\/\/www.riminihotelcavallucciomarino.it\/de\/?s={search_term_string}"},"query-input":"required name=search_term_string"}],"inLanguage":"de-DE"},{"@type":"Organization","@id":"https:\/\/www.riminihotelcavallucciomarino.it\/de\/#organization","name":"Cavalluccio Marino Hotel & Residence","url":"https:\/\/www.riminihotelcavallucciomarino.it\/de\/","logo":{"@type":"ImageObject","inLanguage":"de-DE","@id":"https:\/\/www.riminihotelcavallucciomarino.it\/de\/#\/schema\/logo\/image\/","url":"https:\/\/cavalluccio-marino.ms2.decms.eu\/wp-content\/uploads\/sites\/89\/2023\/12\/logo-grande-cavalluccio.png","contentUrl":"https:\/\/cavalluccio-marino.ms2.decms.eu\/wp-content\/uploads\/sites\/89\/2023\/12\/logo-grande-cavalluccio.png","width":328,"height":167,"caption":"Cavalluccio Marino Hotel & Residence"},"image":{"@id":"https:\/\/www.riminihotelcavallucciomarino.it\/de\/#\/schema\/logo\/image\/"},"sameAs":["https:\/\/www.facebook.com\/HotelCavalluccioMarino.Rimini","https:\/\/www.instagram.com\/hotel.cavallucciomarino\/"]}]}},"acf":[],"_links":{"self":[{"href":"https:\/\/www.riminihotelcavallucciomarino.it\/de\/wp-json\/wp\/v2\/pages\/610"}],"collection":[{"href":"https:\/\/www.riminihotelcavallucciomarino.it\/de\/wp-json\/wp\/v2\/pages"}],"about":[{"href":"https:\/\/www.riminihotelcavallucciomarino.it\/de\/wp-json\/wp\/v2\/types\/page"}],"author":[{"embeddable":true,"href":"https:\/\/www.riminihotelcavallucciomarino.it\/de\/wp-json\/wp\/v2\/users\/12"}],"replies":[{"embeddable":true,"href":"https:\/\/www.riminihotelcavallucciomarino.it\/de\/wp-json\/wp\/v2\/comments?post=610"}],"version-history":[{"count":0,"href":"https:\/\/www.riminihotelcavallucciomarino.it\/de\/wp-json\/wp\/v2\/pages\/610\/revisions"}],"up":[{"embeddable":true,"href":"https:\/\/www.riminihotelcavallucciomarino.it\/de\/wp-json\/wp\/v2\/pages\/604"}],"wp:featuredmedia":[{"embeddable":true,"href":"https:\/\/www.riminihotelcavallucciomarino.it\/de\/wp-json\/wp\/v2\/media\/347"}],"wp:attachment":[{"href":"https:\/\/www.riminihotelcavallucciomarino.it\/de\/wp-json\/wp\/v2\/media?parent=610"}],"wp:term":[{"taxonomy":"category","embeddable":true,"href":"https:\/\/www.riminihotelcavallucciomarino.it\/de\/wp-json\/wp\/v2\/categories?post=610"}],"curies":[{"name":"wp","href":"https:\/\/api.w.org\/{rel}","templated":true}]}}