{"id":602,"date":"2023-12-20T16:24:56","date_gmt":"2023-12-20T16:24:56","guid":{"rendered":"https:\/\/cavalluccio-marino.ms2.decms.eu\/offerte\/"},"modified":"2026-01-03T14:30:36","modified_gmt":"2026-01-03T14:30:36","slug":"super-pfingstangebot-2026","status":"publish","type":"page","link":"https:\/\/www.riminihotelcavallucciomarino.it\/de\/super-pfingstangebot-2026\/","title":{"rendered":"Pfingstenangebote 2026"},"content":{"rendered":"<p>Lauf zum Strand ab dem 24 Mai!<\/p>\n<p>Super Pfingstangebot in unserem Hotel direkt am Meer, ideal f\u00fcr Familien mit Kindern!<\/p>\n<p>Eine Woche vom 24. Mai bis 20. Juni mit allen Leistungen, die bereits enthalten sind, damit Sie einen wundersch\u00f6nen Urlaub genie\u00dfen k\u00f6nnen.<\/p>\n<p>Residence Angebote<\/p>\n<p>Unterbringung:<\/p>\n<p>Suite Stellamarina<\/p>\n<p>Wohnungen komplett renoviert, im Erdgeschoss gelegen, mit separatem Eingang, Seitenmeerblick , ausgestattet mit allen Annehmlichkeiten: ein Schlafzimmer, ein Wohnzimmer mit Schlafcouch und K\u00fcchenzeile mit K\u00fchlschrank und Geschirrsp\u00fcler, Mikrowelle, Bad mit Dusche zwei LED-TV 24 &#8218;und 32\u2018, Klimaanlage \/ Heizung und Gemeinschaftsterrasse mit Meerblick ; Einige Stella Marina Suiten sind ausgestattet mit Einrichtungen f\u00fcr Behinderte<\/p>\n<p>Inkludierte Leistungen<\/p>\n<p>Der Preis beinhaltet folgende Leistungen:<\/p>\n<ul>\n<li>Bettw\u00e4sche und Handt\u00fccher (Bad 3 Satz + Bl\u00e4tter + Kissenbez\u00fcge)<\/li>\n<li>Wechsel der Handt\u00fccher jeden drei Tage<\/li>\n<li>Wechsel der Bettw\u00e4sche\u00a0 jeden sieben Tage<\/li>\n<li>Der Verbrauch von Wasser, Strom, Gas<\/li>\n<li>Reinigung<\/li>\n<li>Parken<\/li>\n<li>Kostenloses Wi-fi<\/li>\n<\/ul>\n<p>&nbsp;<\/p>\n<p>7 \u00dcbernachtungen von 600 \u20ac f\u00fcr zwei Personen<\/p>\n<p>7 \u00dcbernachtungen von\u00a0 700 \u20ac f\u00fcr 3\/4 Personen<\/p>\n","protected":false},"excerpt":{"rendered":"<p>Lauf zum Strand ab dem 24 Mai! Super Pfingstangebot in unserem Hotel direkt am Meer, ideal f\u00fcr Familien mit Kindern! Eine Woche vom 24. Mai bis 20. Juni mit allen Leistungen, die bereits enthalten sind, damit Sie einen wundersch\u00f6nen Urlaub genie\u00dfen k\u00f6nnen. Residence Angebote Unterbringung: Suite Stellamarina Wohnungen komplett renoviert, im Erdgeschoss gelegen, mit separatem [&hellip;]<\/p>\n","protected":false},"author":12,"featured_media":0,"parent":0,"menu_order":30,"comment_status":"closed","ping_status":"closed","template":"template-offers.php","meta":{"footnotes":""},"categories":[],"class_list":["post-602","page","type-page","status-publish","hentry"],"yoast_head":"<!-- This site is optimized with the Yoast SEO plugin v27.3 - https:\/\/yoast.com\/product\/yoast-seo-wordpress\/ -->\n<title>Pfingstenangebote 2026 - Cavalluccio Marino Hotel &amp; Residence<\/title>\n<meta name=\"description\" content=\"Lauf zum Strand ab dem 24 Mai!  Super Pfingstangebot in unserem Hotel direkt am Meer, ideal f\u00fcr Familien mit Kindern!  Eine Woche vom 24. Mai bis 20\" \/>\n<meta name=\"robots\" content=\"index, follow, max-snippet:-1, max-image-preview:large, max-video-preview:-1\" \/>\n<link rel=\"canonical\" href=\"https:\/\/www.riminihotelcavallucciomarino.it\/de\/super-pfingstangebot-2026\/\" \/>\n<meta property=\"og:locale\" content=\"de_DE\" \/>\n<meta property=\"og:type\" content=\"article\" \/>\n<meta property=\"og:title\" content=\"Pfingstenangebote 2026 - Cavalluccio Marino Hotel &amp; Residence\" \/>\n<meta property=\"og:description\" content=\"Lauf zum Strand ab dem 24 Mai!  Super Pfingstangebot in unserem Hotel direkt am Meer, ideal f\u00fcr Familien mit Kindern!  Eine Woche vom 24. Mai bis 20\" \/>\n<meta property=\"og:url\" content=\"https:\/\/www.riminihotelcavallucciomarino.it\/de\/super-pfingstangebot-2026\/\" \/>\n<meta property=\"og:site_name\" content=\"Cavalluccio Marino Hotel &amp; Residence\" \/>\n<meta property=\"article:publisher\" content=\"https:\/\/www.facebook.com\/HotelCavalluccioMarino.Rimini\" \/>\n<meta property=\"article:modified_time\" content=\"2026-01-03T14:30:36+00:00\" \/>\n<meta name=\"twitter:card\" content=\"summary_large_image\" \/>\n<meta name=\"twitter:label1\" content=\"Gesch\u00e4tzte Lesezeit\" \/>\n\t<meta name=\"twitter:data1\" content=\"1 Minute\" \/>\n<script type=\"application\/ld+json\" class=\"yoast-schema-graph\">{\"@context\":\"https:\\\/\\\/schema.org\",\"@graph\":[{\"@type\":\"WebPage\",\"@id\":\"https:\\\/\\\/www.riminihotelcavallucciomarino.it\\\/de\\\/super-pfingstangebot-2026\\\/\",\"url\":\"https:\\\/\\\/www.riminihotelcavallucciomarino.it\\\/de\\\/super-pfingstangebot-2026\\\/\",\"name\":\"Pfingstenangebote 2026 - Cavalluccio Marino Hotel & Residence\",\"isPartOf\":{\"@id\":\"https:\\\/\\\/www.riminihotelcavallucciomarino.it\\\/de\\\/#website\"},\"datePublished\":\"2023-12-20T16:24:56+00:00\",\"dateModified\":\"2026-01-03T14:30:36+00:00\",\"description\":\"Lauf zum Strand ab dem 24 Mai! Super Pfingstangebot in unserem Hotel direkt am Meer, ideal f\u00fcr Familien mit Kindern! Eine Woche vom 24. Mai bis 20\",\"breadcrumb\":{\"@id\":\"https:\\\/\\\/www.riminihotelcavallucciomarino.it\\\/de\\\/super-pfingstangebot-2026\\\/#breadcrumb\"},\"inLanguage\":\"de-DE\",\"potentialAction\":[{\"@type\":\"ReadAction\",\"target\":[\"https:\\\/\\\/www.riminihotelcavallucciomarino.it\\\/de\\\/super-pfingstangebot-2026\\\/\"]}]},{\"@type\":\"BreadcrumbList\",\"@id\":\"https:\\\/\\\/www.riminihotelcavallucciomarino.it\\\/de\\\/super-pfingstangebot-2026\\\/#breadcrumb\",\"itemListElement\":[{\"@type\":\"ListItem\",\"position\":1,\"name\":\"Home\",\"item\":\"https:\\\/\\\/www.riminihotelcavallucciomarino.it\\\/de\\\/\"},{\"@type\":\"ListItem\",\"position\":2,\"name\":\"Pfingstenangebote 2026\"}]},{\"@type\":\"WebSite\",\"@id\":\"https:\\\/\\\/www.riminihotelcavallucciomarino.it\\\/de\\\/#website\",\"url\":\"https:\\\/\\\/www.riminihotelcavallucciomarino.it\\\/de\\\/\",\"name\":\"Cavalluccio Marino Hotel & Residence\",\"description\":\"\",\"publisher\":{\"@id\":\"https:\\\/\\\/www.riminihotelcavallucciomarino.it\\\/de\\\/#organization\"},\"potentialAction\":[{\"@type\":\"SearchAction\",\"target\":{\"@type\":\"EntryPoint\",\"urlTemplate\":\"https:\\\/\\\/www.riminihotelcavallucciomarino.it\\\/de\\\/?s={search_term_string}\"},\"query-input\":{\"@type\":\"PropertyValueSpecification\",\"valueRequired\":true,\"valueName\":\"search_term_string\"}}],\"inLanguage\":\"de-DE\"},{\"@type\":\"Organization\",\"@id\":\"https:\\\/\\\/www.riminihotelcavallucciomarino.it\\\/de\\\/#organization\",\"name\":\"Cavalluccio Marino Hotel & Residence\",\"url\":\"https:\\\/\\\/www.riminihotelcavallucciomarino.it\\\/de\\\/\",\"logo\":{\"@type\":\"ImageObject\",\"inLanguage\":\"de-DE\",\"@id\":\"https:\\\/\\\/www.riminihotelcavallucciomarino.it\\\/de\\\/#\\\/schema\\\/logo\\\/image\\\/\",\"url\":\"https:\\\/\\\/cavalluccio-marino.ms2.decms.eu\\\/wp-content\\\/uploads\\\/sites\\\/89\\\/2023\\\/12\\\/logo-grande-cavalluccio.png\",\"contentUrl\":\"https:\\\/\\\/cavalluccio-marino.ms2.decms.eu\\\/wp-content\\\/uploads\\\/sites\\\/89\\\/2023\\\/12\\\/logo-grande-cavalluccio.png\",\"width\":328,\"height\":167,\"caption\":\"Cavalluccio Marino Hotel & Residence\"},\"image\":{\"@id\":\"https:\\\/\\\/www.riminihotelcavallucciomarino.it\\\/de\\\/#\\\/schema\\\/logo\\\/image\\\/\"},\"sameAs\":[\"https:\\\/\\\/www.facebook.com\\\/HotelCavalluccioMarino.Rimini\",\"https:\\\/\\\/www.instagram.com\\\/hotel.cavallucciomarino\\\/\"]}]}<\/script>\n<!-- \/ Yoast SEO plugin. -->","yoast_head_json":{"title":"Pfingstenangebote 2026 - Cavalluccio Marino Hotel & Residence","description":"Lauf zum Strand ab dem 24 Mai!  Super Pfingstangebot in unserem Hotel direkt am Meer, ideal f\u00fcr Familien mit Kindern!  Eine Woche vom 24. Mai bis 20","robots":{"index":"index","follow":"follow","max-snippet":"max-snippet:-1","max-image-preview":"max-image-preview:large","max-video-preview":"max-video-preview:-1"},"canonical":"https:\/\/www.riminihotelcavallucciomarino.it\/de\/super-pfingstangebot-2026\/","og_locale":"de_DE","og_type":"article","og_title":"Pfingstenangebote 2026 - Cavalluccio Marino Hotel & Residence","og_description":"Lauf zum Strand ab dem 24 Mai!  Super Pfingstangebot in unserem Hotel direkt am Meer, ideal f\u00fcr Familien mit Kindern!  Eine Woche vom 24. Mai bis 20","og_url":"https:\/\/www.riminihotelcavallucciomarino.it\/de\/super-pfingstangebot-2026\/","og_site_name":"Cavalluccio Marino Hotel & Residence","article_publisher":"https:\/\/www.facebook.com\/HotelCavalluccioMarino.Rimini","article_modified_time":"2026-01-03T14:30:36+00:00","twitter_card":"summary_large_image","twitter_misc":{"Gesch\u00e4tzte Lesezeit":"1 Minute"},"schema":{"@context":"https:\/\/schema.org","@graph":[{"@type":"WebPage","@id":"https:\/\/www.riminihotelcavallucciomarino.it\/de\/super-pfingstangebot-2026\/","url":"https:\/\/www.riminihotelcavallucciomarino.it\/de\/super-pfingstangebot-2026\/","name":"Pfingstenangebote 2026 - Cavalluccio Marino Hotel & Residence","isPartOf":{"@id":"https:\/\/www.riminihotelcavallucciomarino.it\/de\/#website"},"datePublished":"2023-12-20T16:24:56+00:00","dateModified":"2026-01-03T14:30:36+00:00","description":"Lauf zum Strand ab dem 24 Mai! Super Pfingstangebot in unserem Hotel direkt am Meer, ideal f\u00fcr Familien mit Kindern! Eine Woche vom 24. Mai bis 20","breadcrumb":{"@id":"https:\/\/www.riminihotelcavallucciomarino.it\/de\/super-pfingstangebot-2026\/#breadcrumb"},"inLanguage":"de-DE","potentialAction":[{"@type":"ReadAction","target":["https:\/\/www.riminihotelcavallucciomarino.it\/de\/super-pfingstangebot-2026\/"]}]},{"@type":"BreadcrumbList","@id":"https:\/\/www.riminihotelcavallucciomarino.it\/de\/super-pfingstangebot-2026\/#breadcrumb","itemListElement":[{"@type":"ListItem","position":1,"name":"Home","item":"https:\/\/www.riminihotelcavallucciomarino.it\/de\/"},{"@type":"ListItem","position":2,"name":"Pfingstenangebote 2026"}]},{"@type":"WebSite","@id":"https:\/\/www.riminihotelcavallucciomarino.it\/de\/#website","url":"https:\/\/www.riminihotelcavallucciomarino.it\/de\/","name":"Cavalluccio Marino Hotel & Residence","description":"","publisher":{"@id":"https:\/\/www.riminihotelcavallucciomarino.it\/de\/#organization"},"potentialAction":[{"@type":"SearchAction","target":{"@type":"EntryPoint","urlTemplate":"https:\/\/www.riminihotelcavallucciomarino.it\/de\/?s={search_term_string}"},"query-input":{"@type":"PropertyValueSpecification","valueRequired":true,"valueName":"search_term_string"}}],"inLanguage":"de-DE"},{"@type":"Organization","@id":"https:\/\/www.riminihotelcavallucciomarino.it\/de\/#organization","name":"Cavalluccio Marino Hotel & Residence","url":"https:\/\/www.riminihotelcavallucciomarino.it\/de\/","logo":{"@type":"ImageObject","inLanguage":"de-DE","@id":"https:\/\/www.riminihotelcavallucciomarino.it\/de\/#\/schema\/logo\/image\/","url":"https:\/\/cavalluccio-marino.ms2.decms.eu\/wp-content\/uploads\/sites\/89\/2023\/12\/logo-grande-cavalluccio.png","contentUrl":"https:\/\/cavalluccio-marino.ms2.decms.eu\/wp-content\/uploads\/sites\/89\/2023\/12\/logo-grande-cavalluccio.png","width":328,"height":167,"caption":"Cavalluccio Marino Hotel & Residence"},"image":{"@id":"https:\/\/www.riminihotelcavallucciomarino.it\/de\/#\/schema\/logo\/image\/"},"sameAs":["https:\/\/www.facebook.com\/HotelCavalluccioMarino.Rimini","https:\/\/www.instagram.com\/hotel.cavallucciomarino\/"]}]}},"acf":[],"_links":{"self":[{"href":"https:\/\/www.riminihotelcavallucciomarino.it\/de\/wp-json\/wp\/v2\/pages\/602","targetHints":{"allow":["GET"]}}],"collection":[{"href":"https:\/\/www.riminihotelcavallucciomarino.it\/de\/wp-json\/wp\/v2\/pages"}],"about":[{"href":"https:\/\/www.riminihotelcavallucciomarino.it\/de\/wp-json\/wp\/v2\/types\/page"}],"author":[{"embeddable":true,"href":"https:\/\/www.riminihotelcavallucciomarino.it\/de\/wp-json\/wp\/v2\/users\/12"}],"replies":[{"embeddable":true,"href":"https:\/\/www.riminihotelcavallucciomarino.it\/de\/wp-json\/wp\/v2\/comments?post=602"}],"version-history":[{"count":0,"href":"https:\/\/www.riminihotelcavallucciomarino.it\/de\/wp-json\/wp\/v2\/pages\/602\/revisions"}],"wp:attachment":[{"href":"https:\/\/www.riminihotelcavallucciomarino.it\/de\/wp-json\/wp\/v2\/media?parent=602"}],"wp:term":[{"taxonomy":"category","embeddable":true,"href":"https:\/\/www.riminihotelcavallucciomarino.it\/de\/wp-json\/wp\/v2\/categories?post=602"}],"curies":[{"name":"wp","href":"https:\/\/api.w.org\/{rel}","templated":true}]}}