{"id":585,"date":"2023-12-20T16:18:11","date_gmt":"2023-12-20T16:18:11","guid":{"rendered":"https:\/\/cavalluccio-marino.ms2.decms.eu\/apartments-suites\/suite-madreperla\/"},"modified":"2024-03-18T14:49:29","modified_gmt":"2024-03-18T14:49:29","slug":"suite-madreperla","status":"publish","type":"page","link":"https:\/\/www.riminihotelcavallucciomarino.it\/de\/apartments-und-suites\/suite-madreperla\/","title":{"rendered":"Suite Madreperla"},"content":{"rendered":"<p><strong>Exklusive Suite Zweizimmerwohnung<\/strong> (28 mq) im erster Stock. Es ist von <strong>private Solariumterrassemit Meerblick gekennzeichnet<\/strong>, mit Sonnenschirm, Tisch und Sonnenliegen, auf denen Sie sich verw\u00f6hnen lassen kommen herrliches Panorama der Adriank\u00fcste und genie\u00dfen Sie Ihre Abenfe in v\u00f6lliger Freiheit.<\/p>\n<p>Eingerichtet in sanften Farben und zeitgen\u00f6ssischem Design mit modernen Keramikb\u00f6den, vollst\u00e4ndiger Schallisolierung, individuell gew\u00e4hlter Klimaanlage und Verdunkelungsrollos.<\/p>\n","protected":false},"excerpt":{"rendered":"<p>Exklusive Suite Zweizimmerwohnung (28 mq) im erster Stock. Es ist von private Solariumterrassemit Meerblick gekennzeichnet, mit Sonnenschirm, Tisch und Sonnenliegen, auf denen Sie sich verw\u00f6hnen lassen kommen herrliches Panorama der Adriank\u00fcste und genie\u00dfen Sie Ihre Abenfe in v\u00f6lliger Freiheit. Eingerichtet in sanften Farben und zeitgen\u00f6ssischem Design mit modernen Keramikb\u00f6den, vollst\u00e4ndiger Schallisolierung, individuell gew\u00e4hlter Klimaanlage und [&hellip;]<\/p>\n","protected":false},"author":12,"featured_media":64,"parent":546,"menu_order":8,"comment_status":"closed","ping_status":"closed","template":"template-single-room.php","meta":{"footnotes":""},"categories":[],"yoast_head":"<!-- This site is optimized with the Yoast SEO plugin v22.3 - https:\/\/yoast.com\/wordpress\/plugins\/seo\/ -->\n<title>Suite Madreperla - Cavalluccio Marino Hotel &amp; Residence<\/title>\n<meta name=\"description\" content=\"Exklusive Suite Zweizimmerwohnung (28 mq) im erster Stock. Es ist von private Solariumterrassemit Meerblick gekennzeichnet, mit Sonnenschirm, Tisch und Sonnenliegen, auf denen Sie sich verw\u00f6hnen lassen kommen herrliches Panorama der Adriank\u00fcste und genie\u00dfen Sie Ihre Abenfe in v\u00f6lliger Freiheit.  Eingerichtet in sanften Farben und zeitgen\u00f6ssischem Design mit modernen Keramikb\u00f6den, vollst\u00e4ndiger Schallisolierung, individuell gew\u00e4hlter Klimaanlage und Verdunkelungsrollos.\" \/>\n<meta name=\"robots\" content=\"index, follow, max-snippet:-1, max-image-preview:large, max-video-preview:-1\" \/>\n<link rel=\"canonical\" href=\"https:\/\/www.riminihotelcavallucciomarino.it\/de\/apartments-und-suites\/suite-madreperla\/\" \/>\n<meta property=\"og:locale\" content=\"de_DE\" \/>\n<meta property=\"og:type\" content=\"article\" \/>\n<meta property=\"og:title\" content=\"Suite Madreperla - Cavalluccio Marino Hotel &amp; Residence\" \/>\n<meta property=\"og:description\" content=\"Exklusive Suite Zweizimmerwohnung (28 mq) im erster Stock. Es ist von private Solariumterrassemit Meerblick gekennzeichnet, mit Sonnenschirm, Tisch und Sonnenliegen, auf denen Sie sich verw\u00f6hnen lassen kommen herrliches Panorama der Adriank\u00fcste und genie\u00dfen Sie Ihre Abenfe in v\u00f6lliger Freiheit.  Eingerichtet in sanften Farben und zeitgen\u00f6ssischem Design mit modernen Keramikb\u00f6den, vollst\u00e4ndiger Schallisolierung, individuell gew\u00e4hlter Klimaanlage und Verdunkelungsrollos.\" \/>\n<meta property=\"og:url\" content=\"https:\/\/www.riminihotelcavallucciomarino.it\/de\/apartments-und-suites\/suite-madreperla\/\" \/>\n<meta property=\"og:site_name\" content=\"Cavalluccio Marino Hotel &amp; Residence\" \/>\n<meta property=\"article:publisher\" content=\"https:\/\/www.facebook.com\/HotelCavalluccioMarino.Rimini\" \/>\n<meta property=\"article:modified_time\" content=\"2024-03-18T14:49:29+00:00\" \/>\n<meta property=\"og:image\" content=\"https:\/\/www.riminihotelcavallucciomarino.it\/wp-content\/uploads\/sites\/89\/2023\/12\/suite-madreperla-cavalluccio-marino.jpg\" \/>\n\t<meta property=\"og:image:width\" content=\"1200\" \/>\n\t<meta property=\"og:image:height\" content=\"800\" \/>\n\t<meta property=\"og:image:type\" content=\"image\/jpeg\" \/>\n<meta name=\"twitter:card\" content=\"summary_large_image\" \/>\n<script type=\"application\/ld+json\" class=\"yoast-schema-graph\">{\"@context\":\"https:\/\/schema.org\",\"@graph\":[{\"@type\":\"WebPage\",\"@id\":\"https:\/\/www.riminihotelcavallucciomarino.it\/de\/apartments-und-suites\/suite-madreperla\/\",\"url\":\"https:\/\/www.riminihotelcavallucciomarino.it\/de\/apartments-und-suites\/suite-madreperla\/\",\"name\":\"Suite Madreperla - Cavalluccio Marino Hotel & Residence\",\"isPartOf\":{\"@id\":\"https:\/\/www.riminihotelcavallucciomarino.it\/de\/#website\"},\"primaryImageOfPage\":{\"@id\":\"https:\/\/www.riminihotelcavallucciomarino.it\/de\/apartments-und-suites\/suite-madreperla\/#primaryimage\"},\"image\":{\"@id\":\"https:\/\/www.riminihotelcavallucciomarino.it\/de\/apartments-und-suites\/suite-madreperla\/#primaryimage\"},\"thumbnailUrl\":\"https:\/\/www.riminihotelcavallucciomarino.it\/wp-content\/uploads\/sites\/89\/2023\/12\/suite-madreperla-cavalluccio-marino.jpg\",\"datePublished\":\"2023-12-20T16:18:11+00:00\",\"dateModified\":\"2024-03-18T14:49:29+00:00\",\"description\":\"Exklusive Suite Zweizimmerwohnung (28 mq) im erster Stock. Es ist von private Solariumterrassemit Meerblick gekennzeichnet, mit Sonnenschirm, Tisch und Sonnenliegen, auf denen Sie sich verw\u00f6hnen lassen kommen herrliches Panorama der Adriank\u00fcste und genie\u00dfen Sie Ihre Abenfe in v\u00f6lliger Freiheit. Eingerichtet in sanften Farben und zeitgen\u00f6ssischem Design mit modernen Keramikb\u00f6den, vollst\u00e4ndiger Schallisolierung, individuell gew\u00e4hlter Klimaanlage und Verdunkelungsrollos.\",\"breadcrumb\":{\"@id\":\"https:\/\/www.riminihotelcavallucciomarino.it\/de\/apartments-und-suites\/suite-madreperla\/#breadcrumb\"},\"inLanguage\":\"de-DE\",\"potentialAction\":[{\"@type\":\"ReadAction\",\"target\":[\"https:\/\/www.riminihotelcavallucciomarino.it\/de\/apartments-und-suites\/suite-madreperla\/\"]}]},{\"@type\":\"ImageObject\",\"inLanguage\":\"de-DE\",\"@id\":\"https:\/\/www.riminihotelcavallucciomarino.it\/de\/apartments-und-suites\/suite-madreperla\/#primaryimage\",\"url\":\"https:\/\/www.riminihotelcavallucciomarino.it\/wp-content\/uploads\/sites\/89\/2023\/12\/suite-madreperla-cavalluccio-marino.jpg\",\"contentUrl\":\"https:\/\/www.riminihotelcavallucciomarino.it\/wp-content\/uploads\/sites\/89\/2023\/12\/suite-madreperla-cavalluccio-marino.jpg\",\"width\":1200,\"height\":800},{\"@type\":\"BreadcrumbList\",\"@id\":\"https:\/\/www.riminihotelcavallucciomarino.it\/de\/apartments-und-suites\/suite-madreperla\/#breadcrumb\",\"itemListElement\":[{\"@type\":\"ListItem\",\"position\":1,\"name\":\"Home\",\"item\":\"https:\/\/www.riminihotelcavallucciomarino.it\/de\/\"},{\"@type\":\"ListItem\",\"position\":2,\"name\":\"Unterkunft\",\"item\":\"https:\/\/www.riminihotelcavallucciomarino.it\/de\/apartments-und-suites\/\"},{\"@type\":\"ListItem\",\"position\":3,\"name\":\"Suite Madreperla\"}]},{\"@type\":\"WebSite\",\"@id\":\"https:\/\/www.riminihotelcavallucciomarino.it\/de\/#website\",\"url\":\"https:\/\/www.riminihotelcavallucciomarino.it\/de\/\",\"name\":\"Cavalluccio Marino Hotel & Residence\",\"description\":\"\",\"publisher\":{\"@id\":\"https:\/\/www.riminihotelcavallucciomarino.it\/de\/#organization\"},\"potentialAction\":[{\"@type\":\"SearchAction\",\"target\":{\"@type\":\"EntryPoint\",\"urlTemplate\":\"https:\/\/www.riminihotelcavallucciomarino.it\/de\/?s={search_term_string}\"},\"query-input\":\"required name=search_term_string\"}],\"inLanguage\":\"de-DE\"},{\"@type\":\"Organization\",\"@id\":\"https:\/\/www.riminihotelcavallucciomarino.it\/de\/#organization\",\"name\":\"Cavalluccio Marino Hotel & Residence\",\"url\":\"https:\/\/www.riminihotelcavallucciomarino.it\/de\/\",\"logo\":{\"@type\":\"ImageObject\",\"inLanguage\":\"de-DE\",\"@id\":\"https:\/\/www.riminihotelcavallucciomarino.it\/de\/#\/schema\/logo\/image\/\",\"url\":\"https:\/\/cavalluccio-marino.ms2.decms.eu\/wp-content\/uploads\/sites\/89\/2023\/12\/logo-grande-cavalluccio.png\",\"contentUrl\":\"https:\/\/cavalluccio-marino.ms2.decms.eu\/wp-content\/uploads\/sites\/89\/2023\/12\/logo-grande-cavalluccio.png\",\"width\":328,\"height\":167,\"caption\":\"Cavalluccio Marino Hotel & Residence\"},\"image\":{\"@id\":\"https:\/\/www.riminihotelcavallucciomarino.it\/de\/#\/schema\/logo\/image\/\"},\"sameAs\":[\"https:\/\/www.facebook.com\/HotelCavalluccioMarino.Rimini\",\"https:\/\/www.instagram.com\/hotel.cavallucciomarino\/\"]}]}<\/script>\n<!-- \/ Yoast SEO plugin. -->","yoast_head_json":{"title":"Suite Madreperla - Cavalluccio Marino Hotel & Residence","description":"Exklusive Suite Zweizimmerwohnung (28 mq) im erster Stock. Es ist von private Solariumterrassemit Meerblick gekennzeichnet, mit Sonnenschirm, Tisch und Sonnenliegen, auf denen Sie sich verw\u00f6hnen lassen kommen herrliches Panorama der Adriank\u00fcste und genie\u00dfen Sie Ihre Abenfe in v\u00f6lliger Freiheit.  Eingerichtet in sanften Farben und zeitgen\u00f6ssischem Design mit modernen Keramikb\u00f6den, vollst\u00e4ndiger Schallisolierung, individuell gew\u00e4hlter Klimaanlage und Verdunkelungsrollos.","robots":{"index":"index","follow":"follow","max-snippet":"max-snippet:-1","max-image-preview":"max-image-preview:large","max-video-preview":"max-video-preview:-1"},"canonical":"https:\/\/www.riminihotelcavallucciomarino.it\/de\/apartments-und-suites\/suite-madreperla\/","og_locale":"de_DE","og_type":"article","og_title":"Suite Madreperla - Cavalluccio Marino Hotel & Residence","og_description":"Exklusive Suite Zweizimmerwohnung (28 mq) im erster Stock. Es ist von private Solariumterrassemit Meerblick gekennzeichnet, mit Sonnenschirm, Tisch und Sonnenliegen, auf denen Sie sich verw\u00f6hnen lassen kommen herrliches Panorama der Adriank\u00fcste und genie\u00dfen Sie Ihre Abenfe in v\u00f6lliger Freiheit.  Eingerichtet in sanften Farben und zeitgen\u00f6ssischem Design mit modernen Keramikb\u00f6den, vollst\u00e4ndiger Schallisolierung, individuell gew\u00e4hlter Klimaanlage und Verdunkelungsrollos.","og_url":"https:\/\/www.riminihotelcavallucciomarino.it\/de\/apartments-und-suites\/suite-madreperla\/","og_site_name":"Cavalluccio Marino Hotel & Residence","article_publisher":"https:\/\/www.facebook.com\/HotelCavalluccioMarino.Rimini","article_modified_time":"2024-03-18T14:49:29+00:00","og_image":[{"width":1200,"height":800,"url":"https:\/\/www.riminihotelcavallucciomarino.it\/wp-content\/uploads\/sites\/89\/2023\/12\/suite-madreperla-cavalluccio-marino.jpg","type":"image\/jpeg"}],"twitter_card":"summary_large_image","schema":{"@context":"https:\/\/schema.org","@graph":[{"@type":"WebPage","@id":"https:\/\/www.riminihotelcavallucciomarino.it\/de\/apartments-und-suites\/suite-madreperla\/","url":"https:\/\/www.riminihotelcavallucciomarino.it\/de\/apartments-und-suites\/suite-madreperla\/","name":"Suite Madreperla - Cavalluccio Marino Hotel & Residence","isPartOf":{"@id":"https:\/\/www.riminihotelcavallucciomarino.it\/de\/#website"},"primaryImageOfPage":{"@id":"https:\/\/www.riminihotelcavallucciomarino.it\/de\/apartments-und-suites\/suite-madreperla\/#primaryimage"},"image":{"@id":"https:\/\/www.riminihotelcavallucciomarino.it\/de\/apartments-und-suites\/suite-madreperla\/#primaryimage"},"thumbnailUrl":"https:\/\/www.riminihotelcavallucciomarino.it\/wp-content\/uploads\/sites\/89\/2023\/12\/suite-madreperla-cavalluccio-marino.jpg","datePublished":"2023-12-20T16:18:11+00:00","dateModified":"2024-03-18T14:49:29+00:00","description":"Exklusive Suite Zweizimmerwohnung (28 mq) im erster Stock. Es ist von private Solariumterrassemit Meerblick gekennzeichnet, mit Sonnenschirm, Tisch und Sonnenliegen, auf denen Sie sich verw\u00f6hnen lassen kommen herrliches Panorama der Adriank\u00fcste und genie\u00dfen Sie Ihre Abenfe in v\u00f6lliger Freiheit. Eingerichtet in sanften Farben und zeitgen\u00f6ssischem Design mit modernen Keramikb\u00f6den, vollst\u00e4ndiger Schallisolierung, individuell gew\u00e4hlter Klimaanlage und Verdunkelungsrollos.","breadcrumb":{"@id":"https:\/\/www.riminihotelcavallucciomarino.it\/de\/apartments-und-suites\/suite-madreperla\/#breadcrumb"},"inLanguage":"de-DE","potentialAction":[{"@type":"ReadAction","target":["https:\/\/www.riminihotelcavallucciomarino.it\/de\/apartments-und-suites\/suite-madreperla\/"]}]},{"@type":"ImageObject","inLanguage":"de-DE","@id":"https:\/\/www.riminihotelcavallucciomarino.it\/de\/apartments-und-suites\/suite-madreperla\/#primaryimage","url":"https:\/\/www.riminihotelcavallucciomarino.it\/wp-content\/uploads\/sites\/89\/2023\/12\/suite-madreperla-cavalluccio-marino.jpg","contentUrl":"https:\/\/www.riminihotelcavallucciomarino.it\/wp-content\/uploads\/sites\/89\/2023\/12\/suite-madreperla-cavalluccio-marino.jpg","width":1200,"height":800},{"@type":"BreadcrumbList","@id":"https:\/\/www.riminihotelcavallucciomarino.it\/de\/apartments-und-suites\/suite-madreperla\/#breadcrumb","itemListElement":[{"@type":"ListItem","position":1,"name":"Home","item":"https:\/\/www.riminihotelcavallucciomarino.it\/de\/"},{"@type":"ListItem","position":2,"name":"Unterkunft","item":"https:\/\/www.riminihotelcavallucciomarino.it\/de\/apartments-und-suites\/"},{"@type":"ListItem","position":3,"name":"Suite Madreperla"}]},{"@type":"WebSite","@id":"https:\/\/www.riminihotelcavallucciomarino.it\/de\/#website","url":"https:\/\/www.riminihotelcavallucciomarino.it\/de\/","name":"Cavalluccio Marino Hotel & Residence","description":"","publisher":{"@id":"https:\/\/www.riminihotelcavallucciomarino.it\/de\/#organization"},"potentialAction":[{"@type":"SearchAction","target":{"@type":"EntryPoint","urlTemplate":"https:\/\/www.riminihotelcavallucciomarino.it\/de\/?s={search_term_string}"},"query-input":"required name=search_term_string"}],"inLanguage":"de-DE"},{"@type":"Organization","@id":"https:\/\/www.riminihotelcavallucciomarino.it\/de\/#organization","name":"Cavalluccio Marino Hotel & Residence","url":"https:\/\/www.riminihotelcavallucciomarino.it\/de\/","logo":{"@type":"ImageObject","inLanguage":"de-DE","@id":"https:\/\/www.riminihotelcavallucciomarino.it\/de\/#\/schema\/logo\/image\/","url":"https:\/\/cavalluccio-marino.ms2.decms.eu\/wp-content\/uploads\/sites\/89\/2023\/12\/logo-grande-cavalluccio.png","contentUrl":"https:\/\/cavalluccio-marino.ms2.decms.eu\/wp-content\/uploads\/sites\/89\/2023\/12\/logo-grande-cavalluccio.png","width":328,"height":167,"caption":"Cavalluccio Marino Hotel & Residence"},"image":{"@id":"https:\/\/www.riminihotelcavallucciomarino.it\/de\/#\/schema\/logo\/image\/"},"sameAs":["https:\/\/www.facebook.com\/HotelCavalluccioMarino.Rimini","https:\/\/www.instagram.com\/hotel.cavallucciomarino\/"]}]}},"acf":[],"_links":{"self":[{"href":"https:\/\/www.riminihotelcavallucciomarino.it\/de\/wp-json\/wp\/v2\/pages\/585"}],"collection":[{"href":"https:\/\/www.riminihotelcavallucciomarino.it\/de\/wp-json\/wp\/v2\/pages"}],"about":[{"href":"https:\/\/www.riminihotelcavallucciomarino.it\/de\/wp-json\/wp\/v2\/types\/page"}],"author":[{"embeddable":true,"href":"https:\/\/www.riminihotelcavallucciomarino.it\/de\/wp-json\/wp\/v2\/users\/12"}],"replies":[{"embeddable":true,"href":"https:\/\/www.riminihotelcavallucciomarino.it\/de\/wp-json\/wp\/v2\/comments?post=585"}],"version-history":[{"count":0,"href":"https:\/\/www.riminihotelcavallucciomarino.it\/de\/wp-json\/wp\/v2\/pages\/585\/revisions"}],"up":[{"embeddable":true,"href":"https:\/\/www.riminihotelcavallucciomarino.it\/de\/wp-json\/wp\/v2\/pages\/546"}],"wp:featuredmedia":[{"embeddable":true,"href":"https:\/\/www.riminihotelcavallucciomarino.it\/de\/wp-json\/wp\/v2\/media\/64"}],"wp:attachment":[{"href":"https:\/\/www.riminihotelcavallucciomarino.it\/de\/wp-json\/wp\/v2\/media?parent=585"}],"wp:term":[{"taxonomy":"category","embeddable":true,"href":"https:\/\/www.riminihotelcavallucciomarino.it\/de\/wp-json\/wp\/v2\/categories?post=585"}],"curies":[{"name":"wp","href":"https:\/\/api.w.org\/{rel}","templated":true}]}}