{"id":581,"date":"2023-12-20T15:37:19","date_gmt":"2023-12-20T15:37:19","guid":{"rendered":"https:\/\/cavalluccio-marino.ms2.decms.eu\/apartments-suites\/suite-corallo\/"},"modified":"2024-02-28T16:23:07","modified_gmt":"2024-02-28T16:23:07","slug":"suite-corallo","status":"publish","type":"page","link":"https:\/\/www.riminihotelcavallucciomarino.it\/de\/apartments-und-suites\/suite-corallo\/","title":{"rendered":"Suite Corallo"},"content":{"rendered":"<p><strong>Gem\u00fctlich Suite Zweizimmerwohnung<\/strong> (30mq) im erster Stock erreichbar mit Panoramalift, es Terrasse mit Meerblick besitzt, mit <strong>Sonnerschirm, Tisch und St\u00fchle eingerichtet.<\/strong><\/p>\n<p>Fein eingerichtet mit Fu\u00dfb\u00f6den aus Keramik,Schallisoliert, unabh\u00e4ngige Klimatisierung und Verdunkelungsvorh\u00e4nge.<\/p>\n","protected":false},"excerpt":{"rendered":"<p>Gem\u00fctlich Suite Zweizimmerwohnung (30mq) im erster Stock erreichbar mit Panoramalift, es Terrasse mit Meerblick besitzt, mit Sonnerschirm, Tisch und St\u00fchle eingerichtet. Fein eingerichtet mit Fu\u00dfb\u00f6den aus Keramik,Schallisoliert, unabh\u00e4ngige Klimatisierung und Verdunkelungsvorh\u00e4nge.<\/p>\n","protected":false},"author":12,"featured_media":60,"parent":546,"menu_order":7,"comment_status":"closed","ping_status":"closed","template":"template-single-room.php","meta":{"footnotes":""},"categories":[],"class_list":["post-581","page","type-page","status-publish","has-post-thumbnail","hentry"],"yoast_head":"<!-- This site is optimized with the Yoast SEO plugin v27.3 - https:\/\/yoast.com\/product\/yoast-seo-wordpress\/ -->\n<title>Suite Corallo - Cavalluccio Marino Hotel &amp; Residence<\/title>\n<meta name=\"description\" content=\"Gem\u00fctlich Suite Zweizimmerwohnung (30mq) im erster Stock erreichbar mit Panoramalift, es Terrasse mit Meerblick besitzt, mit Sonnerschirm, Tisch und St\u00fchle eingerichtet.  Fein eingerichtet mit Fu\u00dfb\u00f6den aus Keramik,Schallisoliert, unabh\u00e4ngige Klimatisierung und Verdunkelungsvorh\u00e4nge..\" \/>\n<meta name=\"robots\" content=\"index, follow, max-snippet:-1, max-image-preview:large, max-video-preview:-1\" \/>\n<link rel=\"canonical\" href=\"https:\/\/www.riminihotelcavallucciomarino.it\/de\/apartments-und-suites\/suite-corallo\/\" \/>\n<meta property=\"og:locale\" content=\"de_DE\" \/>\n<meta property=\"og:type\" content=\"article\" \/>\n<meta property=\"og:title\" content=\"Suite Corallo - Cavalluccio Marino Hotel &amp; Residence\" \/>\n<meta property=\"og:description\" content=\"Gem\u00fctlich Suite Zweizimmerwohnung (30mq) im erster Stock erreichbar mit Panoramalift, es Terrasse mit Meerblick besitzt, mit Sonnerschirm, Tisch und St\u00fchle eingerichtet.  Fein eingerichtet mit Fu\u00dfb\u00f6den aus Keramik,Schallisoliert, unabh\u00e4ngige Klimatisierung und Verdunkelungsvorh\u00e4nge..\" \/>\n<meta property=\"og:url\" content=\"https:\/\/www.riminihotelcavallucciomarino.it\/de\/apartments-und-suites\/suite-corallo\/\" \/>\n<meta property=\"og:site_name\" content=\"Cavalluccio Marino Hotel &amp; Residence\" \/>\n<meta property=\"article:publisher\" content=\"https:\/\/www.facebook.com\/HotelCavalluccioMarino.Rimini\" \/>\n<meta property=\"article:modified_time\" content=\"2024-02-28T16:23:07+00:00\" \/>\n<meta name=\"twitter:card\" content=\"summary_large_image\" \/>\n<script type=\"application\/ld+json\" class=\"yoast-schema-graph\">{\"@context\":\"https:\\\/\\\/schema.org\",\"@graph\":[{\"@type\":\"WebPage\",\"@id\":\"https:\\\/\\\/www.riminihotelcavallucciomarino.it\\\/de\\\/apartments-und-suites\\\/suite-corallo\\\/\",\"url\":\"https:\\\/\\\/www.riminihotelcavallucciomarino.it\\\/de\\\/apartments-und-suites\\\/suite-corallo\\\/\",\"name\":\"Suite Corallo - Cavalluccio Marino Hotel & Residence\",\"isPartOf\":{\"@id\":\"https:\\\/\\\/www.riminihotelcavallucciomarino.it\\\/de\\\/#website\"},\"primaryImageOfPage\":{\"@id\":\"https:\\\/\\\/www.riminihotelcavallucciomarino.it\\\/de\\\/apartments-und-suites\\\/suite-corallo\\\/#primaryimage\"},\"image\":{\"@id\":\"https:\\\/\\\/www.riminihotelcavallucciomarino.it\\\/de\\\/apartments-und-suites\\\/suite-corallo\\\/#primaryimage\"},\"thumbnailUrl\":\"https:\\\/\\\/www.riminihotelcavallucciomarino.it\\\/wp-content\\\/uploads\\\/sites\\\/89\\\/2023\\\/12\\\/suite-corallo-hotel-torre-pedrera.jpg\",\"datePublished\":\"2023-12-20T15:37:19+00:00\",\"dateModified\":\"2024-02-28T16:23:07+00:00\",\"description\":\"Gem\u00fctlich Suite Zweizimmerwohnung (30mq) im erster Stock erreichbar mit Panoramalift, es Terrasse mit Meerblick besitzt, mit Sonnerschirm, Tisch und St\u00fchle eingerichtet. Fein eingerichtet mit Fu\u00dfb\u00f6den aus Keramik,Schallisoliert, unabh\u00e4ngige Klimatisierung und Verdunkelungsvorh\u00e4nge..\",\"breadcrumb\":{\"@id\":\"https:\\\/\\\/www.riminihotelcavallucciomarino.it\\\/de\\\/apartments-und-suites\\\/suite-corallo\\\/#breadcrumb\"},\"inLanguage\":\"de-DE\",\"potentialAction\":[{\"@type\":\"ReadAction\",\"target\":[\"https:\\\/\\\/www.riminihotelcavallucciomarino.it\\\/de\\\/apartments-und-suites\\\/suite-corallo\\\/\"]}]},{\"@type\":\"ImageObject\",\"inLanguage\":\"de-DE\",\"@id\":\"https:\\\/\\\/www.riminihotelcavallucciomarino.it\\\/de\\\/apartments-und-suites\\\/suite-corallo\\\/#primaryimage\",\"url\":\"https:\\\/\\\/www.riminihotelcavallucciomarino.it\\\/wp-content\\\/uploads\\\/sites\\\/89\\\/2023\\\/12\\\/suite-corallo-hotel-torre-pedrera.jpg\",\"contentUrl\":\"https:\\\/\\\/www.riminihotelcavallucciomarino.it\\\/wp-content\\\/uploads\\\/sites\\\/89\\\/2023\\\/12\\\/suite-corallo-hotel-torre-pedrera.jpg\",\"width\":1200,\"height\":800},{\"@type\":\"BreadcrumbList\",\"@id\":\"https:\\\/\\\/www.riminihotelcavallucciomarino.it\\\/de\\\/apartments-und-suites\\\/suite-corallo\\\/#breadcrumb\",\"itemListElement\":[{\"@type\":\"ListItem\",\"position\":1,\"name\":\"Home\",\"item\":\"https:\\\/\\\/www.riminihotelcavallucciomarino.it\\\/de\\\/\"},{\"@type\":\"ListItem\",\"position\":2,\"name\":\"Unterkunft\",\"item\":\"https:\\\/\\\/www.riminihotelcavallucciomarino.it\\\/de\\\/apartments-und-suites\\\/\"},{\"@type\":\"ListItem\",\"position\":3,\"name\":\"Suite Corallo\"}]},{\"@type\":\"WebSite\",\"@id\":\"https:\\\/\\\/www.riminihotelcavallucciomarino.it\\\/de\\\/#website\",\"url\":\"https:\\\/\\\/www.riminihotelcavallucciomarino.it\\\/de\\\/\",\"name\":\"Cavalluccio Marino Hotel & Residence\",\"description\":\"\",\"publisher\":{\"@id\":\"https:\\\/\\\/www.riminihotelcavallucciomarino.it\\\/de\\\/#organization\"},\"potentialAction\":[{\"@type\":\"SearchAction\",\"target\":{\"@type\":\"EntryPoint\",\"urlTemplate\":\"https:\\\/\\\/www.riminihotelcavallucciomarino.it\\\/de\\\/?s={search_term_string}\"},\"query-input\":{\"@type\":\"PropertyValueSpecification\",\"valueRequired\":true,\"valueName\":\"search_term_string\"}}],\"inLanguage\":\"de-DE\"},{\"@type\":\"Organization\",\"@id\":\"https:\\\/\\\/www.riminihotelcavallucciomarino.it\\\/de\\\/#organization\",\"name\":\"Cavalluccio Marino Hotel & Residence\",\"url\":\"https:\\\/\\\/www.riminihotelcavallucciomarino.it\\\/de\\\/\",\"logo\":{\"@type\":\"ImageObject\",\"inLanguage\":\"de-DE\",\"@id\":\"https:\\\/\\\/www.riminihotelcavallucciomarino.it\\\/de\\\/#\\\/schema\\\/logo\\\/image\\\/\",\"url\":\"https:\\\/\\\/cavalluccio-marino.ms2.decms.eu\\\/wp-content\\\/uploads\\\/sites\\\/89\\\/2023\\\/12\\\/logo-grande-cavalluccio.png\",\"contentUrl\":\"https:\\\/\\\/cavalluccio-marino.ms2.decms.eu\\\/wp-content\\\/uploads\\\/sites\\\/89\\\/2023\\\/12\\\/logo-grande-cavalluccio.png\",\"width\":328,\"height\":167,\"caption\":\"Cavalluccio Marino Hotel & Residence\"},\"image\":{\"@id\":\"https:\\\/\\\/www.riminihotelcavallucciomarino.it\\\/de\\\/#\\\/schema\\\/logo\\\/image\\\/\"},\"sameAs\":[\"https:\\\/\\\/www.facebook.com\\\/HotelCavalluccioMarino.Rimini\",\"https:\\\/\\\/www.instagram.com\\\/hotel.cavallucciomarino\\\/\"]}]}<\/script>\n<!-- \/ Yoast SEO plugin. -->","yoast_head_json":{"title":"Suite Corallo - Cavalluccio Marino Hotel & Residence","description":"Gem\u00fctlich Suite Zweizimmerwohnung (30mq) im erster Stock erreichbar mit Panoramalift, es Terrasse mit Meerblick besitzt, mit Sonnerschirm, Tisch und St\u00fchle eingerichtet.  Fein eingerichtet mit Fu\u00dfb\u00f6den aus Keramik,Schallisoliert, unabh\u00e4ngige Klimatisierung und Verdunkelungsvorh\u00e4nge..","robots":{"index":"index","follow":"follow","max-snippet":"max-snippet:-1","max-image-preview":"max-image-preview:large","max-video-preview":"max-video-preview:-1"},"canonical":"https:\/\/www.riminihotelcavallucciomarino.it\/de\/apartments-und-suites\/suite-corallo\/","og_locale":"de_DE","og_type":"article","og_title":"Suite Corallo - Cavalluccio Marino Hotel & Residence","og_description":"Gem\u00fctlich Suite Zweizimmerwohnung (30mq) im erster Stock erreichbar mit Panoramalift, es Terrasse mit Meerblick besitzt, mit Sonnerschirm, Tisch und St\u00fchle eingerichtet.  Fein eingerichtet mit Fu\u00dfb\u00f6den aus Keramik,Schallisoliert, unabh\u00e4ngige Klimatisierung und Verdunkelungsvorh\u00e4nge..","og_url":"https:\/\/www.riminihotelcavallucciomarino.it\/de\/apartments-und-suites\/suite-corallo\/","og_site_name":"Cavalluccio Marino Hotel & Residence","article_publisher":"https:\/\/www.facebook.com\/HotelCavalluccioMarino.Rimini","article_modified_time":"2024-02-28T16:23:07+00:00","twitter_card":"summary_large_image","schema":{"@context":"https:\/\/schema.org","@graph":[{"@type":"WebPage","@id":"https:\/\/www.riminihotelcavallucciomarino.it\/de\/apartments-und-suites\/suite-corallo\/","url":"https:\/\/www.riminihotelcavallucciomarino.it\/de\/apartments-und-suites\/suite-corallo\/","name":"Suite Corallo - Cavalluccio Marino Hotel & Residence","isPartOf":{"@id":"https:\/\/www.riminihotelcavallucciomarino.it\/de\/#website"},"primaryImageOfPage":{"@id":"https:\/\/www.riminihotelcavallucciomarino.it\/de\/apartments-und-suites\/suite-corallo\/#primaryimage"},"image":{"@id":"https:\/\/www.riminihotelcavallucciomarino.it\/de\/apartments-und-suites\/suite-corallo\/#primaryimage"},"thumbnailUrl":"https:\/\/www.riminihotelcavallucciomarino.it\/wp-content\/uploads\/sites\/89\/2023\/12\/suite-corallo-hotel-torre-pedrera.jpg","datePublished":"2023-12-20T15:37:19+00:00","dateModified":"2024-02-28T16:23:07+00:00","description":"Gem\u00fctlich Suite Zweizimmerwohnung (30mq) im erster Stock erreichbar mit Panoramalift, es Terrasse mit Meerblick besitzt, mit Sonnerschirm, Tisch und St\u00fchle eingerichtet. Fein eingerichtet mit Fu\u00dfb\u00f6den aus Keramik,Schallisoliert, unabh\u00e4ngige Klimatisierung und Verdunkelungsvorh\u00e4nge..","breadcrumb":{"@id":"https:\/\/www.riminihotelcavallucciomarino.it\/de\/apartments-und-suites\/suite-corallo\/#breadcrumb"},"inLanguage":"de-DE","potentialAction":[{"@type":"ReadAction","target":["https:\/\/www.riminihotelcavallucciomarino.it\/de\/apartments-und-suites\/suite-corallo\/"]}]},{"@type":"ImageObject","inLanguage":"de-DE","@id":"https:\/\/www.riminihotelcavallucciomarino.it\/de\/apartments-und-suites\/suite-corallo\/#primaryimage","url":"https:\/\/www.riminihotelcavallucciomarino.it\/wp-content\/uploads\/sites\/89\/2023\/12\/suite-corallo-hotel-torre-pedrera.jpg","contentUrl":"https:\/\/www.riminihotelcavallucciomarino.it\/wp-content\/uploads\/sites\/89\/2023\/12\/suite-corallo-hotel-torre-pedrera.jpg","width":1200,"height":800},{"@type":"BreadcrumbList","@id":"https:\/\/www.riminihotelcavallucciomarino.it\/de\/apartments-und-suites\/suite-corallo\/#breadcrumb","itemListElement":[{"@type":"ListItem","position":1,"name":"Home","item":"https:\/\/www.riminihotelcavallucciomarino.it\/de\/"},{"@type":"ListItem","position":2,"name":"Unterkunft","item":"https:\/\/www.riminihotelcavallucciomarino.it\/de\/apartments-und-suites\/"},{"@type":"ListItem","position":3,"name":"Suite Corallo"}]},{"@type":"WebSite","@id":"https:\/\/www.riminihotelcavallucciomarino.it\/de\/#website","url":"https:\/\/www.riminihotelcavallucciomarino.it\/de\/","name":"Cavalluccio Marino Hotel & Residence","description":"","publisher":{"@id":"https:\/\/www.riminihotelcavallucciomarino.it\/de\/#organization"},"potentialAction":[{"@type":"SearchAction","target":{"@type":"EntryPoint","urlTemplate":"https:\/\/www.riminihotelcavallucciomarino.it\/de\/?s={search_term_string}"},"query-input":{"@type":"PropertyValueSpecification","valueRequired":true,"valueName":"search_term_string"}}],"inLanguage":"de-DE"},{"@type":"Organization","@id":"https:\/\/www.riminihotelcavallucciomarino.it\/de\/#organization","name":"Cavalluccio Marino Hotel & Residence","url":"https:\/\/www.riminihotelcavallucciomarino.it\/de\/","logo":{"@type":"ImageObject","inLanguage":"de-DE","@id":"https:\/\/www.riminihotelcavallucciomarino.it\/de\/#\/schema\/logo\/image\/","url":"https:\/\/cavalluccio-marino.ms2.decms.eu\/wp-content\/uploads\/sites\/89\/2023\/12\/logo-grande-cavalluccio.png","contentUrl":"https:\/\/cavalluccio-marino.ms2.decms.eu\/wp-content\/uploads\/sites\/89\/2023\/12\/logo-grande-cavalluccio.png","width":328,"height":167,"caption":"Cavalluccio Marino Hotel & Residence"},"image":{"@id":"https:\/\/www.riminihotelcavallucciomarino.it\/de\/#\/schema\/logo\/image\/"},"sameAs":["https:\/\/www.facebook.com\/HotelCavalluccioMarino.Rimini","https:\/\/www.instagram.com\/hotel.cavallucciomarino\/"]}]}},"acf":[],"_links":{"self":[{"href":"https:\/\/www.riminihotelcavallucciomarino.it\/de\/wp-json\/wp\/v2\/pages\/581","targetHints":{"allow":["GET"]}}],"collection":[{"href":"https:\/\/www.riminihotelcavallucciomarino.it\/de\/wp-json\/wp\/v2\/pages"}],"about":[{"href":"https:\/\/www.riminihotelcavallucciomarino.it\/de\/wp-json\/wp\/v2\/types\/page"}],"author":[{"embeddable":true,"href":"https:\/\/www.riminihotelcavallucciomarino.it\/de\/wp-json\/wp\/v2\/users\/12"}],"replies":[{"embeddable":true,"href":"https:\/\/www.riminihotelcavallucciomarino.it\/de\/wp-json\/wp\/v2\/comments?post=581"}],"version-history":[{"count":0,"href":"https:\/\/www.riminihotelcavallucciomarino.it\/de\/wp-json\/wp\/v2\/pages\/581\/revisions"}],"up":[{"embeddable":true,"href":"https:\/\/www.riminihotelcavallucciomarino.it\/de\/wp-json\/wp\/v2\/pages\/546"}],"wp:featuredmedia":[{"embeddable":true,"href":"https:\/\/www.riminihotelcavallucciomarino.it\/de\/wp-json\/wp\/v2\/media\/60"}],"wp:attachment":[{"href":"https:\/\/www.riminihotelcavallucciomarino.it\/de\/wp-json\/wp\/v2\/media?parent=581"}],"wp:term":[{"taxonomy":"category","embeddable":true,"href":"https:\/\/www.riminihotelcavallucciomarino.it\/de\/wp-json\/wp\/v2\/categories?post=581"}],"curies":[{"name":"wp","href":"https:\/\/api.w.org\/{rel}","templated":true}]}}