{"id":577,"date":"2023-12-19T15:29:40","date_gmt":"2023-12-19T15:29:40","guid":{"rendered":"https:\/\/cavalluccio-marino.ms2.decms.eu\/apartments-suites\/suite-stellamarina\/"},"modified":"2024-02-28T16:10:25","modified_gmt":"2024-02-28T16:10:25","slug":"suite-stellamarina","status":"publish","type":"page","link":"https:\/\/www.riminihotelcavallucciomarino.it\/de\/apartments-und-suites\/suite-stellamarina\/","title":{"rendered":"Suite Stellamarina"},"content":{"rendered":"<p><strong>Helle Suite Zwizimmerwohnung<\/strong> im Erdgeschoss (32mq) mit den partiell oder lateral Meerblick.Es liegt in der N\u00e4he von dem Strand mit unabh\u00e4ngigem externem und internerem Eingang, mit <strong>modernem M\u00f6beln, Fu\u00dfb\u00f6den aus Keramik, Schallisoliert<\/strong>, unabh\u00e4ngige Klimatisierung, Verdunkelungsvorh\u00e4nge und eine Terrasse mit dem Meerblick, eingerichtet. Die Terasse ist gemeinsam.<\/p>\n","protected":false},"excerpt":{"rendered":"<p>Helle Suite Zwizimmerwohnung im Erdgeschoss (32mq) mit den partiell oder lateral Meerblick.Es liegt in der N\u00e4he von dem Strand mit unabh\u00e4ngigem externem und internerem Eingang, mit modernem M\u00f6beln, Fu\u00dfb\u00f6den aus Keramik, Schallisoliert, unabh\u00e4ngige Klimatisierung, Verdunkelungsvorh\u00e4nge und eine Terrasse mit dem Meerblick, eingerichtet. Die Terasse ist gemeinsam.<\/p>\n","protected":false},"author":12,"featured_media":48,"parent":546,"menu_order":6,"comment_status":"closed","ping_status":"closed","template":"template-single-room.php","meta":{"footnotes":""},"categories":[],"class_list":["post-577","page","type-page","status-publish","has-post-thumbnail","hentry"],"yoast_head":"<!-- This site is optimized with the Yoast SEO plugin v27.3 - https:\/\/yoast.com\/product\/yoast-seo-wordpress\/ -->\n<title>Suite Stellamarina - Cavalluccio Marino Hotel &amp; Residence<\/title>\n<meta name=\"description\" content=\"Helle Suite Zwizimmerwohnung im Erdgeschoss (32mq) mit den partiell oder lateral Meerblick.Es liegt in der N\u00e4he von dem Strand mit unabh\u00e4ngigem externem und internerem Eingang, mit modernem M\u00f6beln, Fu\u00dfb\u00f6den aus Keramik, Schallisoliert, unabh\u00e4ngige Klimatisierung, Verdunkelungsvorh\u00e4nge und eine Terrasse mit dem Meerblick, eingerichtet. Die Terasse ist gemeinsam.\" \/>\n<meta name=\"robots\" content=\"index, follow, max-snippet:-1, max-image-preview:large, max-video-preview:-1\" \/>\n<link rel=\"canonical\" href=\"https:\/\/www.riminihotelcavallucciomarino.it\/de\/apartments-und-suites\/suite-stellamarina\/\" \/>\n<meta property=\"og:locale\" content=\"de_DE\" \/>\n<meta property=\"og:type\" content=\"article\" \/>\n<meta property=\"og:title\" content=\"Suite Stellamarina - Cavalluccio Marino Hotel &amp; Residence\" \/>\n<meta property=\"og:description\" content=\"Helle Suite Zwizimmerwohnung im Erdgeschoss (32mq) mit den partiell oder lateral Meerblick.Es liegt in der N\u00e4he von dem Strand mit unabh\u00e4ngigem externem und internerem Eingang, mit modernem M\u00f6beln, Fu\u00dfb\u00f6den aus Keramik, Schallisoliert, unabh\u00e4ngige Klimatisierung, Verdunkelungsvorh\u00e4nge und eine Terrasse mit dem Meerblick, eingerichtet. Die Terasse ist gemeinsam.\" \/>\n<meta property=\"og:url\" content=\"https:\/\/www.riminihotelcavallucciomarino.it\/de\/apartments-und-suites\/suite-stellamarina\/\" \/>\n<meta property=\"og:site_name\" content=\"Cavalluccio Marino Hotel &amp; Residence\" \/>\n<meta property=\"article:publisher\" content=\"https:\/\/www.facebook.com\/HotelCavalluccioMarino.Rimini\" \/>\n<meta property=\"article:modified_time\" content=\"2024-02-28T16:10:25+00:00\" \/>\n<meta name=\"twitter:card\" content=\"summary_large_image\" \/>\n<script type=\"application\/ld+json\" class=\"yoast-schema-graph\">{\"@context\":\"https:\\\/\\\/schema.org\",\"@graph\":[{\"@type\":\"WebPage\",\"@id\":\"https:\\\/\\\/www.riminihotelcavallucciomarino.it\\\/de\\\/apartments-und-suites\\\/suite-stellamarina\\\/\",\"url\":\"https:\\\/\\\/www.riminihotelcavallucciomarino.it\\\/de\\\/apartments-und-suites\\\/suite-stellamarina\\\/\",\"name\":\"Suite Stellamarina - Cavalluccio Marino Hotel & Residence\",\"isPartOf\":{\"@id\":\"https:\\\/\\\/www.riminihotelcavallucciomarino.it\\\/de\\\/#website\"},\"primaryImageOfPage\":{\"@id\":\"https:\\\/\\\/www.riminihotelcavallucciomarino.it\\\/de\\\/apartments-und-suites\\\/suite-stellamarina\\\/#primaryimage\"},\"image\":{\"@id\":\"https:\\\/\\\/www.riminihotelcavallucciomarino.it\\\/de\\\/apartments-und-suites\\\/suite-stellamarina\\\/#primaryimage\"},\"thumbnailUrl\":\"https:\\\/\\\/www.riminihotelcavallucciomarino.it\\\/wp-content\\\/uploads\\\/sites\\\/89\\\/2023\\\/12\\\/suite-corallo-camera-cavalluccio-marino.jpg\",\"datePublished\":\"2023-12-19T15:29:40+00:00\",\"dateModified\":\"2024-02-28T16:10:25+00:00\",\"description\":\"Helle Suite Zwizimmerwohnung im Erdgeschoss (32mq) mit den partiell oder lateral Meerblick.Es liegt in der N\u00e4he von dem Strand mit unabh\u00e4ngigem externem und internerem Eingang, mit modernem M\u00f6beln, Fu\u00dfb\u00f6den aus Keramik, Schallisoliert, unabh\u00e4ngige Klimatisierung, Verdunkelungsvorh\u00e4nge und eine Terrasse mit dem Meerblick, eingerichtet. Die Terasse ist gemeinsam.\",\"breadcrumb\":{\"@id\":\"https:\\\/\\\/www.riminihotelcavallucciomarino.it\\\/de\\\/apartments-und-suites\\\/suite-stellamarina\\\/#breadcrumb\"},\"inLanguage\":\"de-DE\",\"potentialAction\":[{\"@type\":\"ReadAction\",\"target\":[\"https:\\\/\\\/www.riminihotelcavallucciomarino.it\\\/de\\\/apartments-und-suites\\\/suite-stellamarina\\\/\"]}]},{\"@type\":\"ImageObject\",\"inLanguage\":\"de-DE\",\"@id\":\"https:\\\/\\\/www.riminihotelcavallucciomarino.it\\\/de\\\/apartments-und-suites\\\/suite-stellamarina\\\/#primaryimage\",\"url\":\"https:\\\/\\\/www.riminihotelcavallucciomarino.it\\\/wp-content\\\/uploads\\\/sites\\\/89\\\/2023\\\/12\\\/suite-corallo-camera-cavalluccio-marino.jpg\",\"contentUrl\":\"https:\\\/\\\/www.riminihotelcavallucciomarino.it\\\/wp-content\\\/uploads\\\/sites\\\/89\\\/2023\\\/12\\\/suite-corallo-camera-cavalluccio-marino.jpg\",\"width\":1200,\"height\":800},{\"@type\":\"BreadcrumbList\",\"@id\":\"https:\\\/\\\/www.riminihotelcavallucciomarino.it\\\/de\\\/apartments-und-suites\\\/suite-stellamarina\\\/#breadcrumb\",\"itemListElement\":[{\"@type\":\"ListItem\",\"position\":1,\"name\":\"Home\",\"item\":\"https:\\\/\\\/www.riminihotelcavallucciomarino.it\\\/de\\\/\"},{\"@type\":\"ListItem\",\"position\":2,\"name\":\"Unterkunft\",\"item\":\"https:\\\/\\\/www.riminihotelcavallucciomarino.it\\\/de\\\/apartments-und-suites\\\/\"},{\"@type\":\"ListItem\",\"position\":3,\"name\":\"Suite Stellamarina\"}]},{\"@type\":\"WebSite\",\"@id\":\"https:\\\/\\\/www.riminihotelcavallucciomarino.it\\\/de\\\/#website\",\"url\":\"https:\\\/\\\/www.riminihotelcavallucciomarino.it\\\/de\\\/\",\"name\":\"Cavalluccio Marino Hotel & Residence\",\"description\":\"\",\"publisher\":{\"@id\":\"https:\\\/\\\/www.riminihotelcavallucciomarino.it\\\/de\\\/#organization\"},\"potentialAction\":[{\"@type\":\"SearchAction\",\"target\":{\"@type\":\"EntryPoint\",\"urlTemplate\":\"https:\\\/\\\/www.riminihotelcavallucciomarino.it\\\/de\\\/?s={search_term_string}\"},\"query-input\":{\"@type\":\"PropertyValueSpecification\",\"valueRequired\":true,\"valueName\":\"search_term_string\"}}],\"inLanguage\":\"de-DE\"},{\"@type\":\"Organization\",\"@id\":\"https:\\\/\\\/www.riminihotelcavallucciomarino.it\\\/de\\\/#organization\",\"name\":\"Cavalluccio Marino Hotel & Residence\",\"url\":\"https:\\\/\\\/www.riminihotelcavallucciomarino.it\\\/de\\\/\",\"logo\":{\"@type\":\"ImageObject\",\"inLanguage\":\"de-DE\",\"@id\":\"https:\\\/\\\/www.riminihotelcavallucciomarino.it\\\/de\\\/#\\\/schema\\\/logo\\\/image\\\/\",\"url\":\"https:\\\/\\\/cavalluccio-marino.ms2.decms.eu\\\/wp-content\\\/uploads\\\/sites\\\/89\\\/2023\\\/12\\\/logo-grande-cavalluccio.png\",\"contentUrl\":\"https:\\\/\\\/cavalluccio-marino.ms2.decms.eu\\\/wp-content\\\/uploads\\\/sites\\\/89\\\/2023\\\/12\\\/logo-grande-cavalluccio.png\",\"width\":328,\"height\":167,\"caption\":\"Cavalluccio Marino Hotel & Residence\"},\"image\":{\"@id\":\"https:\\\/\\\/www.riminihotelcavallucciomarino.it\\\/de\\\/#\\\/schema\\\/logo\\\/image\\\/\"},\"sameAs\":[\"https:\\\/\\\/www.facebook.com\\\/HotelCavalluccioMarino.Rimini\",\"https:\\\/\\\/www.instagram.com\\\/hotel.cavallucciomarino\\\/\"]}]}<\/script>\n<!-- \/ Yoast SEO plugin. -->","yoast_head_json":{"title":"Suite Stellamarina - Cavalluccio Marino Hotel & Residence","description":"Helle Suite Zwizimmerwohnung im Erdgeschoss (32mq) mit den partiell oder lateral Meerblick.Es liegt in der N\u00e4he von dem Strand mit unabh\u00e4ngigem externem und internerem Eingang, mit modernem M\u00f6beln, Fu\u00dfb\u00f6den aus Keramik, Schallisoliert, unabh\u00e4ngige Klimatisierung, Verdunkelungsvorh\u00e4nge und eine Terrasse mit dem Meerblick, eingerichtet. Die Terasse ist gemeinsam.","robots":{"index":"index","follow":"follow","max-snippet":"max-snippet:-1","max-image-preview":"max-image-preview:large","max-video-preview":"max-video-preview:-1"},"canonical":"https:\/\/www.riminihotelcavallucciomarino.it\/de\/apartments-und-suites\/suite-stellamarina\/","og_locale":"de_DE","og_type":"article","og_title":"Suite Stellamarina - Cavalluccio Marino Hotel & Residence","og_description":"Helle Suite Zwizimmerwohnung im Erdgeschoss (32mq) mit den partiell oder lateral Meerblick.Es liegt in der N\u00e4he von dem Strand mit unabh\u00e4ngigem externem und internerem Eingang, mit modernem M\u00f6beln, Fu\u00dfb\u00f6den aus Keramik, Schallisoliert, unabh\u00e4ngige Klimatisierung, Verdunkelungsvorh\u00e4nge und eine Terrasse mit dem Meerblick, eingerichtet. Die Terasse ist gemeinsam.","og_url":"https:\/\/www.riminihotelcavallucciomarino.it\/de\/apartments-und-suites\/suite-stellamarina\/","og_site_name":"Cavalluccio Marino Hotel & Residence","article_publisher":"https:\/\/www.facebook.com\/HotelCavalluccioMarino.Rimini","article_modified_time":"2024-02-28T16:10:25+00:00","twitter_card":"summary_large_image","schema":{"@context":"https:\/\/schema.org","@graph":[{"@type":"WebPage","@id":"https:\/\/www.riminihotelcavallucciomarino.it\/de\/apartments-und-suites\/suite-stellamarina\/","url":"https:\/\/www.riminihotelcavallucciomarino.it\/de\/apartments-und-suites\/suite-stellamarina\/","name":"Suite Stellamarina - Cavalluccio Marino Hotel & Residence","isPartOf":{"@id":"https:\/\/www.riminihotelcavallucciomarino.it\/de\/#website"},"primaryImageOfPage":{"@id":"https:\/\/www.riminihotelcavallucciomarino.it\/de\/apartments-und-suites\/suite-stellamarina\/#primaryimage"},"image":{"@id":"https:\/\/www.riminihotelcavallucciomarino.it\/de\/apartments-und-suites\/suite-stellamarina\/#primaryimage"},"thumbnailUrl":"https:\/\/www.riminihotelcavallucciomarino.it\/wp-content\/uploads\/sites\/89\/2023\/12\/suite-corallo-camera-cavalluccio-marino.jpg","datePublished":"2023-12-19T15:29:40+00:00","dateModified":"2024-02-28T16:10:25+00:00","description":"Helle Suite Zwizimmerwohnung im Erdgeschoss (32mq) mit den partiell oder lateral Meerblick.Es liegt in der N\u00e4he von dem Strand mit unabh\u00e4ngigem externem und internerem Eingang, mit modernem M\u00f6beln, Fu\u00dfb\u00f6den aus Keramik, Schallisoliert, unabh\u00e4ngige Klimatisierung, Verdunkelungsvorh\u00e4nge und eine Terrasse mit dem Meerblick, eingerichtet. Die Terasse ist gemeinsam.","breadcrumb":{"@id":"https:\/\/www.riminihotelcavallucciomarino.it\/de\/apartments-und-suites\/suite-stellamarina\/#breadcrumb"},"inLanguage":"de-DE","potentialAction":[{"@type":"ReadAction","target":["https:\/\/www.riminihotelcavallucciomarino.it\/de\/apartments-und-suites\/suite-stellamarina\/"]}]},{"@type":"ImageObject","inLanguage":"de-DE","@id":"https:\/\/www.riminihotelcavallucciomarino.it\/de\/apartments-und-suites\/suite-stellamarina\/#primaryimage","url":"https:\/\/www.riminihotelcavallucciomarino.it\/wp-content\/uploads\/sites\/89\/2023\/12\/suite-corallo-camera-cavalluccio-marino.jpg","contentUrl":"https:\/\/www.riminihotelcavallucciomarino.it\/wp-content\/uploads\/sites\/89\/2023\/12\/suite-corallo-camera-cavalluccio-marino.jpg","width":1200,"height":800},{"@type":"BreadcrumbList","@id":"https:\/\/www.riminihotelcavallucciomarino.it\/de\/apartments-und-suites\/suite-stellamarina\/#breadcrumb","itemListElement":[{"@type":"ListItem","position":1,"name":"Home","item":"https:\/\/www.riminihotelcavallucciomarino.it\/de\/"},{"@type":"ListItem","position":2,"name":"Unterkunft","item":"https:\/\/www.riminihotelcavallucciomarino.it\/de\/apartments-und-suites\/"},{"@type":"ListItem","position":3,"name":"Suite Stellamarina"}]},{"@type":"WebSite","@id":"https:\/\/www.riminihotelcavallucciomarino.it\/de\/#website","url":"https:\/\/www.riminihotelcavallucciomarino.it\/de\/","name":"Cavalluccio Marino Hotel & Residence","description":"","publisher":{"@id":"https:\/\/www.riminihotelcavallucciomarino.it\/de\/#organization"},"potentialAction":[{"@type":"SearchAction","target":{"@type":"EntryPoint","urlTemplate":"https:\/\/www.riminihotelcavallucciomarino.it\/de\/?s={search_term_string}"},"query-input":{"@type":"PropertyValueSpecification","valueRequired":true,"valueName":"search_term_string"}}],"inLanguage":"de-DE"},{"@type":"Organization","@id":"https:\/\/www.riminihotelcavallucciomarino.it\/de\/#organization","name":"Cavalluccio Marino Hotel & Residence","url":"https:\/\/www.riminihotelcavallucciomarino.it\/de\/","logo":{"@type":"ImageObject","inLanguage":"de-DE","@id":"https:\/\/www.riminihotelcavallucciomarino.it\/de\/#\/schema\/logo\/image\/","url":"https:\/\/cavalluccio-marino.ms2.decms.eu\/wp-content\/uploads\/sites\/89\/2023\/12\/logo-grande-cavalluccio.png","contentUrl":"https:\/\/cavalluccio-marino.ms2.decms.eu\/wp-content\/uploads\/sites\/89\/2023\/12\/logo-grande-cavalluccio.png","width":328,"height":167,"caption":"Cavalluccio Marino Hotel & Residence"},"image":{"@id":"https:\/\/www.riminihotelcavallucciomarino.it\/de\/#\/schema\/logo\/image\/"},"sameAs":["https:\/\/www.facebook.com\/HotelCavalluccioMarino.Rimini","https:\/\/www.instagram.com\/hotel.cavallucciomarino\/"]}]}},"acf":[],"_links":{"self":[{"href":"https:\/\/www.riminihotelcavallucciomarino.it\/de\/wp-json\/wp\/v2\/pages\/577","targetHints":{"allow":["GET"]}}],"collection":[{"href":"https:\/\/www.riminihotelcavallucciomarino.it\/de\/wp-json\/wp\/v2\/pages"}],"about":[{"href":"https:\/\/www.riminihotelcavallucciomarino.it\/de\/wp-json\/wp\/v2\/types\/page"}],"author":[{"embeddable":true,"href":"https:\/\/www.riminihotelcavallucciomarino.it\/de\/wp-json\/wp\/v2\/users\/12"}],"replies":[{"embeddable":true,"href":"https:\/\/www.riminihotelcavallucciomarino.it\/de\/wp-json\/wp\/v2\/comments?post=577"}],"version-history":[{"count":0,"href":"https:\/\/www.riminihotelcavallucciomarino.it\/de\/wp-json\/wp\/v2\/pages\/577\/revisions"}],"up":[{"embeddable":true,"href":"https:\/\/www.riminihotelcavallucciomarino.it\/de\/wp-json\/wp\/v2\/pages\/546"}],"wp:featuredmedia":[{"embeddable":true,"href":"https:\/\/www.riminihotelcavallucciomarino.it\/de\/wp-json\/wp\/v2\/media\/48"}],"wp:attachment":[{"href":"https:\/\/www.riminihotelcavallucciomarino.it\/de\/wp-json\/wp\/v2\/media?parent=577"}],"wp:term":[{"taxonomy":"category","embeddable":true,"href":"https:\/\/www.riminihotelcavallucciomarino.it\/de\/wp-json\/wp\/v2\/categories?post=577"}],"curies":[{"name":"wp","href":"https:\/\/api.w.org\/{rel}","templated":true}]}}