{"id":567,"date":"2024-01-02T15:34:02","date_gmt":"2024-01-02T15:34:02","guid":{"rendered":"https:\/\/cavalluccio-marino.ms2.decms.eu\/formule-soggiorno\/"},"modified":"2024-02-28T14:37:06","modified_gmt":"2024-02-28T14:37:06","slug":"formeln-aufenthalt","status":"publish","type":"page","link":"https:\/\/www.riminihotelcavallucciomarino.it\/de\/formeln-aufenthalt\/","title":{"rendered":"Formeln aufenthalt"},"content":{"rendered":"<p><strong>Urlaub ist Freiheit&#8230; w\u00e4hlen Sie die Art des Aufenthalts, die Ihren Bed\u00fcrfnissen am besten entspricht:<\/strong><\/p>\n<p>Die <strong>Residenz-Formel<\/strong>, die es Ihnen erm\u00f6glicht, Ihren Urlaub in einem mit allen Annehmlichkeiten ausgestattete Wohnung in v\u00f6lliger Freiheit.<\/p>\n<p>Die <strong>Bed &amp; Breakfast-Formel<\/strong>, um Ihre Sommer- oder Winterurlaubstage in absoluter Entspannung zu verbringen und sich von jeglichem t\u00e4glichen Stress zu verabschieden.<\/p>\n<p><strong>W\u00e4hrend der Wintermonate bietet<\/strong> das ApartHotel Cavalluccio Marino die M\u00f6glichkeit von w\u00f6chentlichen, monatlichen und Langzeitvermietungen in <strong>Residenzen sowie Aufenthalte in Kooperation mit Rehabilitationskliniken<\/strong>, auch ideal <strong>f\u00fcr Arbeitnehmer<\/strong>.<\/p>\n<p>W\u00e4hlen Sie unter diesen L\u00f6sungen die f\u00fcr Sie am besten geeignete aus und buchen Sie Ihren Aufenthalt im ApartHotel Cavalluccio Marino online oder telefonisch.<\/p>\n","protected":false},"excerpt":{"rendered":"<p>Urlaub ist Freiheit&#8230; w\u00e4hlen Sie die Art des Aufenthalts, die Ihren Bed\u00fcrfnissen am besten entspricht: Die Residenz-Formel, die es Ihnen erm\u00f6glicht, Ihren Urlaub in einem mit allen Annehmlichkeiten ausgestattete Wohnung in v\u00f6lliger Freiheit. Die Bed &amp; Breakfast-Formel, um Ihre Sommer- oder Winterurlaubstage in absoluter Entspannung zu verbringen und sich von jeglichem t\u00e4glichen Stress zu verabschieden. [&hellip;]<\/p>\n","protected":false},"author":12,"featured_media":0,"parent":0,"menu_order":40,"comment_status":"closed","ping_status":"closed","template":"template-default-3.php","meta":{"footnotes":""},"categories":[],"yoast_head":"<!-- This site is optimized with the Yoast SEO plugin v22.3 - https:\/\/yoast.com\/wordpress\/plugins\/seo\/ -->\n<title>Formeln aufenthalt - Cavalluccio Marino Hotel &amp; Residence<\/title>\n<meta name=\"description\" content=\"Urlaub ist Freiheit... w\u00e4hlen Sie die Art des Aufenthalts, die Ihren Bed\u00fcrfnissen am besten entspricht:  Die Residenz-Formel, die es Ihnen erm\u00f6glicht, Ihren Urlaub in einem mit allen Annehmlichkeiten ausgestattete Wohnung in v\u00f6lliger Freiheit.  Die Bed &amp; Breakfast-Formel, um Ihre Sommer- oder Winterurlaubstage in absoluter Entspannung zu verbringen und sich von jeglichem t\u00e4glichen Stress zu verabschieden.  W\u00e4hrend der Wintermonate bietet das ApartHotel Cavalluccio Marino die M\u00f6glichkeit von w\u00f6chentlichen, monatlichen und Langzeitvermietungen in Residenzen sowie Aufenthalte in Kooperation mit Rehabilitationskliniken, auch ideal f\u00fcr Arbeitnehmer.  W\u00e4hlen Sie unter diesen L\u00f6sungen die f\u00fcr Sie am besten geeignete aus und buchen Sie Ihren Aufenthalt im ApartHotel Cavalluccio Marino online oder telefonisch.\" \/>\n<meta name=\"robots\" content=\"index, follow, max-snippet:-1, max-image-preview:large, max-video-preview:-1\" \/>\n<link rel=\"canonical\" href=\"https:\/\/www.riminihotelcavallucciomarino.it\/de\/formeln-aufenthalt\/\" \/>\n<meta property=\"og:locale\" content=\"de_DE\" \/>\n<meta property=\"og:type\" content=\"article\" \/>\n<meta property=\"og:title\" content=\"Formeln aufenthalt - Cavalluccio Marino Hotel &amp; Residence\" \/>\n<meta property=\"og:description\" content=\"Urlaub ist Freiheit... w\u00e4hlen Sie die Art des Aufenthalts, die Ihren Bed\u00fcrfnissen am besten entspricht:  Die Residenz-Formel, die es Ihnen erm\u00f6glicht, Ihren Urlaub in einem mit allen Annehmlichkeiten ausgestattete Wohnung in v\u00f6lliger Freiheit.  Die Bed &amp; Breakfast-Formel, um Ihre Sommer- oder Winterurlaubstage in absoluter Entspannung zu verbringen und sich von jeglichem t\u00e4glichen Stress zu verabschieden.  W\u00e4hrend der Wintermonate bietet das ApartHotel Cavalluccio Marino die M\u00f6glichkeit von w\u00f6chentlichen, monatlichen und Langzeitvermietungen in Residenzen sowie Aufenthalte in Kooperation mit Rehabilitationskliniken, auch ideal f\u00fcr Arbeitnehmer.  W\u00e4hlen Sie unter diesen L\u00f6sungen die f\u00fcr Sie am besten geeignete aus und buchen Sie Ihren Aufenthalt im ApartHotel Cavalluccio Marino online oder telefonisch.\" \/>\n<meta property=\"og:url\" content=\"https:\/\/www.riminihotelcavallucciomarino.it\/de\/formeln-aufenthalt\/\" \/>\n<meta property=\"og:site_name\" content=\"Cavalluccio Marino Hotel &amp; Residence\" \/>\n<meta property=\"article:publisher\" content=\"https:\/\/www.facebook.com\/HotelCavalluccioMarino.Rimini\" \/>\n<meta property=\"article:modified_time\" content=\"2024-02-28T14:37:06+00:00\" \/>\n<meta name=\"twitter:card\" content=\"summary_large_image\" \/>\n<meta name=\"twitter:label1\" content=\"Gesch\u00e4tzte Lesezeit\" \/>\n\t<meta name=\"twitter:data1\" content=\"1 Minute\" \/>\n<script type=\"application\/ld+json\" class=\"yoast-schema-graph\">{\"@context\":\"https:\/\/schema.org\",\"@graph\":[{\"@type\":\"WebPage\",\"@id\":\"https:\/\/www.riminihotelcavallucciomarino.it\/de\/formeln-aufenthalt\/\",\"url\":\"https:\/\/www.riminihotelcavallucciomarino.it\/de\/formeln-aufenthalt\/\",\"name\":\"Formeln aufenthalt - Cavalluccio Marino Hotel & Residence\",\"isPartOf\":{\"@id\":\"https:\/\/www.riminihotelcavallucciomarino.it\/de\/#website\"},\"datePublished\":\"2024-01-02T15:34:02+00:00\",\"dateModified\":\"2024-02-28T14:37:06+00:00\",\"description\":\"Urlaub ist Freiheit... w\u00e4hlen Sie die Art des Aufenthalts, die Ihren Bed\u00fcrfnissen am besten entspricht: Die Residenz-Formel, die es Ihnen erm\u00f6glicht, Ihren Urlaub in einem mit allen Annehmlichkeiten ausgestattete Wohnung in v\u00f6lliger Freiheit. Die Bed &amp; Breakfast-Formel, um Ihre Sommer- oder Winterurlaubstage in absoluter Entspannung zu verbringen und sich von jeglichem t\u00e4glichen Stress zu verabschieden. W\u00e4hrend der Wintermonate bietet das ApartHotel Cavalluccio Marino die M\u00f6glichkeit von w\u00f6chentlichen, monatlichen und Langzeitvermietungen in Residenzen sowie Aufenthalte in Kooperation mit Rehabilitationskliniken, auch ideal f\u00fcr Arbeitnehmer. W\u00e4hlen Sie unter diesen L\u00f6sungen die f\u00fcr Sie am besten geeignete aus und buchen Sie Ihren Aufenthalt im ApartHotel Cavalluccio Marino online oder telefonisch.\",\"breadcrumb\":{\"@id\":\"https:\/\/www.riminihotelcavallucciomarino.it\/de\/formeln-aufenthalt\/#breadcrumb\"},\"inLanguage\":\"de-DE\",\"potentialAction\":[{\"@type\":\"ReadAction\",\"target\":[\"https:\/\/www.riminihotelcavallucciomarino.it\/de\/formeln-aufenthalt\/\"]}]},{\"@type\":\"BreadcrumbList\",\"@id\":\"https:\/\/www.riminihotelcavallucciomarino.it\/de\/formeln-aufenthalt\/#breadcrumb\",\"itemListElement\":[{\"@type\":\"ListItem\",\"position\":1,\"name\":\"Home\",\"item\":\"https:\/\/www.riminihotelcavallucciomarino.it\/de\/\"},{\"@type\":\"ListItem\",\"position\":2,\"name\":\"Formeln aufenthalt\"}]},{\"@type\":\"WebSite\",\"@id\":\"https:\/\/www.riminihotelcavallucciomarino.it\/de\/#website\",\"url\":\"https:\/\/www.riminihotelcavallucciomarino.it\/de\/\",\"name\":\"Cavalluccio Marino Hotel & Residence\",\"description\":\"\",\"publisher\":{\"@id\":\"https:\/\/www.riminihotelcavallucciomarino.it\/de\/#organization\"},\"potentialAction\":[{\"@type\":\"SearchAction\",\"target\":{\"@type\":\"EntryPoint\",\"urlTemplate\":\"https:\/\/www.riminihotelcavallucciomarino.it\/de\/?s={search_term_string}\"},\"query-input\":\"required name=search_term_string\"}],\"inLanguage\":\"de-DE\"},{\"@type\":\"Organization\",\"@id\":\"https:\/\/www.riminihotelcavallucciomarino.it\/de\/#organization\",\"name\":\"Cavalluccio Marino Hotel & Residence\",\"url\":\"https:\/\/www.riminihotelcavallucciomarino.it\/de\/\",\"logo\":{\"@type\":\"ImageObject\",\"inLanguage\":\"de-DE\",\"@id\":\"https:\/\/www.riminihotelcavallucciomarino.it\/de\/#\/schema\/logo\/image\/\",\"url\":\"https:\/\/cavalluccio-marino.ms2.decms.eu\/wp-content\/uploads\/sites\/89\/2023\/12\/logo-grande-cavalluccio.png\",\"contentUrl\":\"https:\/\/cavalluccio-marino.ms2.decms.eu\/wp-content\/uploads\/sites\/89\/2023\/12\/logo-grande-cavalluccio.png\",\"width\":328,\"height\":167,\"caption\":\"Cavalluccio Marino Hotel & Residence\"},\"image\":{\"@id\":\"https:\/\/www.riminihotelcavallucciomarino.it\/de\/#\/schema\/logo\/image\/\"},\"sameAs\":[\"https:\/\/www.facebook.com\/HotelCavalluccioMarino.Rimini\",\"https:\/\/www.instagram.com\/hotel.cavallucciomarino\/\"]}]}<\/script>\n<!-- \/ Yoast SEO plugin. -->","yoast_head_json":{"title":"Formeln aufenthalt - Cavalluccio Marino Hotel & Residence","description":"Urlaub ist Freiheit... w\u00e4hlen Sie die Art des Aufenthalts, die Ihren Bed\u00fcrfnissen am besten entspricht:  Die Residenz-Formel, die es Ihnen erm\u00f6glicht, Ihren Urlaub in einem mit allen Annehmlichkeiten ausgestattete Wohnung in v\u00f6lliger Freiheit.  Die Bed &amp; Breakfast-Formel, um Ihre Sommer- oder Winterurlaubstage in absoluter Entspannung zu verbringen und sich von jeglichem t\u00e4glichen Stress zu verabschieden.  W\u00e4hrend der Wintermonate bietet das ApartHotel Cavalluccio Marino die M\u00f6glichkeit von w\u00f6chentlichen, monatlichen und Langzeitvermietungen in Residenzen sowie Aufenthalte in Kooperation mit Rehabilitationskliniken, auch ideal f\u00fcr Arbeitnehmer.  W\u00e4hlen Sie unter diesen L\u00f6sungen die f\u00fcr Sie am besten geeignete aus und buchen Sie Ihren Aufenthalt im ApartHotel Cavalluccio Marino online oder telefonisch.","robots":{"index":"index","follow":"follow","max-snippet":"max-snippet:-1","max-image-preview":"max-image-preview:large","max-video-preview":"max-video-preview:-1"},"canonical":"https:\/\/www.riminihotelcavallucciomarino.it\/de\/formeln-aufenthalt\/","og_locale":"de_DE","og_type":"article","og_title":"Formeln aufenthalt - Cavalluccio Marino Hotel & Residence","og_description":"Urlaub ist Freiheit... w\u00e4hlen Sie die Art des Aufenthalts, die Ihren Bed\u00fcrfnissen am besten entspricht:  Die Residenz-Formel, die es Ihnen erm\u00f6glicht, Ihren Urlaub in einem mit allen Annehmlichkeiten ausgestattete Wohnung in v\u00f6lliger Freiheit.  Die Bed &amp; Breakfast-Formel, um Ihre Sommer- oder Winterurlaubstage in absoluter Entspannung zu verbringen und sich von jeglichem t\u00e4glichen Stress zu verabschieden.  W\u00e4hrend der Wintermonate bietet das ApartHotel Cavalluccio Marino die M\u00f6glichkeit von w\u00f6chentlichen, monatlichen und Langzeitvermietungen in Residenzen sowie Aufenthalte in Kooperation mit Rehabilitationskliniken, auch ideal f\u00fcr Arbeitnehmer.  W\u00e4hlen Sie unter diesen L\u00f6sungen die f\u00fcr Sie am besten geeignete aus und buchen Sie Ihren Aufenthalt im ApartHotel Cavalluccio Marino online oder telefonisch.","og_url":"https:\/\/www.riminihotelcavallucciomarino.it\/de\/formeln-aufenthalt\/","og_site_name":"Cavalluccio Marino Hotel & Residence","article_publisher":"https:\/\/www.facebook.com\/HotelCavalluccioMarino.Rimini","article_modified_time":"2024-02-28T14:37:06+00:00","twitter_card":"summary_large_image","twitter_misc":{"Gesch\u00e4tzte Lesezeit":"1 Minute"},"schema":{"@context":"https:\/\/schema.org","@graph":[{"@type":"WebPage","@id":"https:\/\/www.riminihotelcavallucciomarino.it\/de\/formeln-aufenthalt\/","url":"https:\/\/www.riminihotelcavallucciomarino.it\/de\/formeln-aufenthalt\/","name":"Formeln aufenthalt - Cavalluccio Marino Hotel & Residence","isPartOf":{"@id":"https:\/\/www.riminihotelcavallucciomarino.it\/de\/#website"},"datePublished":"2024-01-02T15:34:02+00:00","dateModified":"2024-02-28T14:37:06+00:00","description":"Urlaub ist Freiheit... w\u00e4hlen Sie die Art des Aufenthalts, die Ihren Bed\u00fcrfnissen am besten entspricht: Die Residenz-Formel, die es Ihnen erm\u00f6glicht, Ihren Urlaub in einem mit allen Annehmlichkeiten ausgestattete Wohnung in v\u00f6lliger Freiheit. Die Bed &amp; Breakfast-Formel, um Ihre Sommer- oder Winterurlaubstage in absoluter Entspannung zu verbringen und sich von jeglichem t\u00e4glichen Stress zu verabschieden. W\u00e4hrend der Wintermonate bietet das ApartHotel Cavalluccio Marino die M\u00f6glichkeit von w\u00f6chentlichen, monatlichen und Langzeitvermietungen in Residenzen sowie Aufenthalte in Kooperation mit Rehabilitationskliniken, auch ideal f\u00fcr Arbeitnehmer. W\u00e4hlen Sie unter diesen L\u00f6sungen die f\u00fcr Sie am besten geeignete aus und buchen Sie Ihren Aufenthalt im ApartHotel Cavalluccio Marino online oder telefonisch.","breadcrumb":{"@id":"https:\/\/www.riminihotelcavallucciomarino.it\/de\/formeln-aufenthalt\/#breadcrumb"},"inLanguage":"de-DE","potentialAction":[{"@type":"ReadAction","target":["https:\/\/www.riminihotelcavallucciomarino.it\/de\/formeln-aufenthalt\/"]}]},{"@type":"BreadcrumbList","@id":"https:\/\/www.riminihotelcavallucciomarino.it\/de\/formeln-aufenthalt\/#breadcrumb","itemListElement":[{"@type":"ListItem","position":1,"name":"Home","item":"https:\/\/www.riminihotelcavallucciomarino.it\/de\/"},{"@type":"ListItem","position":2,"name":"Formeln aufenthalt"}]},{"@type":"WebSite","@id":"https:\/\/www.riminihotelcavallucciomarino.it\/de\/#website","url":"https:\/\/www.riminihotelcavallucciomarino.it\/de\/","name":"Cavalluccio Marino Hotel & Residence","description":"","publisher":{"@id":"https:\/\/www.riminihotelcavallucciomarino.it\/de\/#organization"},"potentialAction":[{"@type":"SearchAction","target":{"@type":"EntryPoint","urlTemplate":"https:\/\/www.riminihotelcavallucciomarino.it\/de\/?s={search_term_string}"},"query-input":"required name=search_term_string"}],"inLanguage":"de-DE"},{"@type":"Organization","@id":"https:\/\/www.riminihotelcavallucciomarino.it\/de\/#organization","name":"Cavalluccio Marino Hotel & Residence","url":"https:\/\/www.riminihotelcavallucciomarino.it\/de\/","logo":{"@type":"ImageObject","inLanguage":"de-DE","@id":"https:\/\/www.riminihotelcavallucciomarino.it\/de\/#\/schema\/logo\/image\/","url":"https:\/\/cavalluccio-marino.ms2.decms.eu\/wp-content\/uploads\/sites\/89\/2023\/12\/logo-grande-cavalluccio.png","contentUrl":"https:\/\/cavalluccio-marino.ms2.decms.eu\/wp-content\/uploads\/sites\/89\/2023\/12\/logo-grande-cavalluccio.png","width":328,"height":167,"caption":"Cavalluccio Marino Hotel & Residence"},"image":{"@id":"https:\/\/www.riminihotelcavallucciomarino.it\/de\/#\/schema\/logo\/image\/"},"sameAs":["https:\/\/www.facebook.com\/HotelCavalluccioMarino.Rimini","https:\/\/www.instagram.com\/hotel.cavallucciomarino\/"]}]}},"acf":[],"_links":{"self":[{"href":"https:\/\/www.riminihotelcavallucciomarino.it\/de\/wp-json\/wp\/v2\/pages\/567"}],"collection":[{"href":"https:\/\/www.riminihotelcavallucciomarino.it\/de\/wp-json\/wp\/v2\/pages"}],"about":[{"href":"https:\/\/www.riminihotelcavallucciomarino.it\/de\/wp-json\/wp\/v2\/types\/page"}],"author":[{"embeddable":true,"href":"https:\/\/www.riminihotelcavallucciomarino.it\/de\/wp-json\/wp\/v2\/users\/12"}],"replies":[{"embeddable":true,"href":"https:\/\/www.riminihotelcavallucciomarino.it\/de\/wp-json\/wp\/v2\/comments?post=567"}],"version-history":[{"count":0,"href":"https:\/\/www.riminihotelcavallucciomarino.it\/de\/wp-json\/wp\/v2\/pages\/567\/revisions"}],"wp:attachment":[{"href":"https:\/\/www.riminihotelcavallucciomarino.it\/de\/wp-json\/wp\/v2\/media?parent=567"}],"wp:term":[{"taxonomy":"category","embeddable":true,"href":"https:\/\/www.riminihotelcavallucciomarino.it\/de\/wp-json\/wp\/v2\/categories?post=567"}],"curies":[{"name":"wp","href":"https:\/\/api.w.org\/{rel}","templated":true}]}}